{"id":31,"date":"2022-08-25T05:54:11","date_gmt":"2022-08-25T05:54:11","guid":{"rendered":"https:\/\/weblearnbd.net\/wp\/collax\/?page_id=31"},"modified":"2026-04-15T11:58:50","modified_gmt":"2026-04-15T09:58:50","slug":"sobre-nosotros2","status":"publish","type":"page","link":"https:\/\/www.electrosur.es\/en\/sobre-nosotros2\/","title":{"rendered":"sobre nosotros 2"},"content":{"rendered":"<div data-elementor-type=\"wp-page\" data-elementor-id=\"31\" class=\"elementor elementor-31\" data-elementor-post-type=\"page\">\n\t\t\t\t<div class=\"elementor-element elementor-element-58a7bdf e-con-full e-flex e-con e-parent\" data-id=\"58a7bdf\" data-element_type=\"container\" data-settings=\"{&quot;background_background&quot;:&quot;classic&quot;,&quot;position&quot;:&quot;fixed&quot;}\">\n\t\t\t\t<\/div>\n\t\t\t\t<section class=\"elementor-section elementor-top-section elementor-element elementor-element-757e534 elementor-section-full_width elementor-section-height-default elementor-section-height-default\" data-id=\"757e534\" data-element_type=\"section\">\n\t\t\t\t\t\t<div class=\"elementor-container elementor-column-gap-no\">\n\t\t\t\t\t<div class=\"elementor-column elementor-col-100 elementor-top-column elementor-element elementor-element-c05793f\" data-id=\"c05793f\" data-element_type=\"column\">\n\t\t\t<div class=\"elementor-widget-wrap elementor-element-populated\">\n\t\t\t\t\t\t<div class=\"elementor-element elementor-element-ca2f5f4 elementor-widget elementor-widget-tp-heading\" data-id=\"ca2f5f4\" data-element_type=\"widget\" data-widget_type=\"tp-heading.default\">\n\t\t\t\t<div class=\"elementor-widget-container\">\n\t\t\t\r\n\r\n<div class=\"container\">\r\n    <div class=\"row\">\r\n        <div class=\"col-xxl-12\">\r\n            <div class=\"tp-section-title\">\r\n\r\n                                    <h5 class=\"tp-subtitle tp-el-subtitle\">About Us<\/h5>\r\n                \r\n                <h2 class=\"tp-title tp-el-title\">Montajes e Instalaciones Industriales desde 1997<\/h2>\r\n                \r\n            <\/div>\r\n        <\/div>\r\n    <\/div>\r\n<\/div>\r\n\r\n\t\t<\/div>\n\t\t\t\t<\/div>\n\t\t\t\t<div class=\"elementor-element elementor-element-ea5c0ab elementor-widget elementor-widget-processing\" data-id=\"ea5c0ab\" data-element_type=\"widget\" data-widget_type=\"processing.default\">\n\t\t\t\t<div class=\"elementor-widget-container\">\n\t\t\t\r\n\r\n\r\n<div class=\"ac-feature-area ele-section\">\r\n    <div class=\"container\">\r\n        <div class=\"ac-feature-border-top\">\r\n            <div class=\"row\">\r\n\r\n                \r\n                                <div class=\"col-xl-3 col-lg-3 col-md-6 col-12\">\r\n                    <div class=\"acfeature mb-50 tpfadeUp elementor-repeater-item-89ec252\">\r\n                        <div class=\"ac-circle\"><\/div>\r\n                        <div class=\"acfeature__item\">\r\n\r\n                                                        <h3 class=\"ac-feature-sm-title ele-title\">\r\n                                                                Asesoramiento  especializado                                                            <\/h3>\r\n                            \r\n                                                        <p class=\"ele-description\">Orientaci\u00f3n experta y soluciones adaptadas a las necesidades espec\u00edficas del sector industrial<\/p>\r\n                            \r\n                        <\/div>\r\n                    <\/div>\r\n                <\/div>\r\n                                <div class=\"col-xl-3 col-lg-3 col-md-6 col-12\">\r\n                    <div class=\"acfeature mb-50 tpfadeUp elementor-repeater-item-98b4c11\">\r\n                        <div class=\"ac-circle\"><\/div>\r\n                        <div class=\"acfeature__item\">\r\n\r\n                                                        <h3 class=\"ac-feature-sm-title ele-title\">\r\n                                                                Trato personalizado                                                            <\/h3>\r\n                            \r\n                                                        <p class=\"ele-description\">Nos comprometemos a brindar un servicio cercano y profesional, stableciendo relaciones s\u00f3lidas y de confianza con cada cliente.<\/p>\r\n                            \r\n                        <\/div>\r\n                    <\/div>\r\n                <\/div>\r\n                                <div class=\"col-xl-3 col-lg-3 col-md-6 col-12\">\r\n                    <div class=\"acfeature mb-50 tpfadeUp elementor-repeater-item-47a9a8b\">\r\n                        <div class=\"ac-circle\"><\/div>\r\n                        <div class=\"acfeature__item\">\r\n\r\n                                                        <h3 class=\"ac-feature-sm-title ele-title\">\r\n                                                                 Soluciones innovadoras                                                            <\/h3>\r\n                            \r\n                                                        <p class=\"ele-description\">Buscamos constantemente nuevas tecnolog\u00edas para ofrecer soluciones actualizadas<\/p>\r\n                            \r\n                        <\/div>\r\n                    <\/div>\r\n                <\/div>\r\n                                <div class=\"col-xl-3 col-lg-3 col-md-6 col-12\">\r\n                    <div class=\"acfeature mb-50 tpfadeUp elementor-repeater-item-e85d882\">\r\n                        <div class=\"ac-circle\"><\/div>\r\n                        <div class=\"acfeature__item\">\r\n\r\n                                                        <h3 class=\"ac-feature-sm-title ele-title\">\r\n                                                                Excelencia en el servicio al cliente                                                            <\/h3>\r\n                            \r\n                                                        <p class=\"ele-description\">Estamos comprometidos con la atenci\u00f3n al detalle del cliente en cada proyecto<\/p>\r\n                            \r\n                        <\/div>\r\n                    <\/div>\r\n                <\/div>\r\n                \r\n            <\/div>\r\n        <\/div>\r\n    <\/div>\r\n<\/div>\r\n\r\n        \r\n        \t\t<\/div>\n\t\t\t\t<\/div>\n\t\t\t\t\t<\/div>\n\t\t<\/div>\n\t\t\t\t\t<\/div>\n\t\t<\/section>\n\t\t\t\t<section class=\"elementor-section elementor-top-section elementor-element elementor-element-1bdd317 elementor-section-full_width elementor-section-height-default elementor-section-height-default\" data-id=\"1bdd317\" data-element_type=\"section\" data-settings=\"{&quot;background_background&quot;:&quot;classic&quot;}\">\n\t\t\t\t\t\t<div class=\"elementor-container elementor-column-gap-extended\">\n\t\t\t\t\t<div class=\"elementor-column elementor-col-100 elementor-top-column elementor-element elementor-element-935eaa4\" data-id=\"935eaa4\" data-element_type=\"column\">\n\t\t\t<div class=\"elementor-widget-wrap elementor-element-populated\">\n\t\t\t\t\t\t<section class=\"elementor-section elementor-inner-section elementor-element elementor-element-3f7afba elementor-section-full_width elementor-section-height-min-height elementor-section-height-default\" data-id=\"3f7afba\" data-element_type=\"section\">\n\t\t\t\t\t\t<div class=\"elementor-container elementor-column-gap-custom\">\n\t\t\t\t\t<div class=\"elementor-column elementor-col-100 elementor-inner-column elementor-element elementor-element-82dc40a\" data-id=\"82dc40a\" data-element_type=\"column\">\n\t\t\t<div class=\"elementor-widget-wrap elementor-element-populated\">\n\t\t\t\t\t\t<div class=\"elementor-element elementor-element-8a2ccf9 elementor-widget-mobile__width-initial elementor-widget-tablet__width-initial elementor-widget elementor-widget-about-info\" data-id=\"8a2ccf9\" data-element_type=\"widget\" data-widget_type=\"about-info.default\">\n\t\t\t\t<div class=\"elementor-widget-container\">\n\t\t\t\r\n\r\n\r\n<div class=\"ac-about-content-area ele-section\">\r\n    <div class=\"container\">\r\n        <div class=\"ac-border-bottom ac-bottom-space\">\r\n            <div class=\"row\">\r\n                <div class=\"col-xl-6 col-lg-6 wow tpfadeLeft\" data-wow-duration=\".3s\" data-wow-delay=\".5s\">\r\n                    <div class=\"ac-about-left\">\r\n                        <h2 class=\"ac-ab-title ele-heading\"><a href=\"#\">Asesoramiento t\u00e9cnico personalizado para el sector industrial<\/a><\/h2>                              \r\n                                            <\/div>\r\n                <\/div>\r\n                <div class=\"col-xl- col-lg-6 wow tpfadeRight\" data-wow-duration=\".5s\" data-wow-delay=\".7s\">\r\n                    <div class=\"ac-about-right\">\r\n                                                    <p class=\"ele-description\">Desde 1997, en Electrosur nos enorgullecemos de ofrecer un servicio de asesoramiento t\u00e9cnico altamente especializado y personalizado para satisfacer las necesidades del sector industrial. Con un enfoque detallado y una atenci\u00f3n personalizada en cada proyecto, nos dedicamos a proporcionar soluciones innovadoras y actualizadas que aprovechan al m\u00e1ximo las oportunidades de instalaciones nuevas y actualizaciones..\n                         .<\/p><\/p>\r\n                                            <\/div>\r\n                <\/div>\r\n            <\/div>\r\n        <\/div>\r\n    <\/div>\r\n<\/div>\r\n\r\n\r\n\t\t<\/div>\n\t\t\t\t<\/div>\n\t\t\t\t\t<\/div>\n\t\t<\/div>\n\t\t\t\t\t<\/div>\n\t\t<\/section>\n\t\t\t\t<section class=\"elementor-section elementor-inner-section elementor-element elementor-element-fa8d2d6 elementor-section-boxed elementor-section-height-default elementor-section-height-default\" data-id=\"fa8d2d6\" data-element_type=\"section\">\n\t\t\t\t\t\t<div class=\"elementor-container elementor-column-gap-default\">\n\t\t\t\t\t<div class=\"elementor-column elementor-col-100 elementor-inner-column elementor-element elementor-element-b18c555\" data-id=\"b18c555\" data-element_type=\"column\">\n\t\t\t<div class=\"elementor-widget-wrap elementor-element-populated\">\n\t\t\t\t\t\t<div class=\"elementor-element elementor-element-e27eae8 elementor-widget elementor-widget-services\" data-id=\"e27eae8\" data-element_type=\"widget\" data-widget_type=\"services.default\">\n\t\t\t\t<div class=\"elementor-widget-container\">\n\t\t\t\r\n\r\n\r\n<div class=\"tp-service-area pt-190 pb-100 grey-bg p-relative fix ele-section\">\r\n\r\n    \r\n    <div class=\"container\">\r\n        <div class=\"row\">\r\n\r\n            <div class=\"col-lg-6 col-md-12 col-12\">\r\n\r\n                                <div class=\"tp-service-section-box mb-30 wow tpfadeUp\"\r\n                data-wow-duration=\"0.3s\"\r\n                data-wow-delay=\"0.6s\">\r\n                \r\n                                        <h5 class=\"tp-subtitle pb-10 ele-subtitle\">\r\n                        About Us                    <\/h5>\r\n                                        <h2 class=\"tp-title ele-heading\">Electrosur Montajes e Instalaciones Industriales S.L.<\/h2>                    \r\n                    \r\n                <\/div>\r\n            <\/div>\r\n\r\n                        <div class=\"col-lg-6 col-md-12 col-12\">\r\n\r\n                                    <div class=\"tp-sv-box\">\r\n                        \r\n                    <div class=\"tp-service-item d-flex mb-30\">\r\n\r\n\r\n                                                                        \r\n                        <div class=\"tp-sv-content pl-60\">\r\n\r\n                                                        <h3 class=\"tp-sv-title mb-35 ele-repeater-title\">\r\n                                                                LA EMPRESA CUENTA CON DOS FILIALES:                                                            <\/h3>\r\n                            \r\n                                                        <p class=\"ele-repeater-des\"><strong>ELECTROSUR CEUTA, S.L.<\/strong>\n<br>\nCIF: B-51010759\n<br>\nAmpliaci\u00f3n Muelle de la Puntilla, n\u00famero 107\n<br>\n51002 CEUTA\n<br>\n<br>\n<strong>ELECTROSUR, MONTAJES E INSTALACIONES INDUSTRIALES, S.L.<\/strong>\n<br>\nAvd. Del Estrecho, Parcela 9.8, nave 4.\n<br>\nApartado de correo 456\n<br>\n11204 ALGECIRAS (C\u00c1DIZ)                            <\/p>\r\n                            \r\n                                                    <\/div>\r\n                    <\/div>\r\n                <\/div>\r\n            <\/div>\r\n                        <div class=\"col-lg-6 col-md-12 col-12\">\r\n\r\n                                <div class=\"tp-sv-box  wow tpfadeUp\" data-wow-duration=\"0.3s\" data-wow-delay=\"0.6s\">\r\n                    \r\n                    <div class=\"tp-service-item d-flex mb-30\">\r\n\r\n\r\n                                                                        \r\n                        <div class=\"tp-sv-content pl-60\">\r\n\r\n                                                        <h3 class=\"tp-sv-title mb-35 ele-repeater-title\">\r\n                                                                Calificaci\u00f3n Empresarial como Contratista de Obras del Estado                                                            <\/h3>\r\n                            \r\n                                                        <p class=\"ele-repeater-des\">Nuestra empresa ha sido reconocida por el Ministerio de Econom\u00eda y Hacienda con una calificaci\u00f3n destacada en los grupos I, 01-05-06- 07-08-09 J, 04-05.                            <\/p>\r\n                            \r\n                                                    <\/div>\r\n                    <\/div>\r\n                <\/div>\r\n            <\/div>\r\n                        <div class=\"col-lg-6 col-md-12 col-12\">\r\n\r\n                                <div class=\"tp-sv-box  wow tpfadeUp\" data-wow-duration=\"0.3s\" data-wow-delay=\"0.6s\">\r\n                    \r\n                    <div class=\"tp-service-item d-flex mb-30\">\r\n\r\n\r\n                                                                        \r\n                        <div class=\"tp-sv-content pl-60\">\r\n\r\n                                                        <h3 class=\"tp-sv-title mb-35 ele-repeater-title\">\r\n                                                                Cursos de Formaci\u00f3n en Trabajos en Tensi\u00f3n y Agente de Descargo y Maniobra                                                            <\/h3>\r\n                            \r\n                                                        <p class=\"ele-repeater-des\"><p>Cursos de formaci\u00f3n emitidos por el Plan de Formaci\u00f3n de Fundaci\u00f3n Metal e impartidos por ATC3, para 15 trabajadores de la empresa:<\/p>\n\n<ul>\n        <li>Trabajos en Tensi\u00f3n L\u00edneas A\u00e9reas de BT I<\/li>\n        <li>Trabajos en Tensi\u00f3n L\u00edneas A\u00e9reas de BT I<\/li>\n        <li>Agente de Descargo y Maniobra<\/li>\n    <\/ul>                            <\/p>\r\n                            \r\n                                                    <\/div>\r\n                    <\/div>\r\n                <\/div>\r\n            <\/div>\r\n                        <div class=\"col-lg-6 col-md-12 col-12\">\r\n\r\n                                <div class=\"tp-sv-box  wow tpfadeUp\" data-wow-duration=\"0.3s\" data-wow-delay=\"0.6s\">\r\n                    \r\n                    <div class=\"tp-service-item d-flex mb-30\">\r\n\r\n\r\n                                                                        \r\n                        <div class=\"tp-sv-content pl-60\">\r\n\r\n                                                        <h3 class=\"tp-sv-title mb-35 ele-repeater-title\">\r\n                                                                Instrumentaci\u00f3n Reglamentaria                                                            <\/h3>\r\n                            \r\n                                                        <p class=\"ele-repeater-des\"><p>La instrumentaci\u00f3n con la que cuenta la empresa es la requerida por el Reglamento Electrot\u00e9cnico de Baja Tensi\u00f3n 2002, para ser la empresa Instalador Autorizado:<\/p>\n<ul>\n<li>Electrosur, Montajes e Instalaciones Industriales, S.L., Instalador Autorizado no 11\/152<\/li>\n<li>Electrosur Ceuta, S.L., Instalador Autorizado no 51\/0403-C<\/li><\/ul>                            <\/p>\r\n                            \r\n                                                    <\/div>\r\n                    <\/div>\r\n                <\/div>\r\n            <\/div>\r\n                    <\/div>\r\n    <\/div>\r\n<\/div>\r\n\r\n\r\n\t\t<\/div>\n\t\t\t\t<\/div>\n\t\t\t\t\t<\/div>\n\t\t<\/div>\n\t\t\t\t\t<\/div>\n\t\t<\/section>\n\t\t\t\t\t<\/div>\n\t\t<\/div>\n\t\t\t\t\t<\/div>\n\t\t<\/section>\n\t\t\t\t<\/div>","protected":false},"excerpt":{"rendered":"<p>Sobre Nosotros Montajes e Instalaciones Industriales desde 1997 Asesoramiento especializado Orientaci\u00f3n experta y soluciones adaptadas a las necesidades espec\u00edficas del sector industrial Trato personalizado Nos comprometemos a brindar un servicio cercano y profesional, stableciendo relaciones s\u00f3lidas y de confianza con cada cliente. Soluciones innovadoras Buscamos constantemente nuevas tecnolog\u00edas para ofrecer soluciones actualizadas Excelencia en el [&hellip;]<\/p>\n","protected":false},"author":1,"featured_media":5288,"parent":0,"menu_order":0,"comment_status":"closed","ping_status":"closed","template":"elementor_header_footer","meta":{"_acf_changed":false,"footnotes":""},"acf":[],"aioseo_notices":[],"_links":{"self":[{"href":"https:\/\/www.electrosur.es\/en\/wp-json\/wp\/v2\/pages\/31"}],"collection":[{"href":"https:\/\/www.electrosur.es\/en\/wp-json\/wp\/v2\/pages"}],"about":[{"href":"https:\/\/www.electrosur.es\/en\/wp-json\/wp\/v2\/types\/page"}],"author":[{"embeddable":true,"href":"https:\/\/www.electrosur.es\/en\/wp-json\/wp\/v2\/users\/1"}],"replies":[{"embeddable":true,"href":"https:\/\/www.electrosur.es\/en\/wp-json\/wp\/v2\/comments?post=31"}],"version-history":[{"count":6,"href":"https:\/\/www.electrosur.es\/en\/wp-json\/wp\/v2\/pages\/31\/revisions"}],"predecessor-version":[{"id":6527,"href":"https:\/\/www.electrosur.es\/en\/wp-json\/wp\/v2\/pages\/31\/revisions\/6527"}],"wp:featuredmedia":[{"embeddable":true,"href":"https:\/\/www.electrosur.es\/en\/wp-json\/wp\/v2\/media\/5288"}],"wp:attachment":[{"href":"https:\/\/www.electrosur.es\/en\/wp-json\/wp\/v2\/media?parent=31"}],"curies":[{"name":"wp","href":"https:\/\/api.w.org\/{rel}","templated":true}]}}