{"id":5304,"date":"2024-04-30T13:36:05","date_gmt":"2024-04-30T11:36:05","guid":{"rendered":"https:\/\/www.electrosur.es\/?page_id=5304"},"modified":"2025-01-20T13:38:15","modified_gmt":"2025-01-20T12:38:15","slug":"baja-tension","status":"publish","type":"page","link":"https:\/\/www.electrosur.es\/en\/baja-tension\/","title":{"rendered":"Baja Tensi\u00f3n"},"content":{"rendered":"\t\t<div data-elementor-type=\"wp-page\" data-elementor-id=\"5304\" class=\"elementor elementor-5304\" data-elementor-post-type=\"page\">\n\t\t\t\t\t\t<section class=\"elementor-section elementor-top-section elementor-element elementor-element-164f0d0 elementor-section-full_width elementor-section-height-default elementor-section-height-default\" data-id=\"164f0d0\" data-element_type=\"section\" data-settings=\"{&quot;background_background&quot;:&quot;classic&quot;}\">\n\t\t\t\t\t\t<div class=\"elementor-container elementor-column-gap-no\">\n\t\t\t\t\t<div class=\"elementor-column elementor-col-100 elementor-top-column elementor-element elementor-element-1ff06a3\" data-id=\"1ff06a3\" data-element_type=\"column\" data-settings=\"{&quot;background_background&quot;:&quot;classic&quot;}\">\n\t\t\t<div class=\"elementor-widget-wrap elementor-element-populated\">\n\t\t\t\t<div class=\"elementor-element elementor-element-ef54646 e-flex e-con-boxed e-con e-child\" data-id=\"ef54646\" data-element_type=\"container\" data-settings=\"{&quot;background_background&quot;:&quot;classic&quot;,&quot;position&quot;:&quot;fixed&quot;}\">\n\t\t\t\t\t<div class=\"e-con-inner\">\n\t\t\t\t\t<\/div>\n\t\t\t\t<\/div>\n\t\t<div class=\"elementor-element elementor-element-02c58cd e-flex e-con-boxed e-con e-parent\" data-id=\"02c58cd\" data-element_type=\"container\">\n\t\t\t\t\t<div class=\"e-con-inner\">\n\t\t\t\t<div class=\"elementor-element elementor-element-384684c elementor-widget__width-initial elementor-widget elementor-widget-heading\" data-id=\"384684c\" data-element_type=\"widget\" data-widget_type=\"heading.default\">\n\t\t\t\t<div class=\"elementor-widget-container\">\n\t\t\t<style>\/*! elementor - v3.21.0 - 18-04-2024 *\/\n.elementor-heading-title{padding:0;margin:0;line-height:1}.elementor-widget-heading .elementor-heading-title[class*=elementor-size-]>a{color:inherit;font-size:inherit;line-height:inherit}.elementor-widget-heading .elementor-heading-title.elementor-size-small{font-size:15px}.elementor-widget-heading .elementor-heading-title.elementor-size-medium{font-size:19px}.elementor-widget-heading .elementor-heading-title.elementor-size-large{font-size:29px}.elementor-widget-heading .elementor-heading-title.elementor-size-xl{font-size:39px}.elementor-widget-heading .elementor-heading-title.elementor-size-xxl{font-size:59px}<\/style><h2 class=\"elementor-heading-title elementor-size-default\">BAJA TENSI\u00d3N<\/h2>\t\t<\/div>\n\t\t\t\t<\/div>\n\t\t\t\t\t<\/div>\n\t\t\t\t<\/div>\n\t\t\t\t<section class=\"elementor-section elementor-inner-section elementor-element elementor-element-86c8664 elementor-section-full_width elementor-section-height-default elementor-section-height-default\" data-id=\"86c8664\" data-element_type=\"section\" data-settings=\"{&quot;background_background&quot;:&quot;classic&quot;}\">\n\t\t\t\t\t\t<div class=\"elementor-container elementor-column-gap-default\">\n\t\t\t\t\t<div class=\"elementor-column elementor-col-100 elementor-inner-column elementor-element elementor-element-70f7bf0\" data-id=\"70f7bf0\" data-element_type=\"column\">\n\t\t\t<div class=\"elementor-widget-wrap elementor-element-populated\">\n\t\t\t\t<div class=\"elementor-element elementor-element-57d0db4 e-flex e-con-boxed e-con e-parent\" data-id=\"57d0db4\" data-element_type=\"container\">\n\t\t\t\t\t<div class=\"e-con-inner\">\n\t\t<div class=\"elementor-element elementor-element-1c759c7 e-flex e-con-boxed e-con e-child\" data-id=\"1c759c7\" data-element_type=\"container\">\n\t\t\t\t\t<div class=\"e-con-inner\">\n\t\t\t\t<div class=\"elementor-element elementor-element-b97f7be elementor-position-top elementor-widget elementor-widget-image-box\" data-id=\"b97f7be\" data-element_type=\"widget\" data-widget_type=\"image-box.default\">\n\t\t\t\t<div class=\"elementor-widget-container\">\n\t\t\t<style>\/*! elementor - v3.21.0 - 18-04-2024 *\/\n.elementor-widget-image-box .elementor-image-box-content{width:100%}@media (min-width:768px){.elementor-widget-image-box.elementor-position-left .elementor-image-box-wrapper,.elementor-widget-image-box.elementor-position-right .elementor-image-box-wrapper{display:flex}.elementor-widget-image-box.elementor-position-right .elementor-image-box-wrapper{text-align:end;flex-direction:row-reverse}.elementor-widget-image-box.elementor-position-left .elementor-image-box-wrapper{text-align:start;flex-direction:row}.elementor-widget-image-box.elementor-position-top .elementor-image-box-img{margin:auto}.elementor-widget-image-box.elementor-vertical-align-top .elementor-image-box-wrapper{align-items:flex-start}.elementor-widget-image-box.elementor-vertical-align-middle .elementor-image-box-wrapper{align-items:center}.elementor-widget-image-box.elementor-vertical-align-bottom .elementor-image-box-wrapper{align-items:flex-end}}@media (max-width:767px){.elementor-widget-image-box .elementor-image-box-img{margin-left:auto!important;margin-right:auto!important;margin-bottom:15px}}.elementor-widget-image-box .elementor-image-box-img{display:inline-block}.elementor-widget-image-box .elementor-image-box-title a{color:inherit}.elementor-widget-image-box .elementor-image-box-wrapper{text-align:center}.elementor-widget-image-box .elementor-image-box-description{margin:0}<\/style><div class=\"elementor-image-box-wrapper\"><figure class=\"elementor-image-box-img\"><img fetchpriority=\"high\" decoding=\"async\" width=\"2560\" height=\"1707\" src=\"https:\/\/www.electrosur.es\/wp-content\/uploads\/2025\/01\/electrician-finishing-electric-fusebox-board-insta-2023-11-27-05-04-25-utc-scaled.jpeg\" class=\"attachment-full size-full wp-image-6200\" alt=\"\" srcset=\"https:\/\/www.electrosur.es\/wp-content\/uploads\/2025\/01\/electrician-finishing-electric-fusebox-board-insta-2023-11-27-05-04-25-utc-scaled.jpeg 2560w, https:\/\/www.electrosur.es\/wp-content\/uploads\/2025\/01\/electrician-finishing-electric-fusebox-board-insta-2023-11-27-05-04-25-utc-300x200.jpeg 300w, https:\/\/www.electrosur.es\/wp-content\/uploads\/2025\/01\/electrician-finishing-electric-fusebox-board-insta-2023-11-27-05-04-25-utc-1024x683.jpeg 1024w, https:\/\/www.electrosur.es\/wp-content\/uploads\/2025\/01\/electrician-finishing-electric-fusebox-board-insta-2023-11-27-05-04-25-utc-768x512.jpeg 768w, https:\/\/www.electrosur.es\/wp-content\/uploads\/2025\/01\/electrician-finishing-electric-fusebox-board-insta-2023-11-27-05-04-25-utc-1536x1024.jpeg 1536w, https:\/\/www.electrosur.es\/wp-content\/uploads\/2025\/01\/electrician-finishing-electric-fusebox-board-insta-2023-11-27-05-04-25-utc-2048x1365.jpeg 2048w, https:\/\/www.electrosur.es\/wp-content\/uploads\/2025\/01\/electrician-finishing-electric-fusebox-board-insta-2023-11-27-05-04-25-utc-18x12.jpeg 18w, https:\/\/www.electrosur.es\/wp-content\/uploads\/2025\/01\/electrician-finishing-electric-fusebox-board-insta-2023-11-27-05-04-25-utc-600x400.jpeg 600w\" sizes=\"(max-width: 2560px) 100vw, 2560px\" \/><\/figure><div class=\"elementor-image-box-content\"><h3 class=\"elementor-image-box-title\">Instalaci\u00f3n y Legalizaci\u00f3n<\/h3><\/div><\/div>\t\t<\/div>\n\t\t\t\t<\/div>\n\t\t\t\t\t<\/div>\n\t\t\t\t<\/div>\n\t\t<div class=\"elementor-element elementor-element-db20a6f e-con-full e-flex e-con e-child\" data-id=\"db20a6f\" data-element_type=\"container\">\n\t\t\t\t<div class=\"elementor-element elementor-element-76a3f22 elementor-position-top elementor-widget elementor-widget-image-box\" data-id=\"76a3f22\" data-element_type=\"widget\" data-widget_type=\"image-box.default\">\n\t\t\t\t<div class=\"elementor-widget-container\">\n\t\t\t<div class=\"elementor-image-box-wrapper\"><figure class=\"elementor-image-box-img\"><img decoding=\"async\" width=\"2460\" height=\"1640\" src=\"https:\/\/www.electrosur.es\/wp-content\/uploads\/2024\/06\/electrosur-16.jpg\" class=\"attachment-full size-full wp-image-6044\" alt=\"\" srcset=\"https:\/\/www.electrosur.es\/wp-content\/uploads\/2024\/06\/electrosur-16.jpg 2460w, https:\/\/www.electrosur.es\/wp-content\/uploads\/2024\/06\/electrosur-16-300x200.jpg 300w, https:\/\/www.electrosur.es\/wp-content\/uploads\/2024\/06\/electrosur-16-1024x683.jpg 1024w, https:\/\/www.electrosur.es\/wp-content\/uploads\/2024\/06\/electrosur-16-768x512.jpg 768w, https:\/\/www.electrosur.es\/wp-content\/uploads\/2024\/06\/electrosur-16-1536x1024.jpg 1536w, https:\/\/www.electrosur.es\/wp-content\/uploads\/2024\/06\/electrosur-16-2048x1365.jpg 2048w, https:\/\/www.electrosur.es\/wp-content\/uploads\/2024\/06\/electrosur-16-600x400.jpg 600w\" sizes=\"(max-width: 2460px) 100vw, 2460px\" \/><\/figure><div class=\"elementor-image-box-content\"><h3 class=\"elementor-image-box-title\">Alumbrados P\u00fablicos<\/h3><\/div><\/div>\t\t<\/div>\n\t\t\t\t<\/div>\n\t\t\t\t<\/div>\n\t\t<div class=\"elementor-element elementor-element-4dd173c e-con-full e-flex e-con e-child\" data-id=\"4dd173c\" data-element_type=\"container\">\n\t\t\t\t<div class=\"elementor-element elementor-element-ba1c4d0 elementor-position-top elementor-widget elementor-widget-image-box\" data-id=\"ba1c4d0\" data-element_type=\"widget\" data-widget_type=\"image-box.default\">\n\t\t\t\t<div class=\"elementor-widget-container\">\n\t\t\t<div class=\"elementor-image-box-wrapper\"><figure class=\"elementor-image-box-img\"><img decoding=\"async\" width=\"2560\" height=\"1708\" src=\"https:\/\/www.electrosur.es\/wp-content\/uploads\/2025\/01\/electrical-system-installation-2023-11-27-05-35-53-utc-scaled.jpg\" class=\"attachment-full size-full wp-image-6202\" alt=\"\" srcset=\"https:\/\/www.electrosur.es\/wp-content\/uploads\/2025\/01\/electrical-system-installation-2023-11-27-05-35-53-utc-scaled.jpg 2560w, https:\/\/www.electrosur.es\/wp-content\/uploads\/2025\/01\/electrical-system-installation-2023-11-27-05-35-53-utc-300x200.jpg 300w, https:\/\/www.electrosur.es\/wp-content\/uploads\/2025\/01\/electrical-system-installation-2023-11-27-05-35-53-utc-1024x683.jpg 1024w, https:\/\/www.electrosur.es\/wp-content\/uploads\/2025\/01\/electrical-system-installation-2023-11-27-05-35-53-utc-768x513.jpg 768w, https:\/\/www.electrosur.es\/wp-content\/uploads\/2025\/01\/electrical-system-installation-2023-11-27-05-35-53-utc-1536x1025.jpg 1536w, https:\/\/www.electrosur.es\/wp-content\/uploads\/2025\/01\/electrical-system-installation-2023-11-27-05-35-53-utc-2048x1367.jpg 2048w, https:\/\/www.electrosur.es\/wp-content\/uploads\/2025\/01\/electrical-system-installation-2023-11-27-05-35-53-utc-18x12.jpg 18w, https:\/\/www.electrosur.es\/wp-content\/uploads\/2025\/01\/electrical-system-installation-2023-11-27-05-35-53-utc-600x400.jpg 600w\" sizes=\"(max-width: 2560px) 100vw, 2560px\" \/><\/figure><div class=\"elementor-image-box-content\"><h3 class=\"elementor-image-box-title\">Reparaci\u00f3n de Aver\u00edas<\/h3><\/div><\/div>\t\t<\/div>\n\t\t\t\t<\/div>\n\t\t\t\t<\/div>\n\t\t<div class=\"elementor-element elementor-element-98d2fdf e-con-full e-flex e-con e-child\" data-id=\"98d2fdf\" data-element_type=\"container\">\n\t\t\t\t<div class=\"elementor-element elementor-element-d056833 elementor-position-top elementor-widget elementor-widget-image-box\" data-id=\"d056833\" data-element_type=\"widget\" data-widget_type=\"image-box.default\">\n\t\t\t\t<div class=\"elementor-widget-container\">\n\t\t\t<div class=\"elementor-image-box-wrapper\"><figure class=\"elementor-image-box-img\"><img loading=\"lazy\" decoding=\"async\" width=\"2460\" height=\"1640\" src=\"https:\/\/www.electrosur.es\/wp-content\/uploads\/2024\/05\/electrosur-9.jpg\" class=\"attachment-full size-full wp-image-5993\" alt=\"\" srcset=\"https:\/\/www.electrosur.es\/wp-content\/uploads\/2024\/05\/electrosur-9.jpg 2460w, https:\/\/www.electrosur.es\/wp-content\/uploads\/2024\/05\/electrosur-9-300x200.jpg 300w, https:\/\/www.electrosur.es\/wp-content\/uploads\/2024\/05\/electrosur-9-1024x683.jpg 1024w, https:\/\/www.electrosur.es\/wp-content\/uploads\/2024\/05\/electrosur-9-768x512.jpg 768w, https:\/\/www.electrosur.es\/wp-content\/uploads\/2024\/05\/electrosur-9-1536x1024.jpg 1536w, https:\/\/www.electrosur.es\/wp-content\/uploads\/2024\/05\/electrosur-9-2048x1365.jpg 2048w, https:\/\/www.electrosur.es\/wp-content\/uploads\/2024\/05\/electrosur-9-600x400.jpg 600w\" sizes=\"(max-width: 2460px) 100vw, 2460px\" \/><\/figure><div class=\"elementor-image-box-content\"><h3 class=\"elementor-image-box-title\">Mantenimiento Instalaciones<\/h3><\/div><\/div>\t\t<\/div>\n\t\t\t\t<\/div>\n\t\t\t\t<\/div>\n\t\t\t\t\t<\/div>\n\t\t\t\t<\/div>\n\t\t<div class=\"elementor-element elementor-element-92a38d7 e-flex e-con-boxed e-con e-parent\" data-id=\"92a38d7\" data-element_type=\"container\">\n\t\t\t\t\t<div class=\"e-con-inner\">\n\t\t<div class=\"elementor-element elementor-element-f625473 e-flex e-con-boxed e-con e-child\" data-id=\"f625473\" data-element_type=\"container\">\n\t\t\t\t\t<div class=\"e-con-inner\">\n\t\t\t\t<div class=\"elementor-element elementor-element-fe51b93 elementor-position-top elementor-widget elementor-widget-image-box\" data-id=\"fe51b93\" data-element_type=\"widget\" data-widget_type=\"image-box.default\">\n\t\t\t\t<div class=\"elementor-widget-container\">\n\t\t\t<div class=\"elementor-image-box-wrapper\"><figure class=\"elementor-image-box-img\"><img loading=\"lazy\" decoding=\"async\" width=\"2560\" height=\"1707\" src=\"https:\/\/www.electrosur.es\/wp-content\/uploads\/2025\/01\/inspector-examination-of-photovoltaic-modules-usin-2024-08-14-04-47-30-utc-scaled.jpg\" class=\"attachment-full size-full wp-image-6201\" alt=\"\" srcset=\"https:\/\/www.electrosur.es\/wp-content\/uploads\/2025\/01\/inspector-examination-of-photovoltaic-modules-usin-2024-08-14-04-47-30-utc-scaled.jpg 2560w, https:\/\/www.electrosur.es\/wp-content\/uploads\/2025\/01\/inspector-examination-of-photovoltaic-modules-usin-2024-08-14-04-47-30-utc-300x200.jpg 300w, https:\/\/www.electrosur.es\/wp-content\/uploads\/2025\/01\/inspector-examination-of-photovoltaic-modules-usin-2024-08-14-04-47-30-utc-1024x683.jpg 1024w, https:\/\/www.electrosur.es\/wp-content\/uploads\/2025\/01\/inspector-examination-of-photovoltaic-modules-usin-2024-08-14-04-47-30-utc-768x512.jpg 768w, https:\/\/www.electrosur.es\/wp-content\/uploads\/2025\/01\/inspector-examination-of-photovoltaic-modules-usin-2024-08-14-04-47-30-utc-1536x1024.jpg 1536w, https:\/\/www.electrosur.es\/wp-content\/uploads\/2025\/01\/inspector-examination-of-photovoltaic-modules-usin-2024-08-14-04-47-30-utc-2048x1365.jpg 2048w, https:\/\/www.electrosur.es\/wp-content\/uploads\/2025\/01\/inspector-examination-of-photovoltaic-modules-usin-2024-08-14-04-47-30-utc-18x12.jpg 18w, https:\/\/www.electrosur.es\/wp-content\/uploads\/2025\/01\/inspector-examination-of-photovoltaic-modules-usin-2024-08-14-04-47-30-utc-600x400.jpg 600w\" sizes=\"(max-width: 2560px) 100vw, 2560px\" \/><\/figure><div class=\"elementor-image-box-content\"><h3 class=\"elementor-image-box-title\">Termograf\u00edas<\/h3><\/div><\/div>\t\t<\/div>\n\t\t\t\t<\/div>\n\t\t\t\t\t<\/div>\n\t\t\t\t<\/div>\n\t\t<div class=\"elementor-element elementor-element-195ae02 e-con-full e-flex e-con e-child\" data-id=\"195ae02\" data-element_type=\"container\">\n\t\t\t\t<div class=\"elementor-element elementor-element-b97048b elementor-position-top elementor-widget elementor-widget-image-box\" data-id=\"b97048b\" data-element_type=\"widget\" data-widget_type=\"image-box.default\">\n\t\t\t\t<div class=\"elementor-widget-container\">\n\t\t\t<div class=\"elementor-image-box-wrapper\"><figure class=\"elementor-image-box-img\"><img loading=\"lazy\" decoding=\"async\" width=\"2460\" height=\"1640\" src=\"https:\/\/www.electrosur.es\/wp-content\/uploads\/2024\/05\/alta-tension-10.png\" class=\"attachment-full size-full wp-image-5858\" alt=\"\" srcset=\"https:\/\/www.electrosur.es\/wp-content\/uploads\/2024\/05\/alta-tension-10.png 2460w, https:\/\/www.electrosur.es\/wp-content\/uploads\/2024\/05\/alta-tension-10-300x200.png 300w, https:\/\/www.electrosur.es\/wp-content\/uploads\/2024\/05\/alta-tension-10-1024x683.png 1024w, https:\/\/www.electrosur.es\/wp-content\/uploads\/2024\/05\/alta-tension-10-768x512.png 768w, https:\/\/www.electrosur.es\/wp-content\/uploads\/2024\/05\/alta-tension-10-1536x1024.png 1536w, https:\/\/www.electrosur.es\/wp-content\/uploads\/2024\/05\/alta-tension-10-2048x1365.png 2048w, https:\/\/www.electrosur.es\/wp-content\/uploads\/2024\/05\/alta-tension-10-600x400.png 600w\" sizes=\"(max-width: 2460px) 100vw, 2460px\" \/><\/figure><div class=\"elementor-image-box-content\"><h3 class=\"elementor-image-box-title\">Especialistas en Instalaciones Militares y Antideflagrante<\/h3><\/div><\/div>\t\t<\/div>\n\t\t\t\t<\/div>\n\t\t\t\t<\/div>\n\t\t<div class=\"elementor-element elementor-element-cfa5a0d e-con-full e-flex e-con e-child\" data-id=\"cfa5a0d\" data-element_type=\"container\">\n\t\t\t\t<div class=\"elementor-element elementor-element-926993c elementor-position-top elementor-widget elementor-widget-image-box\" data-id=\"926993c\" data-element_type=\"widget\" data-widget_type=\"image-box.default\">\n\t\t\t\t<div class=\"elementor-widget-container\">\n\t\t\t<div class=\"elementor-image-box-wrapper\"><figure class=\"elementor-image-box-img\"><img loading=\"lazy\" decoding=\"async\" width=\"2460\" height=\"1640\" src=\"https:\/\/www.electrosur.es\/wp-content\/uploads\/2024\/05\/alta-tension-7.png\" class=\"attachment-full size-full wp-image-5851\" alt=\"\" srcset=\"https:\/\/www.electrosur.es\/wp-content\/uploads\/2024\/05\/alta-tension-7.png 2460w, https:\/\/www.electrosur.es\/wp-content\/uploads\/2024\/05\/alta-tension-7-300x200.png 300w, https:\/\/www.electrosur.es\/wp-content\/uploads\/2024\/05\/alta-tension-7-1024x683.png 1024w, https:\/\/www.electrosur.es\/wp-content\/uploads\/2024\/05\/alta-tension-7-768x512.png 768w, https:\/\/www.electrosur.es\/wp-content\/uploads\/2024\/05\/alta-tension-7-1536x1024.png 1536w, https:\/\/www.electrosur.es\/wp-content\/uploads\/2024\/05\/alta-tension-7-2048x1365.png 2048w, https:\/\/www.electrosur.es\/wp-content\/uploads\/2024\/05\/alta-tension-7-600x400.png 600w\" sizes=\"(max-width: 2460px) 100vw, 2460px\" \/><\/figure><div class=\"elementor-image-box-content\"><h3 class=\"elementor-image-box-title\">Programaci\u00f3n Aut\u00f3matas y Variador de Velocidad<\/h3><\/div><\/div>\t\t<\/div>\n\t\t\t\t<\/div>\n\t\t\t\t<\/div>\n\t\t\t\t\t<\/div>\n\t\t\t\t<\/div>\n\t\t\t\t\t<\/div>\n\t\t<\/div>\n\t\t\t\t\t<\/div>\n\t\t<\/section>\n\t\t\t\t<section class=\"elementor-section elementor-inner-section elementor-element elementor-element-c1e35a8 elementor-hidden-desktop elementor-hidden-tablet elementor-hidden-mobile elementor-section-boxed elementor-section-height-default elementor-section-height-default\" data-id=\"c1e35a8\" data-element_type=\"section\" data-settings=\"{&quot;background_background&quot;:&quot;classic&quot;}\">\n\t\t\t\t\t\t<div class=\"elementor-container elementor-column-gap-default\">\n\t\t\t\t\t<div class=\"elementor-column elementor-col-100 elementor-inner-column elementor-element elementor-element-91d429c\" data-id=\"91d429c\" data-element_type=\"column\">\n\t\t\t<div class=\"elementor-widget-wrap elementor-element-populated\">\n\t\t\t\t\t\t<div class=\"elementor-element elementor-element-de1a85a elementor-widget elementor-widget-industries\" data-id=\"de1a85a\" data-element_type=\"widget\" data-widget_type=\"industries.default\">\n\t\t\t\t<div class=\"elementor-widget-container\">\n\t\t\t\r\n\r\n<div class=\"tp-industri-area pb-30 p-relative\">\r\n\r\n\t    <div class=\"bs-industri-1 d-none d-lg-block\">\r\n        <img decoding=\"async\" src=\"https:\/\/www.electrosur.es\/wp-content\/themes\/collax\/assets\/img\/chose\/hero-shape-5.1.png\" alt=\"section-img\">\r\n    <\/div>\r\n\t\r\n    <div class=\"container tp-industri-bg ele-section\">\r\n\r\n\t\t        <div class=\"row justify-content-center\">\r\n            <div class=\"col-xl-10\">\r\n                <div class=\"tp-project-section-box text-center\">\r\n                    <h2 class=\"tp-title-sm pb-60 ele-title\">Servicios<\/h2>\r\n                <\/div>\r\n            <\/div>\r\n        <\/div>\r\n\t\t\r\n        <div class=\"row justify-content-center tp-industri-space\">\r\n            <div class=\"col-12\">\r\n\r\n\t\t\t\t\r\n\t\t\t\t\t\t\t\t\t\t\t\t\t<div class=\"tpindustri wow tpfadeUp elementor-repeater-item-f68e66d\" data-wow-duration=\"0.3s\" data-wow-delay=\"0.6s\">\r\n\t\t\t\t\t\t\t\t\t\t\t\t<div class=\"tpindustri__content\">\r\n\t\t\t\t\t\t\t\t\t\t\t\t\t\t<h3 class=\"tp-industri-title ele-link\">RADAR LOCALIZADOR DE AVER\u00cdAS<\/h3>\r\n\t\t\t\t\t\t\t\t\t\t\t\t\t<\/div>\r\n\t\t\t\t\t<\/div>\r\n\t\t\t\t\t\t\t\t\r\n\t\t\t\t\t\t\t\t\t\t\t\t\t<div class=\"tpindustri wow tpfadeUp elementor-repeater-item-5ac2c4e\" data-wow-duration=\"0.3s\" data-wow-delay=\"0.6s\">\r\n\t\t\t\t\t\t\t\t\t\t\t\t<div class=\"tpindustri__content\">\r\n\t\t\t\t\t\t\t\t\t\t\t\t\t\t<h3 class=\"tp-industri-title ele-link\">C\u00c1MARA TERMOGR\u00c1FICA<\/h3>\r\n\t\t\t\t\t\t\t\t\t\t\t\t\t<\/div>\r\n\t\t\t\t\t<\/div>\r\n\t\t\t\t\t\t\t\t\r\n\t\t\t\t\t\t\t\t\t\t\t\t\t<div class=\"tpindustri wow tpfadeUp elementor-repeater-item-dd6d12e\" data-wow-duration=\"0.3s\" data-wow-delay=\"0.6s\">\r\n\t\t\t\t\t\t\t\t\t\t\t\t<div class=\"tpindustri__content\">\r\n\t\t\t\t\t\t\t\t\t\t\t\t\t\t<h3 class=\"tp-industri-title ele-link\">TELUL\u00d3METRO<\/h3>\r\n\t\t\t\t\t\t\t\t\t\t\t\t\t<\/div>\r\n\t\t\t\t\t<\/div>\r\n\t\t\t\t\t\t\t\t\r\n\t\t\t\t\t\t\t\t\t\t\t\t\t<div class=\"tpindustri wow tpfadeUp elementor-repeater-item-16051b2\" data-wow-duration=\"0.3s\" data-wow-delay=\"0.6s\">\r\n\t\t\t\t\t\t\t\t\t\t\t\t<div class=\"tpindustri__content\">\r\n\t\t\t\t\t\t\t\t\t\t\t\t\t\t<h3 class=\"tp-industri-title ele-link\">ESPECIALIDAD EN INSTALACIONES MILITARES Y ANTIDEFLAGRANTES<\/h3>\r\n\t\t\t\t\t\t\t\t\t\t\t\t\t<\/div>\r\n\t\t\t\t\t<\/div>\r\n\t\t\t\t\t\t\t\t\r\n\t\t\t\t\t\t\t\t\t\t\t\t\t<div class=\"tpindustri wow tpfadeUp elementor-repeater-item-43f0fb1\" data-wow-duration=\"0.3s\" data-wow-delay=\"0.6s\">\r\n\t\t\t\t\t\t\t\t\t\t\t\t<div class=\"tpindustri__content\">\r\n\t\t\t\t\t\t\t\t\t\t\t\t\t\t<h3 class=\"tp-industri-title ele-link\">CERTIFICADA PARA CONTRATAR CON ORGANISMOS OFICIALES<\/h3>\r\n\t\t\t\t\t\t\t\t\t\t\t\t\t<\/div>\r\n\t\t\t\t\t<\/div>\r\n\t\t\t\t\t\t\t\t\r\n\t\t\t\t\t\t\t\t\t\t\t\t\t<div class=\"tpindustri wow tpfadeUp elementor-repeater-item-5529ba0\" data-wow-duration=\"0.3s\" data-wow-delay=\"0.6s\">\r\n\t\t\t\t\t\t\t\t\t\t\t\t<div class=\"tpindustri__content\">\r\n\t\t\t\t\t\t\t\t\t\t\t\t\t\t<h3 class=\"tp-industri-title ele-link\">ALUMBRAMDOS P\u00daBLICOS<\/h3>\r\n\t\t\t\t\t\t\t\t\t\t\t\t\t<\/div>\r\n\t\t\t\t\t<\/div>\r\n\t\t\t\t\t\t\t\t\r\n\t\t\t\t\t\t\t\t\t\t\t\t\t<div class=\"tpindustri wow tpfadeUp elementor-repeater-item-728980c\" data-wow-duration=\"0.3s\" data-wow-delay=\"0.6s\">\r\n\t\t\t\t\t\t\t\t\t\t\t\t<div class=\"tpindustri__content\">\r\n\t\t\t\t\t\t\t\t\t\t\t\t\t\t<h3 class=\"tp-industri-title ele-link\">PROGRAMACI\u00d3N AUT\u00d3MATAS Y VARIADORES DE VELOCIDAD<\/h3>\r\n\t\t\t\t\t\t\t\t\t\t\t\t\t<\/div>\r\n\t\t\t\t\t<\/div>\r\n\t\t\t\t\t\t\t\t\r\n            <\/div>\r\n        <\/div>\r\n    <\/div>\r\n<\/div>\r\n\r\n\r\n\t\t<\/div>\n\t\t\t\t<\/div>\n\t\t\t\t\t<\/div>\n\t\t<\/div>\n\t\t\t\t\t<\/div>\n\t\t<\/section>\n\t\t\t\t\t<\/div>\n\t\t<\/div>\n\t\t\t\t\t<\/div>\n\t\t<\/section>\n\t\t\t\t<\/div>\n\t\t","protected":false},"excerpt":{"rendered":"<p>BAJA TENSI\u00d3N Instalaci\u00f3n y Legalizaci\u00f3n Alumbrados P\u00fablicos Reparaci\u00f3n de Aver\u00edas Mantenimiento Instalaciones Termograf\u00edas Especialistas en Instalaciones Militares y Antideflagrante Programaci\u00f3n Aut\u00f3matas y Variador de Velocidad Servicios RADAR LOCALIZADOR DE AVER\u00cdAS C\u00c1MARA TERMOGR\u00c1FICA TELUL\u00d3METRO ESPECIALIDAD EN INSTALACIONES MILITARES Y ANTIDEFLAGRANTES CERTIFICADA PARA CONTRATAR CON ORGANISMOS OFICIALES ALUMBRAMDOS P\u00daBLICOS PROGRAMACI\u00d3N AUT\u00d3MATAS Y VARIADORES DE VELOCIDAD<\/p>","protected":false},"author":1,"featured_media":5288,"parent":0,"menu_order":0,"comment_status":"closed","ping_status":"closed","template":"elementor_header_footer","meta":{"_acf_changed":false,"footnotes":""},"acf":[],"aioseo_notices":[],"_links":{"self":[{"href":"https:\/\/www.electrosur.es\/en\/wp-json\/wp\/v2\/pages\/5304"}],"collection":[{"href":"https:\/\/www.electrosur.es\/en\/wp-json\/wp\/v2\/pages"}],"about":[{"href":"https:\/\/www.electrosur.es\/en\/wp-json\/wp\/v2\/types\/page"}],"author":[{"embeddable":true,"href":"https:\/\/www.electrosur.es\/en\/wp-json\/wp\/v2\/users\/1"}],"replies":[{"embeddable":true,"href":"https:\/\/www.electrosur.es\/en\/wp-json\/wp\/v2\/comments?post=5304"}],"version-history":[{"count":5,"href":"https:\/\/www.electrosur.es\/en\/wp-json\/wp\/v2\/pages\/5304\/revisions"}],"predecessor-version":[{"id":6205,"href":"https:\/\/www.electrosur.es\/en\/wp-json\/wp\/v2\/pages\/5304\/revisions\/6205"}],"wp:featuredmedia":[{"embeddable":true,"href":"https:\/\/www.electrosur.es\/en\/wp-json\/wp\/v2\/media\/5288"}],"wp:attachment":[{"href":"https:\/\/www.electrosur.es\/en\/wp-json\/wp\/v2\/media?parent=5304"}],"curies":[{"name":"wp","href":"https:\/\/api.w.org\/{rel}","templated":true}]}}