{"id":5360,"date":"2024-04-30T15:18:07","date_gmt":"2024-04-30T13:18:07","guid":{"rendered":"https:\/\/www.electrosur.es\/?page_id=5360"},"modified":"2024-09-27T11:26:32","modified_gmt":"2024-09-27T09:26:32","slug":"fontaneria","status":"publish","type":"page","link":"https:\/\/www.electrosur.es\/en\/fontaneria\/","title":{"rendered":"Plumbing"},"content":{"rendered":"\t\t<div data-elementor-type=\"wp-page\" data-elementor-id=\"5360\" class=\"elementor elementor-5360\" data-elementor-post-type=\"page\">\n\t\t\t\t\t\t<section class=\"elementor-section elementor-top-section elementor-element elementor-element-164f0d0 elementor-section-full_width elementor-section-height-default elementor-section-height-default\" data-id=\"164f0d0\" data-element_type=\"section\" data-settings=\"{&quot;background_background&quot;:&quot;classic&quot;}\">\n\t\t\t\t\t\t<div class=\"elementor-container elementor-column-gap-no\">\n\t\t\t\t\t<div class=\"elementor-column elementor-col-100 elementor-top-column elementor-element elementor-element-1ff06a3\" data-id=\"1ff06a3\" data-element_type=\"column\">\n\t\t\t<div class=\"elementor-widget-wrap elementor-element-populated\">\n\t\t\t\t<div class=\"elementor-element elementor-element-d3ea29e e-flex e-con-boxed e-con e-child\" data-id=\"d3ea29e\" data-element_type=\"container\" data-settings=\"{&quot;background_background&quot;:&quot;classic&quot;,&quot;position&quot;:&quot;fixed&quot;}\">\n\t\t\t\t\t<div class=\"e-con-inner\">\n\t\t\t\t\t<\/div>\n\t\t\t\t<\/div>\n\t\t<div class=\"elementor-element elementor-element-02c58cd e-flex e-con-boxed e-con e-parent\" data-id=\"02c58cd\" data-element_type=\"container\">\n\t\t\t\t\t<div class=\"e-con-inner\">\n\t\t\t\t<div class=\"elementor-element elementor-element-384684c elementor-widget__width-initial elementor-widget elementor-widget-heading\" data-id=\"384684c\" data-element_type=\"widget\" data-widget_type=\"heading.default\">\n\t\t\t\t<div class=\"elementor-widget-container\">\n\t\t\t<style>\/*! elementor - v3.21.0 - 18-04-2024 *\/\n.elementor-heading-title{padding:0;margin:0;line-height:1}.elementor-widget-heading .elementor-heading-title[class*=elementor-size-]>a{color:inherit;font-size:inherit;line-height:inherit}.elementor-widget-heading .elementor-heading-title.elementor-size-small{font-size:15px}.elementor-widget-heading .elementor-heading-title.elementor-size-medium{font-size:19px}.elementor-widget-heading .elementor-heading-title.elementor-size-large{font-size:29px}.elementor-widget-heading .elementor-heading-title.elementor-size-xl{font-size:39px}.elementor-widget-heading .elementor-heading-title.elementor-size-xxl{font-size:59px}<\/style><h2 class=\"elementor-heading-title elementor-size-default\">FONTANER\u00cdA<\/h2>\t\t<\/div>\n\t\t\t\t<\/div>\n\t\t\t\t\t<\/div>\n\t\t\t\t<\/div>\n\t\t\t\t<section class=\"elementor-section elementor-inner-section elementor-element elementor-element-8cf3d2d elementor-section-full_width elementor-section-height-default elementor-section-height-default\" data-id=\"8cf3d2d\" data-element_type=\"section\" data-settings=\"{&quot;background_background&quot;:&quot;classic&quot;}\">\n\t\t\t\t\t\t<div class=\"elementor-container elementor-column-gap-default\">\n\t\t\t\t\t<div class=\"elementor-column elementor-col-100 elementor-inner-column elementor-element elementor-element-60faaee\" data-id=\"60faaee\" data-element_type=\"column\">\n\t\t\t<div class=\"elementor-widget-wrap elementor-element-populated\">\n\t\t\t\t<div class=\"elementor-element elementor-element-1f7889e e-flex e-con-boxed e-con e-parent\" data-id=\"1f7889e\" data-element_type=\"container\">\n\t\t\t\t\t<div class=\"e-con-inner\">\n\t\t<div class=\"elementor-element elementor-element-090560e e-flex e-con-boxed e-con e-child\" data-id=\"090560e\" data-element_type=\"container\">\n\t\t\t\t\t<div class=\"e-con-inner\">\n\t\t\t\t<div class=\"elementor-element elementor-element-1886f81 elementor-position-top elementor-widget elementor-widget-image-box\" data-id=\"1886f81\" data-element_type=\"widget\" data-widget_type=\"image-box.default\">\n\t\t\t\t<div class=\"elementor-widget-container\">\n\t\t\t<style>\/*! elementor - v3.21.0 - 18-04-2024 *\/\n.elementor-widget-image-box .elementor-image-box-content{width:100%}@media (min-width:768px){.elementor-widget-image-box.elementor-position-left .elementor-image-box-wrapper,.elementor-widget-image-box.elementor-position-right .elementor-image-box-wrapper{display:flex}.elementor-widget-image-box.elementor-position-right .elementor-image-box-wrapper{text-align:end;flex-direction:row-reverse}.elementor-widget-image-box.elementor-position-left .elementor-image-box-wrapper{text-align:start;flex-direction:row}.elementor-widget-image-box.elementor-position-top .elementor-image-box-img{margin:auto}.elementor-widget-image-box.elementor-vertical-align-top .elementor-image-box-wrapper{align-items:flex-start}.elementor-widget-image-box.elementor-vertical-align-middle .elementor-image-box-wrapper{align-items:center}.elementor-widget-image-box.elementor-vertical-align-bottom .elementor-image-box-wrapper{align-items:flex-end}}@media (max-width:767px){.elementor-widget-image-box .elementor-image-box-img{margin-left:auto!important;margin-right:auto!important;margin-bottom:15px}}.elementor-widget-image-box .elementor-image-box-img{display:inline-block}.elementor-widget-image-box .elementor-image-box-title a{color:inherit}.elementor-widget-image-box .elementor-image-box-wrapper{text-align:center}.elementor-widget-image-box .elementor-image-box-description{margin:0}<\/style><div class=\"elementor-image-box-wrapper\"><figure class=\"elementor-image-box-img\"><img fetchpriority=\"high\" decoding=\"async\" width=\"2560\" height=\"1709\" src=\"https:\/\/www.electrosur.es\/wp-content\/uploads\/2024\/09\/instalacion-scaled.jpg\" class=\"attachment-full size-full wp-image-6164\" alt=\"\" srcset=\"https:\/\/www.electrosur.es\/wp-content\/uploads\/2024\/09\/instalacion-scaled.jpg 2560w, https:\/\/www.electrosur.es\/wp-content\/uploads\/2024\/09\/instalacion-300x200.jpg 300w, https:\/\/www.electrosur.es\/wp-content\/uploads\/2024\/09\/instalacion-1024x684.jpg 1024w, https:\/\/www.electrosur.es\/wp-content\/uploads\/2024\/09\/instalacion-768x513.jpg 768w, https:\/\/www.electrosur.es\/wp-content\/uploads\/2024\/09\/instalacion-1536x1025.jpg 1536w, https:\/\/www.electrosur.es\/wp-content\/uploads\/2024\/09\/instalacion-2048x1367.jpg 2048w, https:\/\/www.electrosur.es\/wp-content\/uploads\/2024\/09\/instalacion-18x12.jpg 18w, https:\/\/www.electrosur.es\/wp-content\/uploads\/2024\/09\/instalacion-600x401.jpg 600w\" sizes=\"(max-width: 2560px) 100vw, 2560px\" \/><\/figure><div class=\"elementor-image-box-content\"><h3 class=\"elementor-image-box-title\">Instalaci\u00f3n y Legalizaci\u00f3n<\/h3><\/div><\/div>\t\t<\/div>\n\t\t\t\t<\/div>\n\t\t\t\t\t<\/div>\n\t\t\t\t<\/div>\n\t\t<div class=\"elementor-element elementor-element-68e220f e-con-full e-flex e-con e-child\" data-id=\"68e220f\" data-element_type=\"container\">\n\t\t\t\t<div class=\"elementor-element elementor-element-84fd3fe elementor-position-top elementor-widget elementor-widget-image-box\" data-id=\"84fd3fe\" data-element_type=\"widget\" data-widget_type=\"image-box.default\">\n\t\t\t\t<div class=\"elementor-widget-container\">\n\t\t\t<div class=\"elementor-image-box-wrapper\"><figure class=\"elementor-image-box-img\"><img decoding=\"async\" width=\"2460\" height=\"1640\" src=\"https:\/\/www.electrosur.es\/wp-content\/uploads\/2024\/06\/BOMBA-IMPULSION-2.jpg\" class=\"attachment-full size-full wp-image-6101\" alt=\"\" srcset=\"https:\/\/www.electrosur.es\/wp-content\/uploads\/2024\/06\/BOMBA-IMPULSION-2.jpg 2460w, https:\/\/www.electrosur.es\/wp-content\/uploads\/2024\/06\/BOMBA-IMPULSION-2-300x200.jpg 300w, https:\/\/www.electrosur.es\/wp-content\/uploads\/2024\/06\/BOMBA-IMPULSION-2-1024x683.jpg 1024w, https:\/\/www.electrosur.es\/wp-content\/uploads\/2024\/06\/BOMBA-IMPULSION-2-768x512.jpg 768w, https:\/\/www.electrosur.es\/wp-content\/uploads\/2024\/06\/BOMBA-IMPULSION-2-1536x1024.jpg 1536w, https:\/\/www.electrosur.es\/wp-content\/uploads\/2024\/06\/BOMBA-IMPULSION-2-2048x1365.jpg 2048w, https:\/\/www.electrosur.es\/wp-content\/uploads\/2024\/06\/BOMBA-IMPULSION-2-600x400.jpg 600w\" sizes=\"(max-width: 2460px) 100vw, 2460px\" \/><\/figure><div class=\"elementor-image-box-content\"><h3 class=\"elementor-image-box-title\">Centralizaci\u00f3n de Contadores<\/h3><\/div><\/div>\t\t<\/div>\n\t\t\t\t<\/div>\n\t\t\t\t<\/div>\n\t\t<div class=\"elementor-element elementor-element-d29eac7 e-con-full e-flex e-con e-child\" data-id=\"d29eac7\" data-element_type=\"container\">\n\t\t\t\t<div class=\"elementor-element elementor-element-c377d32 elementor-position-top elementor-widget elementor-widget-image-box\" data-id=\"c377d32\" data-element_type=\"widget\" data-widget_type=\"image-box.default\">\n\t\t\t\t<div class=\"elementor-widget-container\">\n\t\t\t<div class=\"elementor-image-box-wrapper\"><figure class=\"elementor-image-box-img\"><img decoding=\"async\" width=\"2460\" height=\"1640\" src=\"https:\/\/www.electrosur.es\/wp-content\/uploads\/2024\/05\/electrosur-11.jpg\" class=\"attachment-full size-full wp-image-5999\" alt=\"\" srcset=\"https:\/\/www.electrosur.es\/wp-content\/uploads\/2024\/05\/electrosur-11.jpg 2460w, https:\/\/www.electrosur.es\/wp-content\/uploads\/2024\/05\/electrosur-11-300x200.jpg 300w, https:\/\/www.electrosur.es\/wp-content\/uploads\/2024\/05\/electrosur-11-1024x683.jpg 1024w, https:\/\/www.electrosur.es\/wp-content\/uploads\/2024\/05\/electrosur-11-768x512.jpg 768w, https:\/\/www.electrosur.es\/wp-content\/uploads\/2024\/05\/electrosur-11-1536x1024.jpg 1536w, https:\/\/www.electrosur.es\/wp-content\/uploads\/2024\/05\/electrosur-11-2048x1365.jpg 2048w, https:\/\/www.electrosur.es\/wp-content\/uploads\/2024\/05\/electrosur-11-600x400.jpg 600w\" sizes=\"(max-width: 2460px) 100vw, 2460px\" \/><\/figure><div class=\"elementor-image-box-content\"><h3 class=\"elementor-image-box-title\">Suministro y Mantenimiento de Bombas de Presi\u00f3n, de Achique y Fecales<\/h3><\/div><\/div>\t\t<\/div>\n\t\t\t\t<\/div>\n\t\t\t\t<\/div>\n\t\t<div class=\"elementor-element elementor-element-8dc3fb5 e-con-full e-flex e-con e-child\" data-id=\"8dc3fb5\" data-element_type=\"container\">\n\t\t\t\t<div class=\"elementor-element elementor-element-e14d179 elementor-position-top elementor-widget elementor-widget-image-box\" data-id=\"e14d179\" data-element_type=\"widget\" data-widget_type=\"image-box.default\">\n\t\t\t\t<div class=\"elementor-widget-container\">\n\t\t\t<div class=\"elementor-image-box-wrapper\"><figure class=\"elementor-image-box-img\"><img loading=\"lazy\" decoding=\"async\" width=\"2560\" height=\"1707\" src=\"https:\/\/www.electrosur.es\/wp-content\/uploads\/2024\/09\/reparacionaverias-fontaneria-scaled.jpg\" class=\"attachment-full size-full wp-image-6158\" alt=\"\" srcset=\"https:\/\/www.electrosur.es\/wp-content\/uploads\/2024\/09\/reparacionaverias-fontaneria-scaled.jpg 2560w, https:\/\/www.electrosur.es\/wp-content\/uploads\/2024\/09\/reparacionaverias-fontaneria-300x200.jpg 300w, https:\/\/www.electrosur.es\/wp-content\/uploads\/2024\/09\/reparacionaverias-fontaneria-1024x683.jpg 1024w, https:\/\/www.electrosur.es\/wp-content\/uploads\/2024\/09\/reparacionaverias-fontaneria-768x512.jpg 768w, https:\/\/www.electrosur.es\/wp-content\/uploads\/2024\/09\/reparacionaverias-fontaneria-1536x1024.jpg 1536w, https:\/\/www.electrosur.es\/wp-content\/uploads\/2024\/09\/reparacionaverias-fontaneria-2048x1365.jpg 2048w, https:\/\/www.electrosur.es\/wp-content\/uploads\/2024\/09\/reparacionaverias-fontaneria-18x12.jpg 18w, https:\/\/www.electrosur.es\/wp-content\/uploads\/2024\/09\/reparacionaverias-fontaneria-600x400.jpg 600w\" sizes=\"(max-width: 2560px) 100vw, 2560px\" \/><\/figure><div class=\"elementor-image-box-content\"><h3 class=\"elementor-image-box-title\">Reparaci\u00f3n de Aver\u00edas<\/h3><\/div><\/div>\t\t<\/div>\n\t\t\t\t<\/div>\n\t\t\t\t<\/div>\n\t\t\t\t\t<\/div>\n\t\t\t\t<\/div>\n\t\t<div class=\"elementor-element elementor-element-dbb7c8d e-flex e-con-boxed e-con e-parent\" data-id=\"dbb7c8d\" data-element_type=\"container\">\n\t\t\t\t\t<div class=\"e-con-inner\">\n\t\t<div class=\"elementor-element elementor-element-9311ba3 e-flex e-con-boxed e-con e-child\" data-id=\"9311ba3\" data-element_type=\"container\">\n\t\t\t\t\t<div class=\"e-con-inner\">\n\t\t\t\t<div class=\"elementor-element elementor-element-b6bf75f elementor-position-top elementor-widget elementor-widget-image-box\" data-id=\"b6bf75f\" data-element_type=\"widget\" data-widget_type=\"image-box.default\">\n\t\t\t\t<div class=\"elementor-widget-container\">\n\t\t\t<div class=\"elementor-image-box-wrapper\"><figure class=\"elementor-image-box-img\"><img loading=\"lazy\" decoding=\"async\" width=\"2560\" height=\"1707\" src=\"https:\/\/www.electrosur.es\/wp-content\/uploads\/2024\/09\/fontaneria-industrial-scaled.jpg\" class=\"attachment-full size-full wp-image-6159\" alt=\"\" srcset=\"https:\/\/www.electrosur.es\/wp-content\/uploads\/2024\/09\/fontaneria-industrial-scaled.jpg 2560w, https:\/\/www.electrosur.es\/wp-content\/uploads\/2024\/09\/fontaneria-industrial-300x200.jpg 300w, https:\/\/www.electrosur.es\/wp-content\/uploads\/2024\/09\/fontaneria-industrial-1024x683.jpg 1024w, https:\/\/www.electrosur.es\/wp-content\/uploads\/2024\/09\/fontaneria-industrial-768x512.jpg 768w, https:\/\/www.electrosur.es\/wp-content\/uploads\/2024\/09\/fontaneria-industrial-1536x1024.jpg 1536w, https:\/\/www.electrosur.es\/wp-content\/uploads\/2024\/09\/fontaneria-industrial-2048x1365.jpg 2048w, https:\/\/www.electrosur.es\/wp-content\/uploads\/2024\/09\/fontaneria-industrial-18x12.jpg 18w, https:\/\/www.electrosur.es\/wp-content\/uploads\/2024\/09\/fontaneria-industrial-600x400.jpg 600w\" sizes=\"(max-width: 2560px) 100vw, 2560px\" \/><\/figure><div class=\"elementor-image-box-content\"><h3 class=\"elementor-image-box-title\">Trabajos Industriales<\/h3><\/div><\/div>\t\t<\/div>\n\t\t\t\t<\/div>\n\t\t\t\t\t<\/div>\n\t\t\t\t<\/div>\n\t\t<div class=\"elementor-element elementor-element-19aaae7 e-con-full e-flex e-con e-child\" data-id=\"19aaae7\" data-element_type=\"container\">\n\t\t\t\t<div class=\"elementor-element elementor-element-484c8bc elementor-position-top elementor-widget elementor-widget-image-box\" data-id=\"484c8bc\" data-element_type=\"widget\" data-widget_type=\"image-box.default\">\n\t\t\t\t<div class=\"elementor-widget-container\">\n\t\t\t<div class=\"elementor-image-box-wrapper\"><figure class=\"elementor-image-box-img\"><img loading=\"lazy\" decoding=\"async\" width=\"2460\" height=\"1640\" src=\"https:\/\/www.electrosur.es\/wp-content\/uploads\/2024\/05\/electrosur-12.jpg\" class=\"attachment-full size-full wp-image-6000\" alt=\"\" srcset=\"https:\/\/www.electrosur.es\/wp-content\/uploads\/2024\/05\/electrosur-12.jpg 2460w, https:\/\/www.electrosur.es\/wp-content\/uploads\/2024\/05\/electrosur-12-300x200.jpg 300w, https:\/\/www.electrosur.es\/wp-content\/uploads\/2024\/05\/electrosur-12-1024x683.jpg 1024w, https:\/\/www.electrosur.es\/wp-content\/uploads\/2024\/05\/electrosur-12-768x512.jpg 768w, https:\/\/www.electrosur.es\/wp-content\/uploads\/2024\/05\/electrosur-12-1536x1024.jpg 1536w, https:\/\/www.electrosur.es\/wp-content\/uploads\/2024\/05\/electrosur-12-2048x1365.jpg 2048w, https:\/\/www.electrosur.es\/wp-content\/uploads\/2024\/05\/electrosur-12-600x400.jpg 600w\" sizes=\"(max-width: 2460px) 100vw, 2460px\" \/><\/figure><div class=\"elementor-image-box-content\"><h3 class=\"elementor-image-box-title\">Suministro, Montaje y Mantenimiento de Aljibes<\/h3><\/div><\/div>\t\t<\/div>\n\t\t\t\t<\/div>\n\t\t\t\t<\/div>\n\t\t<div class=\"elementor-element elementor-element-f1c5fd4 e-con-full e-flex e-con e-child\" data-id=\"f1c5fd4\" data-element_type=\"container\">\n\t\t\t\t<div class=\"elementor-element elementor-element-7c56bf8 elementor-position-top elementor-widget elementor-widget-image-box\" data-id=\"7c56bf8\" data-element_type=\"widget\" data-widget_type=\"image-box.default\">\n\t\t\t\t<div class=\"elementor-widget-container\">\n\t\t\t<div class=\"elementor-image-box-wrapper\"><figure class=\"elementor-image-box-img\"><img loading=\"lazy\" decoding=\"async\" width=\"2460\" height=\"1640\" src=\"https:\/\/www.electrosur.es\/wp-content\/uploads\/2024\/06\/TERMO-ELECTRICO.jpg\" class=\"attachment-full size-full wp-image-6057\" alt=\"\" srcset=\"https:\/\/www.electrosur.es\/wp-content\/uploads\/2024\/06\/TERMO-ELECTRICO.jpg 2460w, https:\/\/www.electrosur.es\/wp-content\/uploads\/2024\/06\/TERMO-ELECTRICO-300x200.jpg 300w, https:\/\/www.electrosur.es\/wp-content\/uploads\/2024\/06\/TERMO-ELECTRICO-1024x683.jpg 1024w, https:\/\/www.electrosur.es\/wp-content\/uploads\/2024\/06\/TERMO-ELECTRICO-768x512.jpg 768w, https:\/\/www.electrosur.es\/wp-content\/uploads\/2024\/06\/TERMO-ELECTRICO-1536x1024.jpg 1536w, https:\/\/www.electrosur.es\/wp-content\/uploads\/2024\/06\/TERMO-ELECTRICO-2048x1365.jpg 2048w, https:\/\/www.electrosur.es\/wp-content\/uploads\/2024\/06\/TERMO-ELECTRICO-600x400.jpg 600w\" sizes=\"(max-width: 2460px) 100vw, 2460px\" \/><\/figure><div class=\"elementor-image-box-content\"><h3 class=\"elementor-image-box-title\">Termos de Gas y El\u00e9ctricos<\/h3><\/div><\/div>\t\t<\/div>\n\t\t\t\t<\/div>\n\t\t\t\t<\/div>\n\t\t<div class=\"elementor-element elementor-element-2351315 e-con-full e-flex e-con e-child\" data-id=\"2351315\" data-element_type=\"container\">\n\t\t\t\t<div class=\"elementor-element elementor-element-1d16b08 elementor-position-top elementor-widget elementor-widget-image-box\" data-id=\"1d16b08\" data-element_type=\"widget\" data-widget_type=\"image-box.default\">\n\t\t\t\t<div class=\"elementor-widget-container\">\n\t\t\t<div class=\"elementor-image-box-wrapper\"><figure class=\"elementor-image-box-img\"><img loading=\"lazy\" decoding=\"async\" width=\"2560\" height=\"1916\" src=\"https:\/\/www.electrosur.es\/wp-content\/uploads\/2024\/09\/limpiezafontaneria-scaled.jpg\" class=\"attachment-full size-full wp-image-6157\" alt=\"\" srcset=\"https:\/\/www.electrosur.es\/wp-content\/uploads\/2024\/09\/limpiezafontaneria-scaled.jpg 2560w, https:\/\/www.electrosur.es\/wp-content\/uploads\/2024\/09\/limpiezafontaneria-300x225.jpg 300w, https:\/\/www.electrosur.es\/wp-content\/uploads\/2024\/09\/limpiezafontaneria-1024x766.jpg 1024w, https:\/\/www.electrosur.es\/wp-content\/uploads\/2024\/09\/limpiezafontaneria-768x575.jpg 768w, https:\/\/www.electrosur.es\/wp-content\/uploads\/2024\/09\/limpiezafontaneria-1536x1150.jpg 1536w, https:\/\/www.electrosur.es\/wp-content\/uploads\/2024\/09\/limpiezafontaneria-2048x1533.jpg 2048w, https:\/\/www.electrosur.es\/wp-content\/uploads\/2024\/09\/limpiezafontaneria-16x12.jpg 16w, https:\/\/www.electrosur.es\/wp-content\/uploads\/2024\/09\/limpiezafontaneria-600x449.jpg 600w\" sizes=\"(max-width: 2560px) 100vw, 2560px\" \/><\/figure><div class=\"elementor-image-box-content\"><h3 class=\"elementor-image-box-title\">Limpieza y Desatasco de Arquetas<\/h3><\/div><\/div>\t\t<\/div>\n\t\t\t\t<\/div>\n\t\t\t\t<\/div>\n\t\t\t\t\t<\/div>\n\t\t\t\t<\/div>\n\t\t\t\t\t<\/div>\n\t\t<\/div>\n\t\t\t\t\t<\/div>\n\t\t<\/section>\n\t\t\t\t<section class=\"elementor-section elementor-inner-section elementor-element elementor-element-c1e35a8 elementor-hidden-desktop elementor-hidden-tablet elementor-hidden-mobile elementor-section-boxed elementor-section-height-default elementor-section-height-default\" data-id=\"c1e35a8\" data-element_type=\"section\" data-settings=\"{&quot;background_background&quot;:&quot;classic&quot;}\">\n\t\t\t\t\t\t<div class=\"elementor-container elementor-column-gap-default\">\n\t\t\t\t\t<div class=\"elementor-column elementor-col-100 elementor-inner-column elementor-element elementor-element-91d429c\" data-id=\"91d429c\" data-element_type=\"column\">\n\t\t\t<div class=\"elementor-widget-wrap elementor-element-populated\">\n\t\t\t\t\t\t<div class=\"elementor-element elementor-element-31182de elementor-widget elementor-widget-industries\" data-id=\"31182de\" data-element_type=\"widget\" data-widget_type=\"industries.default\">\n\t\t\t\t<div class=\"elementor-widget-container\">\n\t\t\t\r\n\r\n<div class=\"tp-industri-area pb-30 p-relative\">\r\n\r\n\t    <div class=\"bs-industri-1 d-none d-lg-block\">\r\n        <img decoding=\"async\" src=\"https:\/\/www.electrosur.es\/wp-content\/themes\/collax\/assets\/img\/chose\/hero-shape-5.1.png\" alt=\"section-img\">\r\n    <\/div>\r\n\t\r\n    <div class=\"container tp-industri-bg ele-section\">\r\n\r\n\t\t        <div class=\"row justify-content-center\">\r\n            <div class=\"col-xl-10\">\r\n                <div class=\"tp-project-section-box text-center\">\r\n                    <h2 class=\"tp-title-sm pb-60 ele-title\">Servicios<\/h2>\r\n                <\/div>\r\n            <\/div>\r\n        <\/div>\r\n\t\t\r\n        <div class=\"row justify-content-center tp-industri-space\">\r\n            <div class=\"col-12\">\r\n\r\n\t\t\t\t\r\n\t\t\t\t\t\t\t\t\t\t\t\t\t<div class=\"tpindustri wow tpfadeUp elementor-repeater-item-319bfc8\" data-wow-duration=\"0.3s\" data-wow-delay=\"0.6s\">\r\n\t\t\t\t\t\t\t\t\t\t\t\t<div class=\"tpindustri__content\">\r\n\t\t\t\t\t\t\t\t\t\t\t\t\t\t<h3 class=\"tp-industri-title ele-link\">BOMBAS DE PRESI\u00d3N<\/h3>\r\n\t\t\t\t\t\t\t\t\t\t\t\t\t<\/div>\r\n\t\t\t\t\t<\/div>\r\n\t\t\t\t\t\t\t\t\r\n\t\t\t\t\t\t\t\t\t\t\t\t\t<div class=\"tpindustri wow tpfadeUp elementor-repeater-item-fed82df\" data-wow-duration=\"0.3s\" data-wow-delay=\"0.6s\">\r\n\t\t\t\t\t\t\t\t\t\t\t\t<div class=\"tpindustri__content\">\r\n\t\t\t\t\t\t\t\t\t\t\t\t\t\t<h3 class=\"tp-industri-title ele-link\">BOMBAS DE ACHIQUE<\/h3>\r\n\t\t\t\t\t\t\t\t\t\t\t\t\t<\/div>\r\n\t\t\t\t\t<\/div>\r\n\t\t\t\t\t\t\t\t\r\n\t\t\t\t\t\t\t\t\t\t\t\t\t<div class=\"tpindustri wow tpfadeUp elementor-repeater-item-85e6c69\" data-wow-duration=\"0.3s\" data-wow-delay=\"0.6s\">\r\n\t\t\t\t\t\t\t\t\t\t\t\t<div class=\"tpindustri__content\">\r\n\t\t\t\t\t\t\t\t\t\t\t\t\t\t<h3 class=\"tp-industri-title ele-link\">BOMBAS DE FECALES<\/h3>\r\n\t\t\t\t\t\t\t\t\t\t\t\t\t<\/div>\r\n\t\t\t\t\t<\/div>\r\n\t\t\t\t\t\t\t\t\r\n\t\t\t\t\t\t\t\t\t\t\t\t\t<div class=\"tpindustri wow tpfadeUp elementor-repeater-item-d4faf75\" data-wow-duration=\"0.3s\" data-wow-delay=\"0.6s\">\r\n\t\t\t\t\t\t\t\t\t\t\t\t<div class=\"tpindustri__content\">\r\n\t\t\t\t\t\t\t\t\t\t\t\t\t\t<h3 class=\"tp-industri-title ele-link\">FOSAS C\u00c9PTICAS<\/h3>\r\n\t\t\t\t\t\t\t\t\t\t\t\t\t<\/div>\r\n\t\t\t\t\t<\/div>\r\n\t\t\t\t\t\t\t\t\r\n\t\t\t\t\t\t\t\t\t\t\t\t\t<div class=\"tpindustri wow tpfadeUp elementor-repeater-item-5a070a1\" data-wow-duration=\"0.3s\" data-wow-delay=\"0.6s\">\r\n\t\t\t\t\t\t\t\t\t\t\t\t<div class=\"tpindustri__content\">\r\n\t\t\t\t\t\t\t\t\t\t\t\t\t\t<h3 class=\"tp-industri-title ele-link\">SISTEMAS DE BOMBEO<\/h3>\r\n\t\t\t\t\t\t\t\t\t\t\t\t\t<\/div>\r\n\t\t\t\t\t<\/div>\r\n\t\t\t\t\t\t\t\t\r\n\t\t\t\t\t\t\t\t\t\t\t\t\t<div class=\"tpindustri wow tpfadeUp elementor-repeater-item-74e9e1f\" data-wow-duration=\"0.3s\" data-wow-delay=\"0.6s\">\r\n\t\t\t\t\t\t\t\t\t\t\t\t<div class=\"tpindustri__content\">\r\n\t\t\t\t\t\t\t\t\t\t\t\t\t\t<h3 class=\"tp-industri-title ele-link\">INSTALACI\u00d3N Y LEGALIZACI\u00d3N DE VIVIENDAS<\/h3>\r\n\t\t\t\t\t\t\t\t\t\t\t\t\t<\/div>\r\n\t\t\t\t\t<\/div>\r\n\t\t\t\t\t\t\t\t\r\n\t\t\t\t\t\t\t\t\t\t\t\t\t<div class=\"tpindustri wow tpfadeUp elementor-repeater-item-27d2ea1\" data-wow-duration=\"0.3s\" data-wow-delay=\"0.6s\">\r\n\t\t\t\t\t\t\t\t\t\t\t\t<div class=\"tpindustri__content\">\r\n\t\t\t\t\t\t\t\t\t\t\t\t\t\t<h3 class=\"tp-industri-title ele-link\">CENTRALIZADO DE CONTADORES<\/h3>\r\n\t\t\t\t\t\t\t\t\t\t\t\t\t<\/div>\r\n\t\t\t\t\t<\/div>\r\n\t\t\t\t\t\t\t\t\r\n\t\t\t\t\t\t\t\t\t\t\t\t\t<div class=\"tpindustri wow tpfadeUp elementor-repeater-item-2a516ef\" data-wow-duration=\"0.3s\" data-wow-delay=\"0.6s\">\r\n\t\t\t\t\t\t\t\t\t\t\t\t<div class=\"tpindustri__content\">\r\n\t\t\t\t\t\t\t\t\t\t\t\t\t\t<h3 class=\"tp-industri-title ele-link\">DESATASCOS<\/h3>\r\n\t\t\t\t\t\t\t\t\t\t\t\t\t<\/div>\r\n\t\t\t\t\t<\/div>\r\n\t\t\t\t\t\t\t\t\r\n\t\t\t\t\t\t\t\t\t\t\t\t\t<div class=\"tpindustri wow tpfadeUp elementor-repeater-item-850cff1\" data-wow-duration=\"0.3s\" data-wow-delay=\"0.6s\">\r\n\t\t\t\t\t\t\t\t\t\t\t\t<div class=\"tpindustri__content\">\r\n\t\t\t\t\t\t\t\t\t\t\t\t\t\t<h3 class=\"tp-industri-title ele-link\">TERMOS<\/h3>\r\n\t\t\t\t\t\t\t\t\t\t\t\t\t<\/div>\r\n\t\t\t\t\t<\/div>\r\n\t\t\t\t\t\t\t\t\r\n\t\t\t\t\t\t\t\t\t\t\t\t\t<div class=\"tpindustri wow tpfadeUp elementor-repeater-item-3837332\" data-wow-duration=\"0.3s\" data-wow-delay=\"0.6s\">\r\n\t\t\t\t\t\t\t\t\t\t\t\t<div class=\"tpindustri__content\">\r\n\t\t\t\t\t\t\t\t\t\t\t\t\t\t<h3 class=\"tp-industri-title ele-link\">CALDERAS<\/h3>\r\n\t\t\t\t\t\t\t\t\t\t\t\t\t<\/div>\r\n\t\t\t\t\t<\/div>\r\n\t\t\t\t\t\t\t\t\r\n\t\t\t\t\t\t\t\t\t\t\t\t\t<div class=\"tpindustri wow tpfadeUp elementor-repeater-item-640c17b\" data-wow-duration=\"0.3s\" data-wow-delay=\"0.6s\">\r\n\t\t\t\t\t\t\t\t\t\t\t\t<div class=\"tpindustri__content\">\r\n\t\t\t\t\t\t\t\t\t\t\t\t\t\t<h3 class=\"tp-industri-title ele-link\">LIMPIEZA DE ALJIBES<\/h3>\r\n\t\t\t\t\t\t\t\t\t\t\t\t\t<\/div>\r\n\t\t\t\t\t<\/div>\r\n\t\t\t\t\t\t\t\t\r\n\t\t\t\t\t\t\t\t\t\t\t\t\t<div class=\"tpindustri wow tpfadeUp elementor-repeater-item-42f91e3\" data-wow-duration=\"0.3s\" data-wow-delay=\"0.6s\">\r\n\t\t\t\t\t\t\t\t\t\t\t\t<div class=\"tpindustri__content\">\r\n\t\t\t\t\t\t\t\t\t\t\t\t\t\t<h3 class=\"tp-industri-title ele-link\">CAPTACI\u00d3N<\/h3>\r\n\t\t\t\t\t\t\t\t\t\t\t\t\t<\/div>\r\n\t\t\t\t\t<\/div>\r\n\t\t\t\t\t\t\t\t\r\n            <\/div>\r\n        <\/div>\r\n    <\/div>\r\n<\/div>\r\n\r\n\r\n\t\t<\/div>\n\t\t\t\t<\/div>\n\t\t\t\t\t<\/div>\n\t\t<\/div>\n\t\t\t\t\t<\/div>\n\t\t<\/section>\n\t\t\t\t\t<\/div>\n\t\t<\/div>\n\t\t\t\t\t<\/div>\n\t\t<\/section>\n\t\t\t\t<\/div>\n\t\t","protected":false},"excerpt":{"rendered":"<p>FONTANER\u00cdA Instalaci\u00f3n y Legalizaci\u00f3n Centralizaci\u00f3n de Contadores Suministro y Mantenimiento de Bombas de Presi\u00f3n, de Achique y Fecales Reparaci\u00f3n de Aver\u00edas Trabajos Industriales Suministro, Montaje y Mantenimiento de Aljibes Termos de Gas y El\u00e9ctricos Limpieza y Desatasco de Arquetas Servicios BOMBAS DE PRESI\u00d3N BOMBAS DE ACHIQUE BOMBAS DE FECALES FOSAS C\u00c9PTICAS SISTEMAS DE BOMBEO INSTALACI\u00d3N [&hellip;]<\/p>\n","protected":false},"author":1,"featured_media":6101,"parent":0,"menu_order":0,"comment_status":"closed","ping_status":"closed","template":"elementor_header_footer","meta":{"_acf_changed":false,"footnotes":""},"acf":[],"aioseo_notices":[],"_links":{"self":[{"href":"https:\/\/www.electrosur.es\/en\/wp-json\/wp\/v2\/pages\/5360"}],"collection":[{"href":"https:\/\/www.electrosur.es\/en\/wp-json\/wp\/v2\/pages"}],"about":[{"href":"https:\/\/www.electrosur.es\/en\/wp-json\/wp\/v2\/types\/page"}],"author":[{"embeddable":true,"href":"https:\/\/www.electrosur.es\/en\/wp-json\/wp\/v2\/users\/1"}],"replies":[{"embeddable":true,"href":"https:\/\/www.electrosur.es\/en\/wp-json\/wp\/v2\/comments?post=5360"}],"version-history":[{"count":5,"href":"https:\/\/www.electrosur.es\/en\/wp-json\/wp\/v2\/pages\/5360\/revisions"}],"predecessor-version":[{"id":6167,"href":"https:\/\/www.electrosur.es\/en\/wp-json\/wp\/v2\/pages\/5360\/revisions\/6167"}],"wp:featuredmedia":[{"embeddable":true,"href":"https:\/\/www.electrosur.es\/en\/wp-json\/wp\/v2\/media\/6101"}],"wp:attachment":[{"href":"https:\/\/www.electrosur.es\/en\/wp-json\/wp\/v2\/media?parent=5360"}],"curies":[{"name":"wp","href":"https:\/\/api.w.org\/{rel}","templated":true}]}}