{"id":59,"date":"2022-08-25T06:00:21","date_gmt":"2022-08-25T06:00:21","guid":{"rendered":"https:\/\/weblearnbd.net\/wp\/collax\/?page_id=59"},"modified":"2025-04-02T17:45:31","modified_gmt":"2025-04-02T15:45:31","slug":"contact","status":"publish","type":"page","link":"https:\/\/www.electrosur.es\/en\/contact\/","title":{"rendered":"Contact"},"content":{"rendered":"\t\t<div data-elementor-type=\"wp-page\" data-elementor-id=\"59\" class=\"elementor elementor-59\" data-elementor-post-type=\"page\">\n\t\t\t\t\t\t<section class=\"elementor-section elementor-top-section elementor-element elementor-element-f04aa92 elementor-section-full_width elementor-section-height-default elementor-section-height-default\" data-id=\"f04aa92\" data-element_type=\"section\" data-settings=\"{&quot;background_background&quot;:&quot;classic&quot;}\">\n\t\t\t\t\t\t<div class=\"elementor-container elementor-column-gap-no\">\n\t\t\t\t\t<div class=\"elementor-column elementor-col-100 elementor-top-column elementor-element elementor-element-4753d09\" data-id=\"4753d09\" data-element_type=\"column\">\n\t\t\t<div class=\"elementor-widget-wrap elementor-element-populated\">\n\t\t\t\t<div class=\"elementor-element elementor-element-e79f54a e-flex e-con-boxed e-con e-parent\" data-id=\"e79f54a\" data-element_type=\"container\" data-settings=\"{&quot;background_background&quot;:&quot;classic&quot;,&quot;position&quot;:&quot;fixed&quot;}\">\n\t\t\t\t\t<div class=\"e-con-inner\">\n\t\t\t\t\t<\/div>\n\t\t\t\t<\/div>\n\t\t<div class=\"elementor-element elementor-element-5ac727f e-flex e-con-boxed e-con e-parent\" data-id=\"5ac727f\" data-element_type=\"container\">\n\t\t\t\t\t<div class=\"e-con-inner\">\n\t\t\t\t<div class=\"elementor-element elementor-element-4c92f7e elementor-widget__width-initial elementor-widget elementor-widget-heading\" data-id=\"4c92f7e\" data-element_type=\"widget\" data-widget_type=\"heading.default\">\n\t\t\t\t<div class=\"elementor-widget-container\">\n\t\t\t<style>\/*! elementor - v3.21.0 - 18-04-2024 *\/\n.elementor-heading-title{padding:0;margin:0;line-height:1}.elementor-widget-heading .elementor-heading-title[class*=elementor-size-]>a{color:inherit;font-size:inherit;line-height:inherit}.elementor-widget-heading .elementor-heading-title.elementor-size-small{font-size:15px}.elementor-widget-heading .elementor-heading-title.elementor-size-medium{font-size:19px}.elementor-widget-heading .elementor-heading-title.elementor-size-large{font-size:29px}.elementor-widget-heading .elementor-heading-title.elementor-size-xl{font-size:39px}.elementor-widget-heading .elementor-heading-title.elementor-size-xxl{font-size:59px}<\/style><h2 class=\"elementor-heading-title elementor-size-default\">CONTACTO<\/h2>\t\t<\/div>\n\t\t\t\t<\/div>\n\t\t\t\t\t<\/div>\n\t\t\t\t<\/div>\n\t\t\t\t<section class=\"elementor-section elementor-inner-section elementor-element elementor-element-d0bcabc elementor-section-full_width elementor-section-height-default elementor-section-height-default\" data-id=\"d0bcabc\" data-element_type=\"section\" data-settings=\"{&quot;background_background&quot;:&quot;classic&quot;}\">\n\t\t\t\t\t\t<div class=\"elementor-container elementor-column-gap-default\">\n\t\t\t\t\t<div class=\"elementor-column elementor-col-50 elementor-inner-column elementor-element elementor-element-efd7b71\" data-id=\"efd7b71\" data-element_type=\"column\">\n\t\t\t<div class=\"elementor-widget-wrap elementor-element-populated\">\n\t\t\t\t\t\t<div class=\"elementor-element elementor-element-3a42a20 elementor-widget__width-initial elementor-widget elementor-widget-google_maps\" data-id=\"3a42a20\" data-element_type=\"widget\" data-widget_type=\"google_maps.default\">\n\t\t\t\t<div class=\"elementor-widget-container\">\n\t\t\t<style>\/*! elementor - v3.21.0 - 18-04-2024 *\/\n.elementor-widget-google_maps .elementor-widget-container{overflow:hidden}.elementor-widget-google_maps .elementor-custom-embed{line-height:0}.elementor-widget-google_maps iframe{height:300px}<\/style>\t\t<div class=\"elementor-custom-embed\">\n\t\t\t<iframe loading=\"lazy\"\n\t\t\t\t\tsrc=\"https:\/\/maps.google.com\/maps?q=electrosur%20POLIGONO%20INDUSTRIAL%20LA%20MENACHA%20AVENIDA%20DEL%20ESTRECHO%20NAVE%204%2C%2011204%20Algeciras%2C%20C%C3%A1diz&#038;t=m&#038;z=10&#038;output=embed&#038;iwloc=near\"\n\t\t\t\t\ttitle=\"electrosur POLIGONO INDUSTRIAL LA MENACHA AVENIDA DEL ESTRECHO NAVE 4, 11204 Algeciras, C\u00e1diz\"\n\t\t\t\t\taria-label=\"electrosur POLIGONO INDUSTRIAL LA MENACHA AVENIDA DEL ESTRECHO NAVE 4, 11204 Algeciras, C\u00e1diz\"\n\t\t\t><\/iframe>\n\t\t<\/div>\n\t\t\t\t<\/div>\n\t\t\t\t<\/div>\n\t\t\t\t<div class=\"elementor-element elementor-element-3577e1c elementor-widget elementor-widget-contact-info\" data-id=\"3577e1c\" data-element_type=\"widget\" data-widget_type=\"contact-info.default\">\n\t\t\t\t<div class=\"elementor-widget-container\">\n\t\t\t\r\n\r\n<div class=\"tp-contct-wrapper ele-section\">\r\n\r\n        <div class=\"tp-contact-info mb-40\">\r\n                <h4 class=\"contact-title ele-title\">Correo electr\u00f3nico<\/h4>\r\n                        <p class=\"ele-subtitle\"><span><a href=\"mailto:direccion@electrosur.es\">direccion@electrosur.es<\/a><\/span><\/br>\n<span><a href=\"mailto:montajes @electrosur.es\">montajes@electrosur.es<\/a><\/span><\/p>\r\n            <\/div>\r\n        <div class=\"tp-contact-info mb-40\">\r\n                <h4 class=\"contact-title ele-title\">Tel\u00e9fonos<\/h4>\r\n                        <p class=\"ele-subtitle\"><span><a href=\"tel:+34956097972\">+34 956 097 972  <\/a><\/span>\n<span><\/br><a href=\"tel:+34609511234\">+34 609 511 234 <\/a><\/span><\/p>\r\n            <\/div>\r\n    \r\n<\/div>\r\n\r\n\r\n\t\t<\/div>\n\t\t\t\t<\/div>\n\t\t\t\t\t<\/div>\n\t\t<\/div>\n\t\t\t\t<div class=\"elementor-column elementor-col-50 elementor-inner-column elementor-element elementor-element-1789903\" data-id=\"1789903\" data-element_type=\"column\">\n\t\t\t<div class=\"elementor-widget-wrap elementor-element-populated\">\n\t\t\t\t\t\t<div class=\"elementor-element elementor-element-1447fa6 elementor-widget elementor-widget-heading\" data-id=\"1447fa6\" data-element_type=\"widget\" data-widget_type=\"heading.default\">\n\t\t\t\t<div class=\"elementor-widget-container\">\n\t\t\t<h2 class=\"elementor-heading-title elementor-size-default\">Cont\u00e1ctanos<\/h2>\t\t<\/div>\n\t\t\t\t<\/div>\n\t\t\t\t<div class=\"elementor-element elementor-element-fadf75f elementor-widget__width-initial elementor-widget elementor-widget-wp-widget-custom_html\" data-id=\"fadf75f\" data-element_type=\"widget\" data-widget_type=\"wp-widget-custom_html.default\">\n\t\t\t\t<div class=\"elementor-widget-container\">\n\t\t\t<div class=\"textwidget custom-html-widget\"><div class=\"forminator-ui forminator-custom-form forminator-custom-form-4921 forminator-design--material  forminator_ajax\" data-forminator-render=\"0\" data-form=\"forminator-module-4921\" data-uid=\"69f5a745164c2\"><br\/><\/div><form\n\t\t\t\tid=\"forminator-module-4921\"\n\t\t\t\tclass=\"forminator-ui forminator-custom-form forminator-custom-form-4921 forminator-design--material  forminator_ajax\"\n\t\t\t\tmethod=\"post\"\n\t\t\t\tdata-forminator-render=\"0\"\n\t\t\t\tdata-form-id=\"4921\"\n\t\t\t\t data-color-option=\"default\" data-design=\"material\" data-grid=\"open\" style=\"display: none;\"\n\t\t\t\tdata-uid=\"69f5a745164c2\"\n\t\t\t><div role=\"alert\" aria-live=\"polite\" class=\"forminator-response-message forminator-error\" aria-hidden=\"true\"><\/div><div class=\"forminator-row\"><div id=\"name-1\" class=\"forminator-field-name forminator-col forminator-col-12 \"><div class=\"forminator-row forminator-no-margin\" data-multiple=\"true\"><div class=\"forminator-col forminator-col-md-6\"><div class=\"forminator-field\"><label for=\"forminator-field-first-name-1_69f5a745164c2\" id=\"forminator-field-first-name-1_69f5a745164c2-label\" class=\"forminator-label\">Nombre <span class=\"forminator-required\">*<\/span><\/label><input type=\"text\" name=\"name-1-first-name\" placeholder=\"Ejemplo: Juan\" id=\"forminator-field-first-name-1_69f5a745164c2\" class=\"forminator-input\" aria-required=\"true\" data-multi=\"1\" autocomplete=\"given-name\" value=\"\" \/><\/div><\/div><div class=\"forminator-col forminator-col-md-6\"><div class=\"forminator-field\"><label for=\"forminator-field-last-name-1_69f5a745164c2\" id=\"forminator-field-last-name-1_69f5a745164c2-label\" class=\"forminator-label\">Apellidos <span class=\"forminator-required\">*<\/span><\/label><input type=\"text\" name=\"name-1-last-name\" placeholder=\"Ejemplo: P\u00e9rez\" id=\"forminator-field-last-name-1_69f5a745164c2\" class=\"forminator-input\" aria-required=\"true\" data-multi=\"1\" autocomplete=\"family-name\" value=\"\" \/><\/div><\/div><\/div><\/div><\/div><div class=\"forminator-row\"><div id=\"phone-1\" class=\"forminator-field-phone forminator-col forminator-col-6 \"><div class=\"forminator-field\"><label for=\"forminator-field-phone-1_69f5a745164c2\" id=\"forminator-field-phone-1_69f5a745164c2-label\" class=\"forminator-label\">Tel\u00e9fono <span class=\"forminator-required\">*<\/span><\/label><input type=\"text\" name=\"phone-1\" value=\"\" placeholder=\"\" id=\"forminator-field-phone-1_69f5a745164c2\" class=\"forminator-input forminator-field--phone\" data-required=\"1\" aria-required=\"true\" autocomplete=\"off\" data-validation=\"1\" \/><\/div><\/div><div id=\"email-1\" class=\"forminator-field-email forminator-col forminator-col-6 \"><div class=\"forminator-field\"><label for=\"forminator-field-email-1_69f5a745164c2\" id=\"forminator-field-email-1_69f5a745164c2-label\" class=\"forminator-label\">Correo electr\u00f3nico <span class=\"forminator-required\">*<\/span><\/label><input type=\"email\" name=\"email-1\" value=\"\" placeholder=\"\" id=\"forminator-field-email-1_69f5a745164c2\" class=\"forminator-input forminator-email--field\" data-required=\"true\" aria-required=\"true\" autocomplete=\"email\" \/><\/div><\/div><\/div><div class=\"forminator-row\"><div id=\"checkbox-1\" class=\"forminator-field-checkbox forminator-col forminator-col-12 \"><div role=\"group\" class=\"forminator-field\" aria-labelledby=\"forminator-checkbox-group-forminator-field-checkbox-1-69f5a745164c2-label\"><span id=\"forminator-checkbox-group-forminator-field-checkbox-1-69f5a745164c2-label\" class=\"forminator-label\">Servicios<\/span><label id=\"forminator-field-checkbox-1-1-69f5a745164c2-label\" for=\"forminator-field-checkbox-1-1-69f5a745164c2\" class=\"forminator-checkbox forminator-checkbox-inline\" title=\"Puntos de carga de veh\u00edculos el\u00e9ctricos\"><input type=\"checkbox\" name=\"checkbox-1[]\" value=\"Puntos-de-carga-de-veh\u00edculos-el\u00e9ctricos\" id=\"forminator-field-checkbox-1-1-69f5a745164c2\" aria-labelledby=\"forminator-field-checkbox-1-1-69f5a745164c2-label\" data-calculation=\"0\"  \/><span class=\"forminator-checkbox-box\" aria-hidden=\"true\"><\/span><span class=\"forminator-checkbox-label\">Puntos de carga de veh\u00edculos el\u00e9ctricos<\/span><\/label><label id=\"forminator-field-checkbox-1-2-69f5a745164c2-label\" for=\"forminator-field-checkbox-1-2-69f5a745164c2\" class=\"forminator-checkbox forminator-checkbox-inline\" title=\"El\u00e9ctricos de alta y baja tensi\u00f3n\"><input type=\"checkbox\" name=\"checkbox-1[]\" value=\"el\u00e9ctricos-de-alta-y-baja-tensi\u00f3n\" id=\"forminator-field-checkbox-1-2-69f5a745164c2\" aria-labelledby=\"forminator-field-checkbox-1-2-69f5a745164c2-label\" data-calculation=\"0\"  \/><span class=\"forminator-checkbox-box\" aria-hidden=\"true\"><\/span><span class=\"forminator-checkbox-label\">El\u00e9ctricos de alta y baja tensi\u00f3n<\/span><\/label><label id=\"forminator-field-checkbox-1-3-69f5a745164c2-label\" for=\"forminator-field-checkbox-1-3-69f5a745164c2\" class=\"forminator-checkbox forminator-checkbox-inline\" title=\"Telecomunicaciones\"><input type=\"checkbox\" name=\"checkbox-1[]\" value=\"Instalaci\u00f3n-de-telecomunicaciones\" id=\"forminator-field-checkbox-1-3-69f5a745164c2\" aria-labelledby=\"forminator-field-checkbox-1-3-69f5a745164c2-label\" data-calculation=\"0\"  \/><span class=\"forminator-checkbox-box\" aria-hidden=\"true\"><\/span><span class=\"forminator-checkbox-label\">Telecomunicaciones<\/span><\/label><label id=\"forminator-field-checkbox-1-4-69f5a745164c2-label\" for=\"forminator-field-checkbox-1-4-69f5a745164c2\" class=\"forminator-checkbox forminator-checkbox-inline\" title=\"Aire acondicionado\"><input type=\"checkbox\" name=\"checkbox-1[]\" value=\"Aire-acondicionado\" id=\"forminator-field-checkbox-1-4-69f5a745164c2\" aria-labelledby=\"forminator-field-checkbox-1-4-69f5a745164c2-label\" data-calculation=\"0\"  \/><span class=\"forminator-checkbox-box\" aria-hidden=\"true\"><\/span><span class=\"forminator-checkbox-label\">Aire acondicionado<\/span><\/label><label id=\"forminator-field-checkbox-1-5-69f5a745164c2-label\" for=\"forminator-field-checkbox-1-5-69f5a745164c2\" class=\"forminator-checkbox forminator-checkbox-inline\" title=\"Asistencias navales\"><input type=\"checkbox\" name=\"checkbox-1[]\" value=\"Asistencias-navales\" id=\"forminator-field-checkbox-1-5-69f5a745164c2\" aria-labelledby=\"forminator-field-checkbox-1-5-69f5a745164c2-label\" data-calculation=\"0\"  \/><span class=\"forminator-checkbox-box\" aria-hidden=\"true\"><\/span><span class=\"forminator-checkbox-label\">Asistencias navales<\/span><\/label><label id=\"forminator-field-checkbox-1-6-69f5a745164c2-label\" for=\"forminator-field-checkbox-1-6-69f5a745164c2\" class=\"forminator-checkbox forminator-checkbox-inline\" title=\"Placas solares\"><input type=\"checkbox\" name=\"checkbox-1[]\" value=\"Instalaci\u00f3n-placas-solares\" id=\"forminator-field-checkbox-1-6-69f5a745164c2\" aria-labelledby=\"forminator-field-checkbox-1-6-69f5a745164c2-label\" data-calculation=\"0\"  \/><span class=\"forminator-checkbox-box\" aria-hidden=\"true\"><\/span><span class=\"forminator-checkbox-label\">Placas solares<\/span><\/label><label id=\"forminator-field-checkbox-1-7-69f5a745164c2-label\" for=\"forminator-field-checkbox-1-7-69f5a745164c2\" class=\"forminator-checkbox forminator-checkbox-inline\" title=\"Climatizaci\u00f3n\"><input type=\"checkbox\" name=\"checkbox-1[]\" value=\"Climatizaci\u00f3n\" id=\"forminator-field-checkbox-1-7-69f5a745164c2\" aria-labelledby=\"forminator-field-checkbox-1-7-69f5a745164c2-label\" data-calculation=\"0\"  \/><span class=\"forminator-checkbox-box\" aria-hidden=\"true\"><\/span><span class=\"forminator-checkbox-label\">Climatizaci\u00f3n<\/span><\/label><label id=\"forminator-field-checkbox-1-8-69f5a745164c2-label\" for=\"forminator-field-checkbox-1-8-69f5a745164c2\" class=\"forminator-checkbox forminator-checkbox-inline\" title=\"Fontaner\u00eda\"><input type=\"checkbox\" name=\"checkbox-1[]\" value=\"Fontaner\u00eda\" id=\"forminator-field-checkbox-1-8-69f5a745164c2\" aria-labelledby=\"forminator-field-checkbox-1-8-69f5a745164c2-label\" data-calculation=\"0\"  \/><span class=\"forminator-checkbox-box\" aria-hidden=\"true\"><\/span><span class=\"forminator-checkbox-label\">Fontaner\u00eda<\/span><\/label><\/div><\/div><\/div><div class=\"forminator-row\"><div id=\"textarea-1\" class=\"forminator-field-textarea forminator-col forminator-col-12 \"><div class=\"forminator-field\"><label for=\"forminator-field-textarea-1_69f5a745164c2\" id=\"forminator-field-textarea-1_69f5a745164c2-label\" class=\"forminator-label\">Notas adicionales<\/label><textarea name=\"textarea-1\" placeholder=\"\" id=\"forminator-field-textarea-1_69f5a745164c2\" class=\"forminator-textarea\" rows=\"6\" style=\"min-height:140px;\" maxlength=\"180\" ><\/textarea><span id=\"forminator-field-textarea-1_69f5a745164c2-description\" class=\"forminator-description\"><span data-limit=\"180\" data-type=\"characters\" data-editor=\"\">0 \/ 180<\/span><\/span><\/div><\/div><\/div><input type=\"hidden\" name=\"referer_url\" value=\"\" \/><div class=\"forminator-row forminator-row-last\"><div class=\"forminator-col\"><div class=\"forminator-field\"><button class=\"forminator-button forminator-button-submit\"><span>Solicitar cotizaci&oacute;n<\/span><span aria-hidden=\"true\"><\/span><\/button><\/div><\/div><\/div><input type=\"hidden\" id=\"forminator_nonce\" name=\"forminator_nonce\" value=\"9ceb4e8e7f\" \/><input type=\"hidden\" name=\"_wp_http_referer\" value=\"\/en\/wp-json\/wp\/v2\/pages\/59\" \/><input type=\"hidden\" name=\"form_id\" value=\"4921\"><input type=\"hidden\" name=\"page_id\" value=\"0\"><input type=\"hidden\" name=\"form_type\" value=\"default\"><input type=\"hidden\" name=\"current_url\" value=\"\"><input type=\"hidden\" name=\"render_id\" value=\"0\"><input type=\"hidden\" name=\"action\" value=\"forminator_submit_form_custom-forms\"><\/form><\/div>\t\t<\/div>\n\t\t\t\t<\/div>\n\t\t\t\t<div class=\"elementor-element elementor-element-21ab699 elementor-widget elementor-widget-image\" data-id=\"21ab699\" data-element_type=\"widget\" data-widget_type=\"image.default\">\n\t\t\t\t<div class=\"elementor-widget-container\">\n\t\t\t<style>\/*! elementor - v3.21.0 - 18-04-2024 *\/\n.elementor-widget-image{text-align:center}.elementor-widget-image a{display:inline-block}.elementor-widget-image a img[src$=\".svg\"]{width:48px}.elementor-widget-image img{vertical-align:middle;display:inline-block}<\/style>\t\t\t\t\t\t\t\t\t\t<img fetchpriority=\"high\" decoding=\"async\" width=\"640\" height=\"640\" src=\"https:\/\/www.electrosur.es\/wp-content\/uploads\/2024\/03\/Diseno-sin-titulo-33-1024x1024.png\" class=\"attachment-large size-large wp-image-4934\" alt=\"\" srcset=\"https:\/\/www.electrosur.es\/wp-content\/uploads\/2024\/03\/Diseno-sin-titulo-33-1024x1024.png 1024w, https:\/\/www.electrosur.es\/wp-content\/uploads\/2024\/03\/Diseno-sin-titulo-33-300x300.png 300w, https:\/\/www.electrosur.es\/wp-content\/uploads\/2024\/03\/Diseno-sin-titulo-33-150x150.png 150w, https:\/\/www.electrosur.es\/wp-content\/uploads\/2024\/03\/Diseno-sin-titulo-33-768x768.png 768w, https:\/\/www.electrosur.es\/wp-content\/uploads\/2024\/03\/Diseno-sin-titulo-33-600x600.png 600w, https:\/\/www.electrosur.es\/wp-content\/uploads\/2024\/03\/Diseno-sin-titulo-33-100x100.png 100w, https:\/\/www.electrosur.es\/wp-content\/uploads\/2024\/03\/Diseno-sin-titulo-33-460x460.png 460w, https:\/\/www.electrosur.es\/wp-content\/uploads\/2024\/03\/Diseno-sin-titulo-33.png 1080w\" sizes=\"(max-width: 640px) 100vw, 640px\" \/>\t\t\t\t\t\t\t\t\t\t\t\t\t<\/div>\n\t\t\t\t<\/div>\n\t\t\t\t\t<\/div>\n\t\t<\/div>\n\t\t\t\t\t<\/div>\n\t\t<\/section>\n\t\t\t\t\t<\/div>\n\t\t<\/div>\n\t\t\t\t\t<\/div>\n\t\t<\/section>\n\t\t\t\t<\/div>\n\t\t","protected":false},"excerpt":{"rendered":"<p>CONTACTO Correo electr\u00f3nico direccion@electrosur.es montajes@electrosur.es Tel\u00e9fonos +34 956 097 972 +34 609 511 234 Cont\u00e1ctanos<\/p>","protected":false},"author":1,"featured_media":5498,"parent":0,"menu_order":0,"comment_status":"closed","ping_status":"closed","template":"elementor_header_footer","meta":{"_acf_changed":false,"footnotes":""},"acf":[],"aioseo_notices":[],"_links":{"self":[{"href":"https:\/\/www.electrosur.es\/en\/wp-json\/wp\/v2\/pages\/59"}],"collection":[{"href":"https:\/\/www.electrosur.es\/en\/wp-json\/wp\/v2\/pages"}],"about":[{"href":"https:\/\/www.electrosur.es\/en\/wp-json\/wp\/v2\/types\/page"}],"author":[{"embeddable":true,"href":"https:\/\/www.electrosur.es\/en\/wp-json\/wp\/v2\/users\/1"}],"replies":[{"embeddable":true,"href":"https:\/\/www.electrosur.es\/en\/wp-json\/wp\/v2\/comments?post=59"}],"version-history":[{"count":5,"href":"https:\/\/www.electrosur.es\/en\/wp-json\/wp\/v2\/pages\/59\/revisions"}],"predecessor-version":[{"id":6267,"href":"https:\/\/www.electrosur.es\/en\/wp-json\/wp\/v2\/pages\/59\/revisions\/6267"}],"wp:featuredmedia":[{"embeddable":true,"href":"https:\/\/www.electrosur.es\/en\/wp-json\/wp\/v2\/media\/5498"}],"wp:attachment":[{"href":"https:\/\/www.electrosur.es\/en\/wp-json\/wp\/v2\/media?parent=59"}],"curies":[{"name":"wp","href":"https:\/\/api.w.org\/{rel}","templated":true}]}}