{"id":5923,"date":"2024-05-23T14:28:33","date_gmt":"2024-05-23T12:28:33","guid":{"rendered":"https:\/\/www.electrosur.es\/?page_id=5923"},"modified":"2025-01-20T13:30:52","modified_gmt":"2025-01-20T12:30:52","slug":"alquiler-de-material-electrico","status":"publish","type":"page","link":"https:\/\/www.electrosur.es\/en\/alquiler-de-material-electrico\/","title":{"rendered":"Alquiler de Material El\u00e9ctrico"},"content":{"rendered":"\t\t<div data-elementor-type=\"wp-page\" data-elementor-id=\"5923\" class=\"elementor elementor-5923\" data-elementor-post-type=\"page\">\n\t\t\t\t\t\t<section class=\"elementor-section elementor-top-section elementor-element elementor-element-164f0d0 elementor-section-full_width elementor-section-height-default elementor-section-height-default\" data-id=\"164f0d0\" data-element_type=\"section\" data-settings=\"{&quot;background_background&quot;:&quot;classic&quot;}\">\n\t\t\t\t\t\t<div class=\"elementor-container elementor-column-gap-no\">\n\t\t\t\t\t<div class=\"elementor-column elementor-col-100 elementor-top-column elementor-element elementor-element-1ff06a3\" data-id=\"1ff06a3\" data-element_type=\"column\">\n\t\t\t<div class=\"elementor-widget-wrap elementor-element-populated\">\n\t\t\t\t<div class=\"elementor-element elementor-element-02c58cd e-flex e-con-boxed e-con e-parent\" data-id=\"02c58cd\" data-element_type=\"container\" data-settings=\"{&quot;background_background&quot;:&quot;classic&quot;,&quot;position&quot;:&quot;fixed&quot;}\">\n\t\t\t\t\t<div class=\"e-con-inner\">\n\t\t\t\t\t<\/div>\n\t\t\t\t<\/div>\n\t\t<div class=\"elementor-element elementor-element-c295ad3 e-flex e-con-boxed e-con e-parent\" data-id=\"c295ad3\" data-element_type=\"container\">\n\t\t\t\t\t<div class=\"e-con-inner\">\n\t\t\t\t<div class=\"elementor-element elementor-element-f6ed172 elementor-widget__width-initial elementor-widget elementor-widget-heading\" data-id=\"f6ed172\" data-element_type=\"widget\" data-widget_type=\"heading.default\">\n\t\t\t\t<div class=\"elementor-widget-container\">\n\t\t\t<style>\/*! elementor - v3.21.0 - 18-04-2024 *\/\n.elementor-heading-title{padding:0;margin:0;line-height:1}.elementor-widget-heading .elementor-heading-title[class*=elementor-size-]>a{color:inherit;font-size:inherit;line-height:inherit}.elementor-widget-heading .elementor-heading-title.elementor-size-small{font-size:15px}.elementor-widget-heading .elementor-heading-title.elementor-size-medium{font-size:19px}.elementor-widget-heading .elementor-heading-title.elementor-size-large{font-size:29px}.elementor-widget-heading .elementor-heading-title.elementor-size-xl{font-size:39px}.elementor-widget-heading .elementor-heading-title.elementor-size-xxl{font-size:59px}<\/style><h2 class=\"elementor-heading-title elementor-size-default\">ALQUILER DE MATERIAL EL\u00c9CTRICO<\/h2>\t\t<\/div>\n\t\t\t\t<\/div>\n\t\t\t\t\t<\/div>\n\t\t\t\t<\/div>\n\t\t\t\t<section class=\"elementor-section elementor-inner-section elementor-element elementor-element-a9500b1 elementor-section-full_width elementor-section-height-default elementor-section-height-default\" data-id=\"a9500b1\" data-element_type=\"section\" data-settings=\"{&quot;background_background&quot;:&quot;classic&quot;}\">\n\t\t\t\t\t\t<div class=\"elementor-container elementor-column-gap-default\">\n\t\t\t\t\t<div class=\"elementor-column elementor-col-100 elementor-inner-column elementor-element elementor-element-ef1c814\" data-id=\"ef1c814\" data-element_type=\"column\">\n\t\t\t<div class=\"elementor-widget-wrap elementor-element-populated\">\n\t\t\t\t<div class=\"elementor-element elementor-element-8a12f21 e-flex e-con-boxed e-con e-parent\" data-id=\"8a12f21\" data-element_type=\"container\">\n\t\t\t\t\t<div class=\"e-con-inner\">\n\t\t<div class=\"elementor-element elementor-element-0c6325c e-flex e-con-boxed e-con e-child\" data-id=\"0c6325c\" data-element_type=\"container\">\n\t\t\t\t\t<div class=\"e-con-inner\">\n\t\t\t\t<div class=\"elementor-element elementor-element-b9f9ece elementor-position-top elementor-widget elementor-widget-image-box\" data-id=\"b9f9ece\" data-element_type=\"widget\" data-widget_type=\"image-box.default\">\n\t\t\t\t<div class=\"elementor-widget-container\">\n\t\t\t<style>\/*! elementor - v3.21.0 - 18-04-2024 *\/\n.elementor-widget-image-box .elementor-image-box-content{width:100%}@media (min-width:768px){.elementor-widget-image-box.elementor-position-left .elementor-image-box-wrapper,.elementor-widget-image-box.elementor-position-right .elementor-image-box-wrapper{display:flex}.elementor-widget-image-box.elementor-position-right .elementor-image-box-wrapper{text-align:end;flex-direction:row-reverse}.elementor-widget-image-box.elementor-position-left .elementor-image-box-wrapper{text-align:start;flex-direction:row}.elementor-widget-image-box.elementor-position-top .elementor-image-box-img{margin:auto}.elementor-widget-image-box.elementor-vertical-align-top .elementor-image-box-wrapper{align-items:flex-start}.elementor-widget-image-box.elementor-vertical-align-middle .elementor-image-box-wrapper{align-items:center}.elementor-widget-image-box.elementor-vertical-align-bottom .elementor-image-box-wrapper{align-items:flex-end}}@media (max-width:767px){.elementor-widget-image-box .elementor-image-box-img{margin-left:auto!important;margin-right:auto!important;margin-bottom:15px}}.elementor-widget-image-box .elementor-image-box-img{display:inline-block}.elementor-widget-image-box .elementor-image-box-title a{color:inherit}.elementor-widget-image-box .elementor-image-box-wrapper{text-align:center}.elementor-widget-image-box .elementor-image-box-description{margin:0}<\/style><div class=\"elementor-image-box-wrapper\"><figure class=\"elementor-image-box-img\"><img fetchpriority=\"high\" decoding=\"async\" width=\"8688\" height=\"5792\" src=\"https:\/\/www.electrosur.es\/wp-content\/uploads\/2024\/05\/cables-and-cords-electrical-device-2023-11-27-05-11-12-utc.jpg\" class=\"attachment-full size-full wp-image-5918\" alt=\"\" srcset=\"https:\/\/www.electrosur.es\/wp-content\/uploads\/2024\/05\/cables-and-cords-electrical-device-2023-11-27-05-11-12-utc.jpg 8688w, https:\/\/www.electrosur.es\/wp-content\/uploads\/2024\/05\/cables-and-cords-electrical-device-2023-11-27-05-11-12-utc-300x200.jpg 300w, https:\/\/www.electrosur.es\/wp-content\/uploads\/2024\/05\/cables-and-cords-electrical-device-2023-11-27-05-11-12-utc-1024x683.jpg 1024w, https:\/\/www.electrosur.es\/wp-content\/uploads\/2024\/05\/cables-and-cords-electrical-device-2023-11-27-05-11-12-utc-768x512.jpg 768w, https:\/\/www.electrosur.es\/wp-content\/uploads\/2024\/05\/cables-and-cords-electrical-device-2023-11-27-05-11-12-utc-600x400.jpg 600w\" sizes=\"(max-width: 8688px) 100vw, 8688px\" \/><\/figure><div class=\"elementor-image-box-content\"><h3 class=\"elementor-image-box-title\">Generadores y Soluciones de Energ\u00eda<\/h3><\/div><\/div>\t\t<\/div>\n\t\t\t\t<\/div>\n\t\t\t\t\t<\/div>\n\t\t\t\t<\/div>\n\t\t<div class=\"elementor-element elementor-element-5ad642e e-con-full e-flex e-con e-child\" data-id=\"5ad642e\" data-element_type=\"container\">\n\t\t\t\t<div class=\"elementor-element elementor-element-c4c798a elementor-position-top elementor-widget elementor-widget-image-box\" data-id=\"c4c798a\" data-element_type=\"widget\" data-widget_type=\"image-box.default\">\n\t\t\t\t<div class=\"elementor-widget-container\">\n\t\t\t<div class=\"elementor-image-box-wrapper\"><figure class=\"elementor-image-box-img\"><img decoding=\"async\" src=\"https:\/\/www.electrosur.es\/wp-content\/uploads\/elementor\/thumbs\/CUADRO-TRIFASICO-rkalzdrcc4v1j7gwsetos7gbgo22rxxcl4qedtkdg6.jpg\" title=\"CUADRO TRIFASICO\" alt=\"CUADRO TRIFASICO\" loading=\"lazy\" \/><\/figure><div class=\"elementor-image-box-content\"><h3 class=\"elementor-image-box-title\">Cuadros el\u00e9ctricos Trif\u00e1sicos<\/h3><\/div><\/div>\t\t<\/div>\n\t\t\t\t<\/div>\n\t\t\t\t<\/div>\n\t\t<div class=\"elementor-element elementor-element-38b1680 e-con-full e-flex e-con e-child\" data-id=\"38b1680\" data-element_type=\"container\">\n\t\t\t\t<div class=\"elementor-element elementor-element-5acc903 elementor-position-top elementor-widget elementor-widget-image-box\" data-id=\"5acc903\" data-element_type=\"widget\" data-widget_type=\"image-box.default\">\n\t\t\t\t<div class=\"elementor-widget-container\">\n\t\t\t<div class=\"elementor-image-box-wrapper\"><figure class=\"elementor-image-box-img\"><img decoding=\"async\" src=\"https:\/\/www.electrosur.es\/wp-content\/uploads\/elementor\/thumbs\/CUADRO-MONOFASICO-rkalzdrcc4v1j7gwsetos7gbgo22rxxcl4qedtkdg6.jpg\" title=\"CUADRO MONOFASICO\" alt=\"CUADRO MONOFASICO\" loading=\"lazy\" \/><\/figure><div class=\"elementor-image-box-content\"><h3 class=\"elementor-image-box-title\">Cuadros el\u00e9ctricos Monof\u00e1sicos<\/h3><\/div><\/div>\t\t<\/div>\n\t\t\t\t<\/div>\n\t\t\t\t<\/div>\n\t\t\t\t\t<\/div>\n\t\t\t\t<\/div>\n\t\t\t\t\t<\/div>\n\t\t<\/div>\n\t\t\t\t\t<\/div>\n\t\t<\/section>\n\t\t\t\t<section class=\"elementor-section elementor-inner-section elementor-element elementor-element-c1e35a8 elementor-hidden-desktop elementor-hidden-tablet elementor-hidden-mobile elementor-section-boxed elementor-section-height-default elementor-section-height-default\" data-id=\"c1e35a8\" data-element_type=\"section\" data-settings=\"{&quot;background_background&quot;:&quot;classic&quot;}\">\n\t\t\t\t\t\t<div class=\"elementor-container elementor-column-gap-default\">\n\t\t\t\t\t<div class=\"elementor-column elementor-col-100 elementor-inner-column elementor-element elementor-element-91d429c\" data-id=\"91d429c\" data-element_type=\"column\">\n\t\t\t<div class=\"elementor-widget-wrap elementor-element-populated\">\n\t\t\t\t\t\t<div class=\"elementor-element elementor-element-52141b1 elementor-widget elementor-widget-industries\" data-id=\"52141b1\" data-element_type=\"widget\" data-widget_type=\"industries.default\">\n\t\t\t\t<div class=\"elementor-widget-container\">\n\t\t\t\r\n\r\n<div class=\"tp-industri-area pb-30 p-relative\">\r\n\r\n\t    <div class=\"bs-industri-1 d-none d-lg-block\">\r\n        <img decoding=\"async\" src=\"https:\/\/www.electrosur.es\/wp-content\/themes\/collax\/assets\/img\/chose\/hero-shape-5.1.png\" alt=\"section-img\">\r\n    <\/div>\r\n\t\r\n    <div class=\"container tp-industri-bg ele-section\">\r\n\r\n\t\t        <div class=\"row justify-content-center\">\r\n            <div class=\"col-xl-10\">\r\n                <div class=\"tp-project-section-box text-center\">\r\n                    <h2 class=\"tp-title-sm pb-60 ele-title\">Servicios<\/h2>\r\n                <\/div>\r\n            <\/div>\r\n        <\/div>\r\n\t\t\r\n        <div class=\"row justify-content-center tp-industri-space\">\r\n            <div class=\"col-12\">\r\n\r\n\t\t\t\t\r\n\t\t\t\t\t\t\t\t\t\t\t\t\t<div class=\"tpindustri wow tpfadeUp elementor-repeater-item-2a4a31f\" data-wow-duration=\"0.3s\" data-wow-delay=\"0.6s\">\r\n\t\t\t\t\t\t\t\t\t\t\t\t<div class=\"tpindustri__content\">\r\n\t\t\t\t\t\t\t\t\t\t\t\t\t\t<h3 class=\"tp-industri-title ele-link\">SUMINISTRO , MONTAJE Y MANTENIMIENTO DE CENTROS DE TRANSFORMACI\u00d3N<\/h3>\r\n\t\t\t\t\t\t\t\t\t\t\t\t\t<\/div>\r\n\t\t\t\t\t<\/div>\r\n\t\t\t\t\t\t\t\t\r\n\t\t\t\t\t\t\t\t\t\t\t\t\t<div class=\"tpindustri wow tpfadeUp elementor-repeater-item-2a14b6a\" data-wow-duration=\"0.3s\" data-wow-delay=\"0.6s\">\r\n\t\t\t\t\t\t\t\t\t\t\t\t<div class=\"tpindustri__content\">\r\n\t\t\t\t\t\t\t\t\t\t\t\t\t\t<h3 class=\"tp-industri-title ele-link\">LOCALIZACI\u00d3N DE AVER\u00cdAS<\/h3>\r\n\t\t\t\t\t\t\t\t\t\t\t\t\t<\/div>\r\n\t\t\t\t\t<\/div>\r\n\t\t\t\t\t\t\t\t\r\n\t\t\t\t\t\t\t\t\t\t\t\t\t<div class=\"tpindustri wow tpfadeUp elementor-repeater-item-2742e44\" data-wow-duration=\"0.3s\" data-wow-delay=\"0.6s\">\r\n\t\t\t\t\t\t\t\t\t\t\t\t<div class=\"tpindustri__content\">\r\n\t\t\t\t\t\t\t\t\t\t\t\t\t\t<h3 class=\"tp-industri-title ele-link\">MEDIDOR AISLAMIENTO 25KV<\/h3>\r\n\t\t\t\t\t\t\t\t\t\t\t\t\t<\/div>\r\n\t\t\t\t\t<\/div>\r\n\t\t\t\t\t\t\t\t\r\n\t\t\t\t\t\t\t\t\t\t\t\t\t<div class=\"tpindustri wow tpfadeUp elementor-repeater-item-c9c8d98\" data-wow-duration=\"0.3s\" data-wow-delay=\"0.6s\">\r\n\t\t\t\t\t\t\t\t\t\t\t\t<div class=\"tpindustri__content\">\r\n\t\t\t\t\t\t\t\t\t\t\t\t\t\t<h3 class=\"tp-industri-title ele-link\">TERMOGRAF\u00cdA<\/h3>\r\n\t\t\t\t\t\t\t\t\t\t\t\t\t<\/div>\r\n\t\t\t\t\t<\/div>\r\n\t\t\t\t\t\t\t\t\r\n\t\t\t\t\t\t\t\t\t\t\t\t\t<div class=\"tpindustri wow tpfadeUp elementor-repeater-item-5f2d936\" data-wow-duration=\"0.3s\" data-wow-delay=\"0.6s\">\r\n\t\t\t\t\t\t\t\t\t\t\t\t<div class=\"tpindustri__content\">\r\n\t\t\t\t\t\t\t\t\t\t\t\t\t\t<h3 class=\"tp-industri-title ele-link\">DETECTOR DE TENSI\u00d3N HASTA 30 KV<\/h3>\r\n\t\t\t\t\t\t\t\t\t\t\t\t\t<\/div>\r\n\t\t\t\t\t<\/div>\r\n\t\t\t\t\t\t\t\t\r\n\t\t\t\t\t\t\t\t\t\t\t\t\t<div class=\"tpindustri wow tpfadeUp elementor-repeater-item-8957843\" data-wow-duration=\"0.3s\" data-wow-delay=\"0.6s\">\r\n\t\t\t\t\t\t\t\t\t\t\t\t<div class=\"tpindustri__content\">\r\n\t\t\t\t\t\t\t\t\t\t\t\t\t\t<h3 class=\"tp-industri-title ele-link\">P\u00c9RTIGAS Y SEGURIDAD<\/h3>\r\n\t\t\t\t\t\t\t\t\t\t\t\t\t<\/div>\r\n\t\t\t\t\t<\/div>\r\n\t\t\t\t\t\t\t\t\r\n\t\t\t\t\t\t\t\t\t\t\t\t\t<div class=\"tpindustri wow tpfadeUp elementor-repeater-item-eda3007\" data-wow-duration=\"0.3s\" data-wow-delay=\"0.6s\">\r\n\t\t\t\t\t\t\t\t\t\t\t\t<div class=\"tpindustri__content\">\r\n\t\t\t\t\t\t\t\t\t\t\t\t\t\t<h3 class=\"tp-industri-title ele-link\">EMPALMES ALTA TENSI\u00d3N<\/h3>\r\n\t\t\t\t\t\t\t\t\t\t\t\t\t<\/div>\r\n\t\t\t\t\t<\/div>\r\n\t\t\t\t\t\t\t\t\r\n\t\t\t\t\t\t\t\t\t\t\t\t\t<div class=\"tpindustri wow tpfadeUp elementor-repeater-item-99acadf\" data-wow-duration=\"0.3s\" data-wow-delay=\"0.6s\">\r\n\t\t\t\t\t\t\t\t\t\t\t\t<div class=\"tpindustri__content\">\r\n\t\t\t\t\t\t\t\t\t\t\t\t\t\t<h3 class=\"tp-industri-title ele-link\">L\u00cdNEAS A\u00c9REAS<\/h3>\r\n\t\t\t\t\t\t\t\t\t\t\t\t\t<\/div>\r\n\t\t\t\t\t<\/div>\r\n\t\t\t\t\t\t\t\t\r\n\t\t\t\t\t\t\t\t\t\t\t\t\t<div class=\"tpindustri wow tpfadeUp elementor-repeater-item-0a600ef\" data-wow-duration=\"0.3s\" data-wow-delay=\"0.6s\">\r\n\t\t\t\t\t\t\t\t\t\t\t\t<div class=\"tpindustri__content\">\r\n\t\t\t\t\t\t\t\t\t\t\t\t\t\t<h3 class=\"tp-industri-title ele-link\">TORRES<\/h3>\r\n\t\t\t\t\t\t\t\t\t\t\t\t\t<\/div>\r\n\t\t\t\t\t<\/div>\r\n\t\t\t\t\t\t\t\t\r\n\t\t\t\t\t\t\t\t\t\t\t\t\t<div class=\"tpindustri wow tpfadeUp elementor-repeater-item-0c9a513\" data-wow-duration=\"0.3s\" data-wow-delay=\"0.6s\">\r\n\t\t\t\t\t\t\t\t\t\t\t\t<div class=\"tpindustri__content\">\r\n\t\t\t\t\t\t\t\t\t\t\t\t\t\t<h3 class=\"tp-industri-title ele-link\">TRANSFORMADORES<\/h3>\r\n\t\t\t\t\t\t\t\t\t\t\t\t\t<\/div>\r\n\t\t\t\t\t<\/div>\r\n\t\t\t\t\t\t\t\t\r\n\t\t\t\t\t\t\t\t\t\t\t\t\t<div class=\"tpindustri wow tpfadeUp elementor-repeater-item-82551b0\" data-wow-duration=\"0.3s\" data-wow-delay=\"0.6s\">\r\n\t\t\t\t\t\t\t\t\t\t\t\t<div class=\"tpindustri__content\">\r\n\t\t\t\t\t\t\t\t\t\t\t\t\t\t<h3 class=\"tp-industri-title ele-link\">TRABAJOS EN ALTURA<\/h3>\r\n\t\t\t\t\t\t\t\t\t\t\t\t\t<\/div>\r\n\t\t\t\t\t<\/div>\r\n\t\t\t\t\t\t\t\t\r\n            <\/div>\r\n        <\/div>\r\n    <\/div>\r\n<\/div>\r\n\r\n\r\n\t\t<\/div>\n\t\t\t\t<\/div>\n\t\t\t\t\t<\/div>\n\t\t<\/div>\n\t\t\t\t\t<\/div>\n\t\t<\/section>\n\t\t\t\t\t<\/div>\n\t\t<\/div>\n\t\t\t\t\t<\/div>\n\t\t<\/section>\n\t\t\t\t<\/div>\n\t\t","protected":false},"excerpt":{"rendered":"<p>ALQUILER DE MATERIAL EL\u00c9CTRICO Generadores y Soluciones de Energ\u00eda Cuadros el\u00e9ctricos Trif\u00e1sicos Cuadros el\u00e9ctricos Monof\u00e1sicos Servicios SUMINISTRO , MONTAJE Y MANTENIMIENTO DE CENTROS DE TRANSFORMACI\u00d3N LOCALIZACI\u00d3N DE AVER\u00cdAS MEDIDOR AISLAMIENTO 25KV TERMOGRAF\u00cdA DETECTOR DE TENSI\u00d3N HASTA 30 KV P\u00c9RTIGAS Y SEGURIDAD EMPALMES ALTA TENSI\u00d3N L\u00cdNEAS A\u00c9REAS TORRES TRANSFORMADORES TRABAJOS EN ALTURA<\/p>","protected":false},"author":1,"featured_media":5288,"parent":0,"menu_order":0,"comment_status":"closed","ping_status":"closed","template":"elementor_header_footer","meta":{"_acf_changed":false,"footnotes":""},"acf":[],"aioseo_notices":[],"_links":{"self":[{"href":"https:\/\/www.electrosur.es\/en\/wp-json\/wp\/v2\/pages\/5923"}],"collection":[{"href":"https:\/\/www.electrosur.es\/en\/wp-json\/wp\/v2\/pages"}],"about":[{"href":"https:\/\/www.electrosur.es\/en\/wp-json\/wp\/v2\/types\/page"}],"author":[{"embeddable":true,"href":"https:\/\/www.electrosur.es\/en\/wp-json\/wp\/v2\/users\/1"}],"replies":[{"embeddable":true,"href":"https:\/\/www.electrosur.es\/en\/wp-json\/wp\/v2\/comments?post=5923"}],"version-history":[{"count":5,"href":"https:\/\/www.electrosur.es\/en\/wp-json\/wp\/v2\/pages\/5923\/revisions"}],"predecessor-version":[{"id":6199,"href":"https:\/\/www.electrosur.es\/en\/wp-json\/wp\/v2\/pages\/5923\/revisions\/6199"}],"wp:featuredmedia":[{"embeddable":true,"href":"https:\/\/www.electrosur.es\/en\/wp-json\/wp\/v2\/media\/5288"}],"wp:attachment":[{"href":"https:\/\/www.electrosur.es\/en\/wp-json\/wp\/v2\/media?parent=5923"}],"curies":[{"name":"wp","href":"https:\/\/api.w.org\/{rel}","templated":true}]}}