{"id":6478,"date":"2026-03-31T13:39:12","date_gmt":"2026-03-31T11:39:12","guid":{"rendered":"https:\/\/www.electrosur.es\/?page_id=6478"},"modified":"2026-04-15T11:59:00","modified_gmt":"2026-04-15T09:59:00","slug":"sobre-nosotros","status":"publish","type":"page","link":"https:\/\/www.electrosur.es\/en\/sobre-nosotros\/","title":{"rendered":"Sobre nosotros"},"content":{"rendered":"\t\t<div data-elementor-type=\"wp-page\" data-elementor-id=\"6478\" class=\"elementor elementor-6478\" data-elementor-post-type=\"page\">\n\t\t\t\t<div class=\"elementor-element elementor-element-58a7bdf e-con-full e-flex e-con e-parent\" data-id=\"58a7bdf\" data-element_type=\"container\" data-settings=\"{&quot;background_background&quot;:&quot;classic&quot;,&quot;position&quot;:&quot;fixed&quot;}\">\n\t\t\t\t<\/div>\n\t\t<div class=\"elementor-element elementor-element-0c61b1d e-con-full e-flex e-con e-parent\" data-id=\"0c61b1d\" data-element_type=\"container\">\n\t\t\t\t<div class=\"elementor-element elementor-element-2cdbb26 elementor-widget elementor-widget-heading\" data-id=\"2cdbb26\" data-element_type=\"widget\" data-widget_type=\"heading.default\">\n\t\t\t\t<div class=\"elementor-widget-container\">\n\t\t\t<style>\/*! elementor - v3.21.0 - 18-04-2024 *\/\n.elementor-heading-title{padding:0;margin:0;line-height:1}.elementor-widget-heading .elementor-heading-title[class*=elementor-size-]>a{color:inherit;font-size:inherit;line-height:inherit}.elementor-widget-heading .elementor-heading-title.elementor-size-small{font-size:15px}.elementor-widget-heading .elementor-heading-title.elementor-size-medium{font-size:19px}.elementor-widget-heading .elementor-heading-title.elementor-size-large{font-size:29px}.elementor-widget-heading .elementor-heading-title.elementor-size-xl{font-size:39px}.elementor-widget-heading .elementor-heading-title.elementor-size-xxl{font-size:59px}<\/style><h2 class=\"elementor-heading-title elementor-size-default\">Sobre nosotros<\/h2>\t\t<\/div>\n\t\t\t\t<\/div>\n\t\t\t\t<div class=\"elementor-element elementor-element-735fdd0 elementor-widget elementor-widget-heading\" data-id=\"735fdd0\" data-element_type=\"widget\" data-widget_type=\"heading.default\">\n\t\t\t\t<div class=\"elementor-widget-container\">\n\t\t\t<h2 class=\"elementor-heading-title elementor-size-default\">Montajes e Instalaciones Industriales desde 1997<\/h2>\t\t<\/div>\n\t\t\t\t<\/div>\n\t\t<div class=\"elementor-element elementor-element-43d028d e-con-full e-flex e-con e-child\" data-id=\"43d028d\" data-element_type=\"container\" data-settings=\"{&quot;background_background&quot;:&quot;classic&quot;}\">\n\t\t<div class=\"elementor-element elementor-element-6fd348a e-con-full e-flex e-con e-child\" data-id=\"6fd348a\" data-element_type=\"container\" data-settings=\"{&quot;background_background&quot;:&quot;classic&quot;}\">\n\t\t\t\t<div class=\"elementor-element elementor-element-4f4e092 elementor-widget elementor-widget-image\" data-id=\"4f4e092\" data-element_type=\"widget\" data-widget_type=\"image.default\">\n\t\t\t\t<div class=\"elementor-widget-container\">\n\t\t\t<style>\/*! elementor - v3.21.0 - 18-04-2024 *\/\n.elementor-widget-image{text-align:center}.elementor-widget-image a{display:inline-block}.elementor-widget-image a img[src$=\".svg\"]{width:48px}.elementor-widget-image img{vertical-align:middle;display:inline-block}<\/style>\t\t\t\t\t\t\t\t\t\t<img fetchpriority=\"high\" decoding=\"async\" width=\"512\" height=\"512\" src=\"https:\/\/www.electrosur.es\/wp-content\/uploads\/2026\/03\/apoyo-tecnico.png\" class=\"attachment-full size-full wp-image-6334\" alt=\"\" srcset=\"https:\/\/www.electrosur.es\/wp-content\/uploads\/2026\/03\/apoyo-tecnico.png 512w, https:\/\/www.electrosur.es\/wp-content\/uploads\/2026\/03\/apoyo-tecnico-300x300.png 300w, https:\/\/www.electrosur.es\/wp-content\/uploads\/2026\/03\/apoyo-tecnico-150x150.png 150w, https:\/\/www.electrosur.es\/wp-content\/uploads\/2026\/03\/apoyo-tecnico-12x12.png 12w\" sizes=\"(max-width: 512px) 100vw, 512px\" \/>\t\t\t\t\t\t\t\t\t\t\t\t\t<\/div>\n\t\t\t\t<\/div>\n\t\t\t\t<div class=\"elementor-element elementor-element-3e539e2 elementor-widget elementor-widget-heading\" data-id=\"3e539e2\" data-element_type=\"widget\" data-widget_type=\"heading.default\">\n\t\t\t\t<div class=\"elementor-widget-container\">\n\t\t\t<h3 class=\"elementor-heading-title elementor-size-default\">Asesoramiento  especializado<\/h3>\t\t<\/div>\n\t\t\t\t<\/div>\n\t\t\t\t<div class=\"elementor-element elementor-element-17537fb elementor-widget elementor-widget-text-editor\" data-id=\"17537fb\" data-element_type=\"widget\" data-widget_type=\"text-editor.default\">\n\t\t\t\t<div class=\"elementor-widget-container\">\n\t\t\t<style>\/*! elementor - v3.21.0 - 18-04-2024 *\/\n.elementor-widget-text-editor.elementor-drop-cap-view-stacked .elementor-drop-cap{background-color:#69727d;color:#fff}.elementor-widget-text-editor.elementor-drop-cap-view-framed .elementor-drop-cap{color:#69727d;border:3px solid;background-color:transparent}.elementor-widget-text-editor:not(.elementor-drop-cap-view-default) .elementor-drop-cap{margin-top:8px}.elementor-widget-text-editor:not(.elementor-drop-cap-view-default) .elementor-drop-cap-letter{width:1em;height:1em}.elementor-widget-text-editor .elementor-drop-cap{float:left;text-align:center;line-height:1;font-size:50px}.elementor-widget-text-editor .elementor-drop-cap-letter{display:inline-block}<\/style>\t\t\t\tOrientaci\u00f3n experta y soluciones adaptadas a las necesidades espec\u00edficas del sector industrial \t\t\t\t\t\t<\/div>\n\t\t\t\t<\/div>\n\t\t\t\t<\/div>\n\t\t<div class=\"elementor-element elementor-element-d1e984f e-con-full e-flex e-con e-child\" data-id=\"d1e984f\" data-element_type=\"container\" data-settings=\"{&quot;background_background&quot;:&quot;classic&quot;}\">\n\t\t\t\t<div class=\"elementor-element elementor-element-b27ee6f elementor-widget elementor-widget-image\" data-id=\"b27ee6f\" data-element_type=\"widget\" data-widget_type=\"image.default\">\n\t\t\t\t<div class=\"elementor-widget-container\">\n\t\t\t\t\t\t\t\t\t\t\t\t\t<img decoding=\"async\" width=\"512\" height=\"512\" src=\"https:\/\/www.electrosur.es\/wp-content\/uploads\/2026\/03\/mano.png\" class=\"attachment-full size-full wp-image-6316\" alt=\"\" srcset=\"https:\/\/www.electrosur.es\/wp-content\/uploads\/2026\/03\/mano.png 512w, https:\/\/www.electrosur.es\/wp-content\/uploads\/2026\/03\/mano-300x300.png 300w, https:\/\/www.electrosur.es\/wp-content\/uploads\/2026\/03\/mano-150x150.png 150w, https:\/\/www.electrosur.es\/wp-content\/uploads\/2026\/03\/mano-12x12.png 12w\" sizes=\"(max-width: 512px) 100vw, 512px\" \/>\t\t\t\t\t\t\t\t\t\t\t\t\t<\/div>\n\t\t\t\t<\/div>\n\t\t\t\t<div class=\"elementor-element elementor-element-ef757be elementor-widget elementor-widget-heading\" data-id=\"ef757be\" data-element_type=\"widget\" data-widget_type=\"heading.default\">\n\t\t\t\t<div class=\"elementor-widget-container\">\n\t\t\t<h3 class=\"elementor-heading-title elementor-size-default\">Trato personalizado<\/h3>\t\t<\/div>\n\t\t\t\t<\/div>\n\t\t\t\t<div class=\"elementor-element elementor-element-33a7881 elementor-widget elementor-widget-text-editor\" data-id=\"33a7881\" data-element_type=\"widget\" data-widget_type=\"text-editor.default\">\n\t\t\t\t<div class=\"elementor-widget-container\">\n\t\t\t\t\t\t\tNos comprometemos a brindar un servicio cercano y profesional, stableciendo relaciones s\u00f3lidas y de confianza con cada cliente.\t\t\t\t\t\t<\/div>\n\t\t\t\t<\/div>\n\t\t\t\t<\/div>\n\t\t<div class=\"elementor-element elementor-element-ad0482a e-con-full e-flex e-con e-child\" data-id=\"ad0482a\" data-element_type=\"container\" data-settings=\"{&quot;background_background&quot;:&quot;classic&quot;}\">\n\t\t\t\t<div class=\"elementor-element elementor-element-36b4948 elementor-widget elementor-widget-image\" data-id=\"36b4948\" data-element_type=\"widget\" data-widget_type=\"image.default\">\n\t\t\t\t<div class=\"elementor-widget-container\">\n\t\t\t\t\t\t\t\t\t\t\t\t\t<img decoding=\"async\" width=\"512\" height=\"512\" src=\"https:\/\/www.electrosur.es\/wp-content\/uploads\/2026\/03\/cliente.png\" class=\"attachment-full size-full wp-image-6481\" alt=\"\" srcset=\"https:\/\/www.electrosur.es\/wp-content\/uploads\/2026\/03\/cliente.png 512w, https:\/\/www.electrosur.es\/wp-content\/uploads\/2026\/03\/cliente-300x300.png 300w, https:\/\/www.electrosur.es\/wp-content\/uploads\/2026\/03\/cliente-150x150.png 150w, https:\/\/www.electrosur.es\/wp-content\/uploads\/2026\/03\/cliente-12x12.png 12w\" sizes=\"(max-width: 512px) 100vw, 512px\" \/>\t\t\t\t\t\t\t\t\t\t\t\t\t<\/div>\n\t\t\t\t<\/div>\n\t\t\t\t<div class=\"elementor-element elementor-element-62b1ff9 elementor-widget elementor-widget-heading\" data-id=\"62b1ff9\" data-element_type=\"widget\" data-widget_type=\"heading.default\">\n\t\t\t\t<div class=\"elementor-widget-container\">\n\t\t\t<h3 class=\"elementor-heading-title elementor-size-default\"> Soluciones innovadoras<\/h3>\t\t<\/div>\n\t\t\t\t<\/div>\n\t\t\t\t<div class=\"elementor-element elementor-element-b2b96af elementor-widget elementor-widget-text-editor\" data-id=\"b2b96af\" data-element_type=\"widget\" data-widget_type=\"text-editor.default\">\n\t\t\t\t<div class=\"elementor-widget-container\">\n\t\t\t\t\t\t\tBuscamos constantemente nuevas tecnolog\u00edas para ofrecer soluciones actualizadas\t\t\t\t\t\t<\/div>\n\t\t\t\t<\/div>\n\t\t\t\t<\/div>\n\t\t<div class=\"elementor-element elementor-element-a9d86e3 e-con-full e-flex e-con e-child\" data-id=\"a9d86e3\" data-element_type=\"container\" data-settings=\"{&quot;background_background&quot;:&quot;classic&quot;}\">\n\t\t\t\t<div class=\"elementor-element elementor-element-e921d83 elementor-widget elementor-widget-image\" data-id=\"e921d83\" data-element_type=\"widget\" data-widget_type=\"image.default\">\n\t\t\t\t<div class=\"elementor-widget-container\">\n\t\t\t\t\t\t\t\t\t\t\t\t\t<img loading=\"lazy\" decoding=\"async\" width=\"512\" height=\"512\" src=\"https:\/\/www.electrosur.es\/wp-content\/uploads\/2026\/03\/opinion-del-cliente.png\" class=\"attachment-full size-full wp-image-6482\" alt=\"\" srcset=\"https:\/\/www.electrosur.es\/wp-content\/uploads\/2026\/03\/opinion-del-cliente.png 512w, https:\/\/www.electrosur.es\/wp-content\/uploads\/2026\/03\/opinion-del-cliente-300x300.png 300w, https:\/\/www.electrosur.es\/wp-content\/uploads\/2026\/03\/opinion-del-cliente-150x150.png 150w, https:\/\/www.electrosur.es\/wp-content\/uploads\/2026\/03\/opinion-del-cliente-12x12.png 12w\" sizes=\"(max-width: 512px) 100vw, 512px\" \/>\t\t\t\t\t\t\t\t\t\t\t\t\t<\/div>\n\t\t\t\t<\/div>\n\t\t\t\t<div class=\"elementor-element elementor-element-4169d60 elementor-widget elementor-widget-heading\" data-id=\"4169d60\" data-element_type=\"widget\" data-widget_type=\"heading.default\">\n\t\t\t\t<div class=\"elementor-widget-container\">\n\t\t\t<h3 class=\"elementor-heading-title elementor-size-default\">Excelencia en el servicio al cliente<\/h3>\t\t<\/div>\n\t\t\t\t<\/div>\n\t\t\t\t<div class=\"elementor-element elementor-element-6972f7e elementor-widget elementor-widget-text-editor\" data-id=\"6972f7e\" data-element_type=\"widget\" data-widget_type=\"text-editor.default\">\n\t\t\t\t<div class=\"elementor-widget-container\">\n\t\t\t\t\t\t\tEstamos comprometidos con la atenci\u00f3n al detalle del cliente en cada proyecto\t\t\t\t\t\t<\/div>\n\t\t\t\t<\/div>\n\t\t\t\t<\/div>\n\t\t\t\t<\/div>\n\t\t\t\t<\/div>\n\t\t<div class=\"elementor-element elementor-element-65014b0 e-flex e-con-boxed e-con e-parent\" data-id=\"65014b0\" data-element_type=\"container\">\n\t\t\t\t\t<div class=\"e-con-inner\">\n\t\t<div class=\"elementor-element elementor-element-4f8a8d9 e-con-full e-flex e-con e-child\" data-id=\"4f8a8d9\" data-element_type=\"container\">\n\t\t\t\t<div class=\"elementor-element elementor-element-a493cc4 elementor-widget elementor-widget-image\" data-id=\"a493cc4\" data-element_type=\"widget\" data-widget_type=\"image.default\">\n\t\t\t\t<div class=\"elementor-widget-container\">\n\t\t\t\t\t\t\t\t\t\t\t\t\t<img loading=\"lazy\" decoding=\"async\" width=\"2560\" height=\"1707\" src=\"https:\/\/www.electrosur.es\/wp-content\/uploads\/2025\/01\/electrician-finishing-electric-fusebox-board-insta-2023-11-27-05-04-25-utc-scaled.jpeg\" class=\"attachment-full size-full wp-image-6200\" alt=\"\" srcset=\"https:\/\/www.electrosur.es\/wp-content\/uploads\/2025\/01\/electrician-finishing-electric-fusebox-board-insta-2023-11-27-05-04-25-utc-scaled.jpeg 2560w, https:\/\/www.electrosur.es\/wp-content\/uploads\/2025\/01\/electrician-finishing-electric-fusebox-board-insta-2023-11-27-05-04-25-utc-300x200.jpeg 300w, https:\/\/www.electrosur.es\/wp-content\/uploads\/2025\/01\/electrician-finishing-electric-fusebox-board-insta-2023-11-27-05-04-25-utc-1024x683.jpeg 1024w, https:\/\/www.electrosur.es\/wp-content\/uploads\/2025\/01\/electrician-finishing-electric-fusebox-board-insta-2023-11-27-05-04-25-utc-768x512.jpeg 768w, https:\/\/www.electrosur.es\/wp-content\/uploads\/2025\/01\/electrician-finishing-electric-fusebox-board-insta-2023-11-27-05-04-25-utc-1536x1024.jpeg 1536w, https:\/\/www.electrosur.es\/wp-content\/uploads\/2025\/01\/electrician-finishing-electric-fusebox-board-insta-2023-11-27-05-04-25-utc-2048x1365.jpeg 2048w, https:\/\/www.electrosur.es\/wp-content\/uploads\/2025\/01\/electrician-finishing-electric-fusebox-board-insta-2023-11-27-05-04-25-utc-18x12.jpeg 18w, https:\/\/www.electrosur.es\/wp-content\/uploads\/2025\/01\/electrician-finishing-electric-fusebox-board-insta-2023-11-27-05-04-25-utc-600x400.jpeg 600w\" sizes=\"(max-width: 2560px) 100vw, 2560px\" \/>\t\t\t\t\t\t\t\t\t\t\t\t\t<\/div>\n\t\t\t\t<\/div>\n\t\t\t\t<\/div>\n\t\t<div class=\"elementor-element elementor-element-9599ac6 e-con-full e-flex e-con e-child\" data-id=\"9599ac6\" data-element_type=\"container\">\n\t\t\t\t<div class=\"elementor-element elementor-element-bffc82c elementor-widget elementor-widget-heading\" data-id=\"bffc82c\" data-element_type=\"widget\" data-widget_type=\"heading.default\">\n\t\t\t\t<div class=\"elementor-widget-container\">\n\t\t\t<h3 class=\"elementor-heading-title elementor-size-default\">Asesoramiento t\u00e9cnico personalizado para el sector industrial<\/h3>\t\t<\/div>\n\t\t\t\t<\/div>\n\t\t\t\t<div class=\"elementor-element elementor-element-36307fc elementor-widget elementor-widget-text-editor\" data-id=\"36307fc\" data-element_type=\"widget\" data-widget_type=\"text-editor.default\">\n\t\t\t\t<div class=\"elementor-widget-container\">\n\t\t\t\t\t\t\tDesde 1997, en Electrosur nos enorgullecemos de ofrecer un servicio de asesoramiento t\u00e9cnico altamente especializado y personalizado para satisfacer las necesidades del sector industrial. Con un enfoque detallado y una atenci\u00f3n personalizada en cada proyecto, nos dedicamos a proporcionar soluciones innovadoras y actualizadas que aprovechan al m\u00e1ximo las oportunidades de instalaciones nuevas y actualizaciones. \t\t\t\t\t\t<\/div>\n\t\t\t\t<\/div>\n\t\t\t\t<\/div>\n\t\t\t\t\t<\/div>\n\t\t\t\t<\/div>\n\t\t<div class=\"elementor-element elementor-element-ba1e4f6 e-flex e-con-boxed e-con e-parent\" data-id=\"ba1e4f6\" data-element_type=\"container\" data-settings=\"{&quot;background_background&quot;:&quot;classic&quot;}\">\n\t\t\t\t\t<div class=\"e-con-inner\">\n\t\t\t\t<div class=\"elementor-element elementor-element-5eb72a2 elementor-widget elementor-widget-heading\" data-id=\"5eb72a2\" data-element_type=\"widget\" data-widget_type=\"heading.default\">\n\t\t\t\t<div class=\"elementor-widget-container\">\n\t\t\t<h3 class=\"elementor-heading-title elementor-size-default\">Electrosur Montajes e Instalaciones Industriales S.L.<\/h3>\t\t<\/div>\n\t\t\t\t<\/div>\n\t\t\t\t\t<\/div>\n\t\t\t\t<\/div>\n\t\t<div class=\"elementor-element elementor-element-b884fb9 e-flex e-con-boxed e-con e-parent\" data-id=\"b884fb9\" data-element_type=\"container\" data-settings=\"{&quot;background_background&quot;:&quot;classic&quot;}\">\n\t\t\t\t\t<div class=\"e-con-inner\">\n\t\t<div class=\"elementor-element elementor-element-e1d58ae e-con-full e-flex e-con e-child\" data-id=\"e1d58ae\" data-element_type=\"container\" data-settings=\"{&quot;background_background&quot;:&quot;classic&quot;}\">\n\t\t\t\t<div class=\"elementor-element elementor-element-ada61f2 elementor-widget__width-initial elementor-widget elementor-widget-heading\" data-id=\"ada61f2\" data-element_type=\"widget\" data-widget_type=\"heading.default\">\n\t\t\t\t<div class=\"elementor-widget-container\">\n\t\t\t<h2 class=\"elementor-heading-title elementor-size-default\">LA EMPRESA CUENTA CON DOS FILIALES:<\/h2>\t\t<\/div>\n\t\t\t\t<\/div>\n\t\t\t\t<div class=\"elementor-element elementor-element-da9d8f3 elementor-widget__width-initial elementor-widget elementor-widget-heading\" data-id=\"da9d8f3\" data-element_type=\"widget\" data-widget_type=\"heading.default\">\n\t\t\t\t<div class=\"elementor-widget-container\">\n\t\t\t<h2 class=\"elementor-heading-title elementor-size-default\">Electrosur Ceuta S.L.<\/h2>\t\t<\/div>\n\t\t\t\t<\/div>\n\t\t\t\t<div class=\"elementor-element elementor-element-e4b0f03 elementor-widget__width-initial elementor-widget elementor-widget-text-editor\" data-id=\"e4b0f03\" data-element_type=\"widget\" data-widget_type=\"text-editor.default\">\n\t\t\t\t<div class=\"elementor-widget-container\">\n\t\t\t\t\t\t\t<p>CIF: B-51010759<br \/>Ampliaci\u00f3n Muelle de la Puntilla, n\u00famero 107<br \/>51002 CEUTA\u00a0<\/p>\t\t\t\t\t\t<\/div>\n\t\t\t\t<\/div>\n\t\t\t\t<div class=\"elementor-element elementor-element-07860cf elementor-widget__width-initial elementor-widget elementor-widget-heading\" data-id=\"07860cf\" data-element_type=\"widget\" data-widget_type=\"heading.default\">\n\t\t\t\t<div class=\"elementor-widget-container\">\n\t\t\t<h2 class=\"elementor-heading-title elementor-size-default\">Electrosur Montajes e Instalaciones Industriales S.L.<\/h2>\t\t<\/div>\n\t\t\t\t<\/div>\n\t\t\t\t<div class=\"elementor-element elementor-element-0274679 elementor-widget__width-initial elementor-widget elementor-widget-text-editor\" data-id=\"0274679\" data-element_type=\"widget\" data-widget_type=\"text-editor.default\">\n\t\t\t\t<div class=\"elementor-widget-container\">\n\t\t\t\t\t\t\t<p>Avd. Del Estrecho, Parcela 9.8, nave 4.<br \/>Apartado de correo 456<br \/>11204 ALGECIRAS (C\u00c1DIZ)<\/p>\t\t\t\t\t\t<\/div>\n\t\t\t\t<\/div>\n\t\t\t\t<\/div>\n\t\t<div class=\"elementor-element elementor-element-d265e76 e-con-full e-flex e-con e-child\" data-id=\"d265e76\" data-element_type=\"container\" data-settings=\"{&quot;background_background&quot;:&quot;classic&quot;}\">\n\t\t\t\t<div class=\"elementor-element elementor-element-c236f4b elementor-widget__width-initial elementor-widget elementor-widget-heading\" data-id=\"c236f4b\" data-element_type=\"widget\" data-widget_type=\"heading.default\">\n\t\t\t\t<div class=\"elementor-widget-container\">\n\t\t\t<h2 class=\"elementor-heading-title elementor-size-default\">Calificaci\u00f3n Empresarial como Contratista de Obras del Estado<\/h2>\t\t<\/div>\n\t\t\t\t<\/div>\n\t\t\t\t<div class=\"elementor-element elementor-element-3ae24e7 elementor-widget__width-initial elementor-widget elementor-widget-text-editor\" data-id=\"3ae24e7\" data-element_type=\"widget\" data-widget_type=\"text-editor.default\">\n\t\t\t\t<div class=\"elementor-widget-container\">\n\t\t\t\t\t\t\t<p>Nuestra empresa ha sido reconocida por el Ministerio de Econom\u00eda y Hacienda con una calificaci\u00f3n destacada en los grupos I, 01-05-06- 07-08-09 J, 04-05.<\/p>\t\t\t\t\t\t<\/div>\n\t\t\t\t<\/div>\n\t\t\t\t<\/div>\n\t\t\t\t\t<\/div>\n\t\t\t\t<\/div>\n\t\t<div class=\"elementor-element elementor-element-5a56350 e-flex e-con-boxed e-con e-parent\" data-id=\"5a56350\" data-element_type=\"container\" data-settings=\"{&quot;background_background&quot;:&quot;classic&quot;}\">\n\t\t\t\t\t<div class=\"e-con-inner\">\n\t\t<div class=\"elementor-element elementor-element-d10b8d5 e-con-full e-flex e-con e-child\" data-id=\"d10b8d5\" data-element_type=\"container\" data-settings=\"{&quot;background_background&quot;:&quot;classic&quot;}\">\n\t\t\t\t<div class=\"elementor-element elementor-element-a9961a6 elementor-widget__width-initial elementor-widget elementor-widget-heading\" data-id=\"a9961a6\" data-element_type=\"widget\" data-widget_type=\"heading.default\">\n\t\t\t\t<div class=\"elementor-widget-container\">\n\t\t\t<h2 class=\"elementor-heading-title elementor-size-default\">Cursos de Formaci\u00f3n en Trabajos en Tensi\u00f3n y Agente de Descargo y Maniobra<\/h2>\t\t<\/div>\n\t\t\t\t<\/div>\n\t\t\t\t<div class=\"elementor-element elementor-element-7ed6b02 elementor-widget__width-initial elementor-widget elementor-widget-text-editor\" data-id=\"7ed6b02\" data-element_type=\"widget\" data-widget_type=\"text-editor.default\">\n\t\t\t\t<div class=\"elementor-widget-container\">\n\t\t\t\t\t\t\t<p><span style=\"color: #000000; line-height: 1em;\">Cursos de formaci\u00f3n emitidos por el Plan de Formaci\u00f3n de Fundaci\u00f3n Metal e impartidos por ATC3, para 15 trabajadores de la empresa:<\/span><\/p><ul><li style=\"font-size: 13px; line-height: 1em;\">Trabajos en Tensi\u00f3n L\u00edneas A\u00e9reas de BT I<\/li><li style=\"font-size: 13px; line-height: 1em;\">Trabajos en Tensi\u00f3n L\u00edneas A\u00e9reas de BT I<\/li><li style=\"font-size: 13px; line-height: 1em;\">Agente de Descargo y Maniobra<\/li><\/ul>\t\t\t\t\t\t<\/div>\n\t\t\t\t<\/div>\n\t\t\t\t<\/div>\n\t\t<div class=\"elementor-element elementor-element-8dff17f e-con-full e-flex e-con e-child\" data-id=\"8dff17f\" data-element_type=\"container\" data-settings=\"{&quot;background_background&quot;:&quot;classic&quot;}\">\n\t\t\t\t<div class=\"elementor-element elementor-element-f0014e7 elementor-widget__width-initial elementor-widget elementor-widget-heading\" data-id=\"f0014e7\" data-element_type=\"widget\" data-widget_type=\"heading.default\">\n\t\t\t\t<div class=\"elementor-widget-container\">\n\t\t\t<h2 class=\"elementor-heading-title elementor-size-default\">Instrumentaci\u00f3n Reglamentaria<\/h2>\t\t<\/div>\n\t\t\t\t<\/div>\n\t\t\t\t<div class=\"elementor-element elementor-element-7bfc22d elementor-widget__width-initial elementor-widget elementor-widget-text-editor\" data-id=\"7bfc22d\" data-element_type=\"widget\" data-widget_type=\"text-editor.default\">\n\t\t\t\t<div class=\"elementor-widget-container\">\n\t\t\t\t\t\t\t<p><span style=\"color: #000000;\">La instrumentaci\u00f3n con la que cuenta la empresa es la requerida por el Reglamento Electrot\u00e9cnico de Baja Tensi\u00f3n 2002, para ser la empresa Instalador Autorizado:<br \/><\/span><\/p><ul><li style=\"font-size: 13px; line-height: 1em;\">Electrosur, Montajes e Instalaciones Industriales, S.L., Instalador Autorizado no 11\/152<\/li><li style=\"font-size: 13px; line-height: 1em;\">Electrosur Ceuta, S.L., Instalador Autorizado no 51\/0403-C<\/li><\/ul>\t\t\t\t\t\t<\/div>\n\t\t\t\t<\/div>\n\t\t\t\t<\/div>\n\t\t\t\t\t<\/div>\n\t\t\t\t<\/div>\n\t\t\t\t<\/div>\n\t\t","protected":false},"excerpt":{"rendered":"<p>Sobre nosotros Montajes e Instalaciones Industriales desde 1997 Asesoramiento especializado Orientaci\u00f3n experta y soluciones adaptadas a las necesidades espec\u00edficas del sector industrial Trato personalizado Nos comprometemos a brindar un servicio cercano y profesional, stableciendo relaciones s\u00f3lidas y de confianza con cada cliente. Soluciones innovadoras Buscamos constantemente nuevas tecnolog\u00edas para ofrecer soluciones actualizadas Excelencia en el [&hellip;]<\/p>\n","protected":false},"author":3,"featured_media":5288,"parent":0,"menu_order":0,"comment_status":"closed","ping_status":"closed","template":"elementor_header_footer","meta":{"_acf_changed":false,"footnotes":""},"acf":[],"aioseo_notices":[],"_links":{"self":[{"href":"https:\/\/www.electrosur.es\/en\/wp-json\/wp\/v2\/pages\/6478"}],"collection":[{"href":"https:\/\/www.electrosur.es\/en\/wp-json\/wp\/v2\/pages"}],"about":[{"href":"https:\/\/www.electrosur.es\/en\/wp-json\/wp\/v2\/types\/page"}],"author":[{"embeddable":true,"href":"https:\/\/www.electrosur.es\/en\/wp-json\/wp\/v2\/users\/3"}],"replies":[{"embeddable":true,"href":"https:\/\/www.electrosur.es\/en\/wp-json\/wp\/v2\/comments?post=6478"}],"version-history":[{"count":26,"href":"https:\/\/www.electrosur.es\/en\/wp-json\/wp\/v2\/pages\/6478\/revisions"}],"predecessor-version":[{"id":6528,"href":"https:\/\/www.electrosur.es\/en\/wp-json\/wp\/v2\/pages\/6478\/revisions\/6528"}],"wp:featuredmedia":[{"embeddable":true,"href":"https:\/\/www.electrosur.es\/en\/wp-json\/wp\/v2\/media\/5288"}],"wp:attachment":[{"href":"https:\/\/www.electrosur.es\/en\/wp-json\/wp\/v2\/media?parent=6478"}],"curies":[{"name":"wp","href":"https:\/\/api.w.org\/{rel}","templated":true}]}}