{"id":5325,"date":"2024-04-30T14:49:19","date_gmt":"2024-04-30T12:49:19","guid":{"rendered":"https:\/\/www.electrosur.es\/?page_id=5325"},"modified":"2024-09-27T10:49:23","modified_gmt":"2024-09-27T08:49:23","slug":"climatizacion-industrial","status":"publish","type":"page","link":"https:\/\/www.electrosur.es\/es_es\/climatizacion-industrial\/","title":{"rendered":"Climatizaci\u00f3n Industrial"},"content":{"rendered":"\t\t<div data-elementor-type=\"wp-page\" data-elementor-id=\"5325\" class=\"elementor elementor-5325\" data-elementor-post-type=\"page\">\n\t\t\t\t\t\t<section class=\"elementor-section elementor-top-section elementor-element elementor-element-164f0d0 elementor-section-full_width elementor-section-height-default elementor-section-height-default\" data-id=\"164f0d0\" data-element_type=\"section\" data-settings=\"{&quot;background_background&quot;:&quot;classic&quot;}\">\n\t\t\t\t\t\t<div class=\"elementor-container elementor-column-gap-no\">\n\t\t\t\t\t<div class=\"elementor-column elementor-col-100 elementor-top-column elementor-element elementor-element-1ff06a3\" data-id=\"1ff06a3\" data-element_type=\"column\" data-settings=\"{&quot;background_background&quot;:&quot;classic&quot;}\">\n\t\t\t<div class=\"elementor-widget-wrap elementor-element-populated\">\n\t\t\t\t<div class=\"elementor-element elementor-element-908abe9 e-flex e-con-boxed e-con e-parent\" data-id=\"908abe9\" data-element_type=\"container\" data-settings=\"{&quot;background_background&quot;:&quot;classic&quot;,&quot;position&quot;:&quot;fixed&quot;}\">\n\t\t\t\t\t<div class=\"e-con-inner\">\n\t\t\t\t\t<\/div>\n\t\t\t\t<\/div>\n\t\t<div class=\"elementor-element elementor-element-02c58cd e-flex e-con-boxed e-con e-parent\" data-id=\"02c58cd\" data-element_type=\"container\">\n\t\t\t\t\t<div class=\"e-con-inner\">\n\t\t\t\t<div class=\"elementor-element elementor-element-384684c elementor-widget__width-initial elementor-widget elementor-widget-heading\" data-id=\"384684c\" data-element_type=\"widget\" data-widget_type=\"heading.default\">\n\t\t\t\t<div class=\"elementor-widget-container\">\n\t\t\t<style>\/*! elementor - v3.21.0 - 18-04-2024 *\/\n.elementor-heading-title{padding:0;margin:0;line-height:1}.elementor-widget-heading .elementor-heading-title[class*=elementor-size-]>a{color:inherit;font-size:inherit;line-height:inherit}.elementor-widget-heading .elementor-heading-title.elementor-size-small{font-size:15px}.elementor-widget-heading .elementor-heading-title.elementor-size-medium{font-size:19px}.elementor-widget-heading .elementor-heading-title.elementor-size-large{font-size:29px}.elementor-widget-heading .elementor-heading-title.elementor-size-xl{font-size:39px}.elementor-widget-heading .elementor-heading-title.elementor-size-xxl{font-size:59px}<\/style><h2 class=\"elementor-heading-title elementor-size-default\">CLIMATIZACI\u00d3N INDUSTRIAL<\/h2>\t\t<\/div>\n\t\t\t\t<\/div>\n\t\t\t\t\t<\/div>\n\t\t\t\t<\/div>\n\t\t\t\t<section class=\"elementor-section elementor-inner-section elementor-element elementor-element-f673be0 elementor-section-full_width elementor-section-height-default elementor-section-height-default\" data-id=\"f673be0\" data-element_type=\"section\" data-settings=\"{&quot;background_background&quot;:&quot;classic&quot;}\">\n\t\t\t\t\t\t<div class=\"elementor-container elementor-column-gap-default\">\n\t\t\t\t\t<div class=\"elementor-column elementor-col-100 elementor-inner-column elementor-element elementor-element-96ced3a\" data-id=\"96ced3a\" data-element_type=\"column\">\n\t\t\t<div class=\"elementor-widget-wrap elementor-element-populated\">\n\t\t\t\t<div class=\"elementor-element elementor-element-07f9a2c e-flex e-con-boxed e-con e-parent\" data-id=\"07f9a2c\" data-element_type=\"container\">\n\t\t\t\t\t<div class=\"e-con-inner\">\n\t\t<div class=\"elementor-element elementor-element-1293d30 e-flex e-con-boxed e-con e-child\" data-id=\"1293d30\" data-element_type=\"container\">\n\t\t\t\t\t<div class=\"e-con-inner\">\n\t\t\t\t<div class=\"elementor-element elementor-element-639d0ae elementor-position-top elementor-widget elementor-widget-image-box\" data-id=\"639d0ae\" data-element_type=\"widget\" data-widget_type=\"image-box.default\">\n\t\t\t\t<div class=\"elementor-widget-container\">\n\t\t\t<style>\/*! elementor - v3.21.0 - 18-04-2024 *\/\n.elementor-widget-image-box .elementor-image-box-content{width:100%}@media (min-width:768px){.elementor-widget-image-box.elementor-position-left .elementor-image-box-wrapper,.elementor-widget-image-box.elementor-position-right .elementor-image-box-wrapper{display:flex}.elementor-widget-image-box.elementor-position-right .elementor-image-box-wrapper{text-align:end;flex-direction:row-reverse}.elementor-widget-image-box.elementor-position-left .elementor-image-box-wrapper{text-align:start;flex-direction:row}.elementor-widget-image-box.elementor-position-top .elementor-image-box-img{margin:auto}.elementor-widget-image-box.elementor-vertical-align-top .elementor-image-box-wrapper{align-items:flex-start}.elementor-widget-image-box.elementor-vertical-align-middle .elementor-image-box-wrapper{align-items:center}.elementor-widget-image-box.elementor-vertical-align-bottom .elementor-image-box-wrapper{align-items:flex-end}}@media (max-width:767px){.elementor-widget-image-box .elementor-image-box-img{margin-left:auto!important;margin-right:auto!important;margin-bottom:15px}}.elementor-widget-image-box .elementor-image-box-img{display:inline-block}.elementor-widget-image-box .elementor-image-box-title a{color:inherit}.elementor-widget-image-box .elementor-image-box-wrapper{text-align:center}.elementor-widget-image-box .elementor-image-box-description{margin:0}<\/style><div class=\"elementor-image-box-wrapper\"><figure class=\"elementor-image-box-img\"><img fetchpriority=\"high\" decoding=\"async\" width=\"2460\" height=\"1640\" src=\"https:\/\/www.electrosur.es\/wp-content\/uploads\/2024\/05\/electrosur-3.jpg\" class=\"attachment-full size-full wp-image-5983\" alt=\"\" srcset=\"https:\/\/www.electrosur.es\/wp-content\/uploads\/2024\/05\/electrosur-3.jpg 2460w, https:\/\/www.electrosur.es\/wp-content\/uploads\/2024\/05\/electrosur-3-300x200.jpg 300w, https:\/\/www.electrosur.es\/wp-content\/uploads\/2024\/05\/electrosur-3-1024x683.jpg 1024w, https:\/\/www.electrosur.es\/wp-content\/uploads\/2024\/05\/electrosur-3-768x512.jpg 768w, https:\/\/www.electrosur.es\/wp-content\/uploads\/2024\/05\/electrosur-3-1536x1024.jpg 1536w, https:\/\/www.electrosur.es\/wp-content\/uploads\/2024\/05\/electrosur-3-2048x1365.jpg 2048w, https:\/\/www.electrosur.es\/wp-content\/uploads\/2024\/05\/electrosur-3-600x400.jpg 600w\" sizes=\"(max-width: 2460px) 100vw, 2460px\" \/><\/figure><div class=\"elementor-image-box-content\"><h3 class=\"elementor-image-box-title\">Sistema de Aire Acondicionado Terrestre y Marino<\/h3><p class=\"elementor-image-box-description\">\n<\/p><\/div><\/div>\t\t<\/div>\n\t\t\t\t<\/div>\n\t\t\t\t\t<\/div>\n\t\t\t\t<\/div>\n\t\t<div class=\"elementor-element elementor-element-7456860 e-con-full e-flex e-con e-child\" data-id=\"7456860\" data-element_type=\"container\">\n\t\t\t\t<div class=\"elementor-element elementor-element-7cbf06d elementor-position-top elementor-widget elementor-widget-image-box\" data-id=\"7cbf06d\" data-element_type=\"widget\" data-widget_type=\"image-box.default\">\n\t\t\t\t<div class=\"elementor-widget-container\">\n\t\t\t<div class=\"elementor-image-box-wrapper\"><figure class=\"elementor-image-box-img\"><img decoding=\"async\" width=\"2460\" height=\"1640\" src=\"https:\/\/www.electrosur.es\/wp-content\/uploads\/2024\/05\/electrosur-2.jpg\" class=\"attachment-full size-full wp-image-5982\" alt=\"\" srcset=\"https:\/\/www.electrosur.es\/wp-content\/uploads\/2024\/05\/electrosur-2.jpg 2460w, https:\/\/www.electrosur.es\/wp-content\/uploads\/2024\/05\/electrosur-2-300x200.jpg 300w, https:\/\/www.electrosur.es\/wp-content\/uploads\/2024\/05\/electrosur-2-1024x683.jpg 1024w, https:\/\/www.electrosur.es\/wp-content\/uploads\/2024\/05\/electrosur-2-768x512.jpg 768w, https:\/\/www.electrosur.es\/wp-content\/uploads\/2024\/05\/electrosur-2-1536x1024.jpg 1536w, https:\/\/www.electrosur.es\/wp-content\/uploads\/2024\/05\/electrosur-2-2048x1365.jpg 2048w, https:\/\/www.electrosur.es\/wp-content\/uploads\/2024\/05\/electrosur-2-600x400.jpg 600w\" sizes=\"(max-width: 2460px) 100vw, 2460px\" \/><\/figure><div class=\"elementor-image-box-content\"><h3 class=\"elementor-image-box-title\">C\u00e1maras frigor\u00edficas Marinas<\/h3><\/div><\/div>\t\t<\/div>\n\t\t\t\t<\/div>\n\t\t\t\t<\/div>\n\t\t<div class=\"elementor-element elementor-element-93a76f3 e-con-full e-flex e-con e-child\" data-id=\"93a76f3\" data-element_type=\"container\">\n\t\t\t\t<div class=\"elementor-element elementor-element-0e59cbc elementor-position-top elementor-widget elementor-widget-image-box\" data-id=\"0e59cbc\" data-element_type=\"widget\" data-widget_type=\"image-box.default\">\n\t\t\t\t<div class=\"elementor-widget-container\">\n\t\t\t<div class=\"elementor-image-box-wrapper\"><figure class=\"elementor-image-box-img\"><img decoding=\"async\" width=\"2460\" height=\"1640\" src=\"https:\/\/www.electrosur.es\/wp-content\/uploads\/2024\/05\/electrosur.jpg\" class=\"attachment-full size-full wp-image-5981\" alt=\"\" srcset=\"https:\/\/www.electrosur.es\/wp-content\/uploads\/2024\/05\/electrosur.jpg 2460w, https:\/\/www.electrosur.es\/wp-content\/uploads\/2024\/05\/electrosur-300x200.jpg 300w, https:\/\/www.electrosur.es\/wp-content\/uploads\/2024\/05\/electrosur-1024x683.jpg 1024w, https:\/\/www.electrosur.es\/wp-content\/uploads\/2024\/05\/electrosur-768x512.jpg 768w, https:\/\/www.electrosur.es\/wp-content\/uploads\/2024\/05\/electrosur-1536x1024.jpg 1536w, https:\/\/www.electrosur.es\/wp-content\/uploads\/2024\/05\/electrosur-2048x1365.jpg 2048w, https:\/\/www.electrosur.es\/wp-content\/uploads\/2024\/05\/electrosur-600x400.jpg 600w\" sizes=\"(max-width: 2460px) 100vw, 2460px\" \/><\/figure><div class=\"elementor-image-box-content\"><h3 class=\"elementor-image-box-title\">Sustituci\u00f3n y Reacondicionamiento de Compresores<\/h3><\/div><\/div>\t\t<\/div>\n\t\t\t\t<\/div>\n\t\t\t\t<\/div>\n\t\t<div class=\"elementor-element elementor-element-ab1bfde e-con-full e-flex e-con e-child\" data-id=\"ab1bfde\" data-element_type=\"container\">\n\t\t\t\t<div class=\"elementor-element elementor-element-2f2aac0 elementor-position-top elementor-widget elementor-widget-image-box\" data-id=\"2f2aac0\" data-element_type=\"widget\" data-widget_type=\"image-box.default\">\n\t\t\t\t<div class=\"elementor-widget-container\">\n\t\t\t<div class=\"elementor-image-box-wrapper\"><figure class=\"elementor-image-box-img\"><img loading=\"lazy\" decoding=\"async\" width=\"1060\" height=\"1414\" src=\"https:\/\/www.electrosur.es\/wp-content\/uploads\/2024\/05\/Upscales.ai_1714638865981.jpeg\" class=\"attachment-full size-full wp-image-5493\" alt=\"\" srcset=\"https:\/\/www.electrosur.es\/wp-content\/uploads\/2024\/05\/Upscales.ai_1714638865981.jpeg 1060w, https:\/\/www.electrosur.es\/wp-content\/uploads\/2024\/05\/Upscales.ai_1714638865981-225x300.jpeg 225w, https:\/\/www.electrosur.es\/wp-content\/uploads\/2024\/05\/Upscales.ai_1714638865981-768x1024.jpeg 768w, https:\/\/www.electrosur.es\/wp-content\/uploads\/2024\/05\/Upscales.ai_1714638865981-600x800.jpeg 600w\" sizes=\"(max-width: 1060px) 100vw, 1060px\" \/><\/figure><div class=\"elementor-image-box-content\"><h3 class=\"elementor-image-box-title\">Reparaci\u00f3n de Condensadores<\/h3><\/div><\/div>\t\t<\/div>\n\t\t\t\t<\/div>\n\t\t\t\t<\/div>\n\t\t\t\t\t<\/div>\n\t\t\t\t<\/div>\n\t\t\t\t\t<\/div>\n\t\t<\/div>\n\t\t\t\t\t<\/div>\n\t\t<\/section>\n\t\t\t\t<section class=\"elementor-section elementor-inner-section elementor-element elementor-element-c1e35a8 elementor-hidden-desktop elementor-hidden-tablet elementor-hidden-mobile elementor-section-boxed elementor-section-height-default elementor-section-height-default\" data-id=\"c1e35a8\" data-element_type=\"section\" data-settings=\"{&quot;background_background&quot;:&quot;classic&quot;}\">\n\t\t\t\t\t\t<div class=\"elementor-container elementor-column-gap-default\">\n\t\t\t\t\t<div class=\"elementor-column elementor-col-100 elementor-inner-column elementor-element elementor-element-91d429c\" data-id=\"91d429c\" data-element_type=\"column\">\n\t\t\t<div class=\"elementor-widget-wrap elementor-element-populated\">\n\t\t\t\t\t\t<div class=\"elementor-element elementor-element-1f57cdc elementor-widget elementor-widget-industries\" data-id=\"1f57cdc\" data-element_type=\"widget\" data-widget_type=\"industries.default\">\n\t\t\t\t<div class=\"elementor-widget-container\">\n\t\t\t\r\n\r\n<div class=\"tp-industri-area pb-30 p-relative\">\r\n\r\n\t    <div class=\"bs-industri-1 d-none d-lg-block\">\r\n        <img decoding=\"async\" src=\"https:\/\/www.electrosur.es\/wp-content\/themes\/collax\/assets\/img\/chose\/hero-shape-5.1.png\" alt=\"section-img\">\r\n    <\/div>\r\n\t\r\n    <div class=\"container tp-industri-bg ele-section\">\r\n\r\n\t\t        <div class=\"row justify-content-center\">\r\n            <div class=\"col-xl-10\">\r\n                <div class=\"tp-project-section-box text-center\">\r\n                    <h2 class=\"tp-title-sm pb-60 ele-title\">Servicios<\/h2>\r\n                <\/div>\r\n            <\/div>\r\n        <\/div>\r\n\t\t\r\n        <div class=\"row justify-content-center tp-industri-space\">\r\n            <div class=\"col-12\">\r\n\r\n\t\t\t\t\r\n\t\t\t\t\t\t\t\t\t\t\t\t\t<div class=\"tpindustri wow tpfadeUp elementor-repeater-item-97b0778\" data-wow-duration=\"0.3s\" data-wow-delay=\"0.6s\">\r\n\t\t\t\t\t\t\t\t\t\t\t\t<div class=\"tpindustri__content\">\r\n\t\t\t\t\t\t\t\t\t\t\t\t\t\t<h3 class=\"tp-industri-title ele-link\">ALTA EN CAF 11 GV00JJ<\/h3>\r\n\t\t\t\t\t\t\t\t\t\t\t\t\t<\/div>\r\n\t\t\t\t\t<\/div>\r\n\t\t\t\t\t\t\t\t\r\n\t\t\t\t\t\t\t\t\t\t\t\t\t<div class=\"tpindustri wow tpfadeUp elementor-repeater-item-84103e1\" data-wow-duration=\"0.3s\" data-wow-delay=\"0.6s\">\r\n\t\t\t\t\t\t\t\t\t\t\t\t<div class=\"tpindustri__content\">\r\n\t\t\t\t\t\t\t\t\t\t\t\t\t\t<h3 class=\"tp-industri-title ele-link\">REGISTRO EN INDUSTRIA FR\u00cdO\/CALOR . REF2\/11\/12\/0028<\/h3>\r\n\t\t\t\t\t\t\t\t\t\t\t\t\t<\/div>\r\n\t\t\t\t\t<\/div>\r\n\t\t\t\t\t\t\t\t\r\n\t\t\t\t\t\t\t\t\t\t\t\t\t<div class=\"tpindustri wow tpfadeUp elementor-repeater-item-52281e8\" data-wow-duration=\"0.3s\" data-wow-delay=\"0.6s\">\r\n\t\t\t\t\t\t\t\t\t\t\t\t<div class=\"tpindustri__content\">\r\n\t\t\t\t\t\t\t\t\t\t\t\t\t\t<h3 class=\"tp-industri-title ele-link\">LOCALIZACI\u00d3N DE FUGAS Y AVER\u00cdAS<\/h3>\r\n\t\t\t\t\t\t\t\t\t\t\t\t\t<\/div>\r\n\t\t\t\t\t<\/div>\r\n\t\t\t\t\t\t\t\t\r\n\t\t\t\t\t\t\t\t\t\t\t\t\t<div class=\"tpindustri wow tpfadeUp elementor-repeater-item-cb86323\" data-wow-duration=\"0.3s\" data-wow-delay=\"0.6s\">\r\n\t\t\t\t\t\t\t\t\t\t\t\t<div class=\"tpindustri__content\">\r\n\t\t\t\t\t\t\t\t\t\t\t\t\t\t<h3 class=\"tp-industri-title ele-link\">CAMBIOS DE COMPRESOR<\/h3>\r\n\t\t\t\t\t\t\t\t\t\t\t\t\t<\/div>\r\n\t\t\t\t\t<\/div>\r\n\t\t\t\t\t\t\t\t\r\n\t\t\t\t\t\t\t\t\t\t\t\t\t<div class=\"tpindustri wow tpfadeUp elementor-repeater-item-816c963\" data-wow-duration=\"0.3s\" data-wow-delay=\"0.6s\">\r\n\t\t\t\t\t\t\t\t\t\t\t\t<div class=\"tpindustri__content\">\r\n\t\t\t\t\t\t\t\t\t\t\t\t\t\t<h3 class=\"tp-industri-title ele-link\">REPARACI\u00d3N RADIADOR<\/h3>\r\n\t\t\t\t\t\t\t\t\t\t\t\t\t<\/div>\r\n\t\t\t\t\t<\/div>\r\n\t\t\t\t\t\t\t\t\r\n\t\t\t\t\t\t\t\t\t\t\t\t\t<div class=\"tpindustri wow tpfadeUp elementor-repeater-item-5f30d68\" data-wow-duration=\"0.3s\" data-wow-delay=\"0.6s\">\r\n\t\t\t\t\t\t\t\t\t\t\t\t<div class=\"tpindustri__content\">\r\n\t\t\t\t\t\t\t\t\t\t\t\t\t\t<h3 class=\"tp-industri-title ele-link\">C\u00c1MARAS CONSERVACI\u00d3N<\/h3>\r\n\t\t\t\t\t\t\t\t\t\t\t\t\t<\/div>\r\n\t\t\t\t\t<\/div>\r\n\t\t\t\t\t\t\t\t\r\n            <\/div>\r\n        <\/div>\r\n    <\/div>\r\n<\/div>\r\n\r\n\r\n\t\t<\/div>\n\t\t\t\t<\/div>\n\t\t\t\t\t<\/div>\n\t\t<\/div>\n\t\t\t\t\t<\/div>\n\t\t<\/section>\n\t\t\t\t\t<\/div>\n\t\t<\/div>\n\t\t\t\t\t<\/div>\n\t\t<\/section>\n\t\t\t\t<\/div>\n\t\t","protected":false},"excerpt":{"rendered":"<p>CLIMATIZACI\u00d3N INDUSTRIAL Sistema de Aire Acondicionado Terrestre y Marino C\u00e1maras frigor\u00edficas Marinas Sustituci\u00f3n y Reacondicionamiento de Compresores Reparaci\u00f3n de Condensadores Servicios ALTA EN CAF 11 GV00JJ REGISTRO EN INDUSTRIA FR\u00cdO\/CALOR . REF2\/11\/12\/0028 LOCALIZACI\u00d3N DE FUGAS Y AVER\u00cdAS CAMBIOS DE COMPRESOR REPARACI\u00d3N RADIADOR C\u00c1MARAS CONSERVACI\u00d3N<\/p>\n","protected":false},"author":1,"featured_media":5333,"parent":0,"menu_order":0,"comment_status":"closed","ping_status":"closed","template":"elementor_header_footer","meta":{"_acf_changed":false,"footnotes":""},"acf":[],"aioseo_notices":[],"_links":{"self":[{"href":"https:\/\/www.electrosur.es\/es_es\/wp-json\/wp\/v2\/pages\/5325"}],"collection":[{"href":"https:\/\/www.electrosur.es\/es_es\/wp-json\/wp\/v2\/pages"}],"about":[{"href":"https:\/\/www.electrosur.es\/es_es\/wp-json\/wp\/v2\/types\/page"}],"author":[{"embeddable":true,"href":"https:\/\/www.electrosur.es\/es_es\/wp-json\/wp\/v2\/users\/1"}],"replies":[{"embeddable":true,"href":"https:\/\/www.electrosur.es\/es_es\/wp-json\/wp\/v2\/comments?post=5325"}],"version-history":[{"count":5,"href":"https:\/\/www.electrosur.es\/es_es\/wp-json\/wp\/v2\/pages\/5325\/revisions"}],"predecessor-version":[{"id":6156,"href":"https:\/\/www.electrosur.es\/es_es\/wp-json\/wp\/v2\/pages\/5325\/revisions\/6156"}],"wp:featuredmedia":[{"embeddable":true,"href":"https:\/\/www.electrosur.es\/es_es\/wp-json\/wp\/v2\/media\/5333"}],"wp:attachment":[{"href":"https:\/\/www.electrosur.es\/es_es\/wp-json\/wp\/v2\/media?parent=5325"}],"curies":[{"name":"wp","href":"https:\/\/api.w.org\/{rel}","templated":true}]}}