{"id":5793,"date":"2024-05-16T16:20:28","date_gmt":"2024-05-16T14:20:28","guid":{"rendered":"https:\/\/www.electrosur.es\/?page_id=5793"},"modified":"2024-09-27T11:30:48","modified_gmt":"2024-09-27T09:30:48","slug":"instalacion-de-cargadores-de-coche","status":"publish","type":"page","link":"https:\/\/www.electrosur.es\/es_es\/instalacion-de-cargadores-de-coche\/","title":{"rendered":"Instalaci\u00f3n de Cargadores de Coche"},"content":{"rendered":"\t\t<div data-elementor-type=\"wp-page\" data-elementor-id=\"5793\" class=\"elementor elementor-5793\" data-elementor-post-type=\"page\">\n\t\t\t\t\t\t<section class=\"elementor-section elementor-top-section elementor-element elementor-element-164f0d0 elementor-section-full_width elementor-section-height-default elementor-section-height-default\" data-id=\"164f0d0\" data-element_type=\"section\" data-settings=\"{&quot;background_background&quot;:&quot;classic&quot;}\">\n\t\t\t\t\t\t<div class=\"elementor-container elementor-column-gap-no\">\n\t\t\t\t\t<div class=\"elementor-column elementor-col-100 elementor-top-column elementor-element elementor-element-1ff06a3\" data-id=\"1ff06a3\" data-element_type=\"column\" data-settings=\"{&quot;background_background&quot;:&quot;classic&quot;}\">\n\t\t\t<div class=\"elementor-widget-wrap elementor-element-populated\">\n\t\t\t\t<div class=\"elementor-element elementor-element-908abe9 e-flex e-con-boxed e-con e-parent\" data-id=\"908abe9\" data-element_type=\"container\" data-settings=\"{&quot;background_background&quot;:&quot;classic&quot;,&quot;position&quot;:&quot;fixed&quot;}\">\n\t\t\t\t\t<div class=\"e-con-inner\">\n\t\t\t\t\t<\/div>\n\t\t\t\t<\/div>\n\t\t<div class=\"elementor-element elementor-element-02c58cd e-flex e-con-boxed e-con e-parent\" data-id=\"02c58cd\" data-element_type=\"container\">\n\t\t\t\t\t<div class=\"e-con-inner\">\n\t\t\t\t<div class=\"elementor-element elementor-element-384684c elementor-widget__width-initial elementor-widget elementor-widget-heading\" data-id=\"384684c\" data-element_type=\"widget\" data-widget_type=\"heading.default\">\n\t\t\t\t<div class=\"elementor-widget-container\">\n\t\t\t<style>\/*! elementor - v3.21.0 - 18-04-2024 *\/\n.elementor-heading-title{padding:0;margin:0;line-height:1}.elementor-widget-heading .elementor-heading-title[class*=elementor-size-]>a{color:inherit;font-size:inherit;line-height:inherit}.elementor-widget-heading .elementor-heading-title.elementor-size-small{font-size:15px}.elementor-widget-heading .elementor-heading-title.elementor-size-medium{font-size:19px}.elementor-widget-heading .elementor-heading-title.elementor-size-large{font-size:29px}.elementor-widget-heading .elementor-heading-title.elementor-size-xl{font-size:39px}.elementor-widget-heading .elementor-heading-title.elementor-size-xxl{font-size:59px}<\/style><h2 class=\"elementor-heading-title elementor-size-default\">INSTALACI\u00d3N DE CARGADORES DE COCHE<\/h2>\t\t<\/div>\n\t\t\t\t<\/div>\n\t\t\t\t\t<\/div>\n\t\t\t\t<\/div>\n\t\t\t\t<section class=\"elementor-section elementor-inner-section elementor-element elementor-element-f673be0 elementor-section-full_width elementor-section-height-default elementor-section-height-default\" data-id=\"f673be0\" data-element_type=\"section\" data-settings=\"{&quot;background_background&quot;:&quot;classic&quot;}\">\n\t\t\t\t\t\t<div class=\"elementor-container elementor-column-gap-default\">\n\t\t\t\t\t<div class=\"elementor-column elementor-col-100 elementor-inner-column elementor-element elementor-element-96ced3a\" data-id=\"96ced3a\" data-element_type=\"column\">\n\t\t\t<div class=\"elementor-widget-wrap elementor-element-populated\">\n\t\t\t\t<div class=\"elementor-element elementor-element-07f9a2c e-flex e-con-boxed e-con e-parent\" data-id=\"07f9a2c\" data-element_type=\"container\">\n\t\t\t\t\t<div class=\"e-con-inner\">\n\t\t<div class=\"elementor-element elementor-element-1293d30 e-flex e-con-boxed e-con e-child\" data-id=\"1293d30\" data-element_type=\"container\">\n\t\t\t\t\t<div class=\"e-con-inner\">\n\t\t\t\t<div class=\"elementor-element elementor-element-639d0ae elementor-position-top elementor-widget elementor-widget-image-box\" data-id=\"639d0ae\" data-element_type=\"widget\" data-widget_type=\"image-box.default\">\n\t\t\t\t<div class=\"elementor-widget-container\">\n\t\t\t<style>\/*! elementor - v3.21.0 - 18-04-2024 *\/\n.elementor-widget-image-box .elementor-image-box-content{width:100%}@media (min-width:768px){.elementor-widget-image-box.elementor-position-left .elementor-image-box-wrapper,.elementor-widget-image-box.elementor-position-right .elementor-image-box-wrapper{display:flex}.elementor-widget-image-box.elementor-position-right .elementor-image-box-wrapper{text-align:end;flex-direction:row-reverse}.elementor-widget-image-box.elementor-position-left .elementor-image-box-wrapper{text-align:start;flex-direction:row}.elementor-widget-image-box.elementor-position-top .elementor-image-box-img{margin:auto}.elementor-widget-image-box.elementor-vertical-align-top .elementor-image-box-wrapper{align-items:flex-start}.elementor-widget-image-box.elementor-vertical-align-middle .elementor-image-box-wrapper{align-items:center}.elementor-widget-image-box.elementor-vertical-align-bottom .elementor-image-box-wrapper{align-items:flex-end}}@media (max-width:767px){.elementor-widget-image-box .elementor-image-box-img{margin-left:auto!important;margin-right:auto!important;margin-bottom:15px}}.elementor-widget-image-box .elementor-image-box-img{display:inline-block}.elementor-widget-image-box .elementor-image-box-title a{color:inherit}.elementor-widget-image-box .elementor-image-box-wrapper{text-align:center}.elementor-widget-image-box .elementor-image-box-description{margin:0}<\/style><div class=\"elementor-image-box-wrapper\"><figure class=\"elementor-image-box-img\"><img fetchpriority=\"high\" decoding=\"async\" width=\"2560\" height=\"1707\" src=\"https:\/\/www.electrosur.es\/wp-content\/uploads\/2024\/09\/closeup-of-electric-vehicle-charging-station-2023-11-27-05-21-25-utc-scaled.jpg\" class=\"attachment-full size-full wp-image-6169\" alt=\"\" srcset=\"https:\/\/www.electrosur.es\/wp-content\/uploads\/2024\/09\/closeup-of-electric-vehicle-charging-station-2023-11-27-05-21-25-utc-scaled.jpg 2560w, https:\/\/www.electrosur.es\/wp-content\/uploads\/2024\/09\/closeup-of-electric-vehicle-charging-station-2023-11-27-05-21-25-utc-300x200.jpg 300w, https:\/\/www.electrosur.es\/wp-content\/uploads\/2024\/09\/closeup-of-electric-vehicle-charging-station-2023-11-27-05-21-25-utc-1024x683.jpg 1024w, https:\/\/www.electrosur.es\/wp-content\/uploads\/2024\/09\/closeup-of-electric-vehicle-charging-station-2023-11-27-05-21-25-utc-768x512.jpg 768w, https:\/\/www.electrosur.es\/wp-content\/uploads\/2024\/09\/closeup-of-electric-vehicle-charging-station-2023-11-27-05-21-25-utc-1536x1024.jpg 1536w, https:\/\/www.electrosur.es\/wp-content\/uploads\/2024\/09\/closeup-of-electric-vehicle-charging-station-2023-11-27-05-21-25-utc-2048x1365.jpg 2048w, https:\/\/www.electrosur.es\/wp-content\/uploads\/2024\/09\/closeup-of-electric-vehicle-charging-station-2023-11-27-05-21-25-utc-18x12.jpg 18w, https:\/\/www.electrosur.es\/wp-content\/uploads\/2024\/09\/closeup-of-electric-vehicle-charging-station-2023-11-27-05-21-25-utc-600x400.jpg 600w\" sizes=\"(max-width: 2560px) 100vw, 2560px\" \/><\/figure><div class=\"elementor-image-box-content\"><h3 class=\"elementor-image-box-title\">Estudios de Planificaci\u00f3n<\/h3><\/div><\/div>\t\t<\/div>\n\t\t\t\t<\/div>\n\t\t\t\t\t<\/div>\n\t\t\t\t<\/div>\n\t\t<div class=\"elementor-element elementor-element-7456860 e-con-full e-flex e-con e-child\" data-id=\"7456860\" data-element_type=\"container\">\n\t\t\t\t<div class=\"elementor-element elementor-element-7cbf06d elementor-position-top elementor-widget elementor-widget-image-box\" data-id=\"7cbf06d\" data-element_type=\"widget\" data-widget_type=\"image-box.default\">\n\t\t\t\t<div class=\"elementor-widget-container\">\n\t\t\t<div class=\"elementor-image-box-wrapper\"><figure class=\"elementor-image-box-img\"><img decoding=\"async\" width=\"2560\" height=\"1707\" src=\"https:\/\/www.electrosur.es\/wp-content\/uploads\/2024\/05\/electric-car-charging-station-for-charge-ev-batter-2023-11-27-05-16-20-utc-scaled.jpg\" class=\"attachment-full size-full wp-image-5837\" alt=\"\" srcset=\"https:\/\/www.electrosur.es\/wp-content\/uploads\/2024\/05\/electric-car-charging-station-for-charge-ev-batter-2023-11-27-05-16-20-utc-scaled.jpg 2560w, https:\/\/www.electrosur.es\/wp-content\/uploads\/2024\/05\/electric-car-charging-station-for-charge-ev-batter-2023-11-27-05-16-20-utc-300x200.jpg 300w, https:\/\/www.electrosur.es\/wp-content\/uploads\/2024\/05\/electric-car-charging-station-for-charge-ev-batter-2023-11-27-05-16-20-utc-1024x683.jpg 1024w, https:\/\/www.electrosur.es\/wp-content\/uploads\/2024\/05\/electric-car-charging-station-for-charge-ev-batter-2023-11-27-05-16-20-utc-768x512.jpg 768w, https:\/\/www.electrosur.es\/wp-content\/uploads\/2024\/05\/electric-car-charging-station-for-charge-ev-batter-2023-11-27-05-16-20-utc-1536x1024.jpg 1536w\" sizes=\"(max-width: 2560px) 100vw, 2560px\" \/><\/figure><div class=\"elementor-image-box-content\"><h3 class=\"elementor-image-box-title\">Cargadores R\u00e1pidos y Eficientes<\/h3><\/div><\/div>\t\t<\/div>\n\t\t\t\t<\/div>\n\t\t\t\t<\/div>\n\t\t<div class=\"elementor-element elementor-element-93a76f3 e-con-full e-flex e-con e-child\" data-id=\"93a76f3\" data-element_type=\"container\">\n\t\t\t\t<div class=\"elementor-element elementor-element-0e59cbc elementor-position-top elementor-widget elementor-widget-image-box\" data-id=\"0e59cbc\" data-element_type=\"widget\" data-widget_type=\"image-box.default\">\n\t\t\t\t<div class=\"elementor-widget-container\">\n\t\t\t<div class=\"elementor-image-box-wrapper\"><figure class=\"elementor-image-box-img\"><img decoding=\"async\" width=\"2560\" height=\"1822\" src=\"https:\/\/www.electrosur.es\/wp-content\/uploads\/2024\/09\/electric-car-on-charging-station-dock-point-2023-11-27-05-30-32-utc-scaled.jpg\" class=\"attachment-full size-full wp-image-6168\" alt=\"\" srcset=\"https:\/\/www.electrosur.es\/wp-content\/uploads\/2024\/09\/electric-car-on-charging-station-dock-point-2023-11-27-05-30-32-utc-scaled.jpg 2560w, https:\/\/www.electrosur.es\/wp-content\/uploads\/2024\/09\/electric-car-on-charging-station-dock-point-2023-11-27-05-30-32-utc-300x214.jpg 300w, https:\/\/www.electrosur.es\/wp-content\/uploads\/2024\/09\/electric-car-on-charging-station-dock-point-2023-11-27-05-30-32-utc-1024x729.jpg 1024w, https:\/\/www.electrosur.es\/wp-content\/uploads\/2024\/09\/electric-car-on-charging-station-dock-point-2023-11-27-05-30-32-utc-768x547.jpg 768w, https:\/\/www.electrosur.es\/wp-content\/uploads\/2024\/09\/electric-car-on-charging-station-dock-point-2023-11-27-05-30-32-utc-1536x1093.jpg 1536w, https:\/\/www.electrosur.es\/wp-content\/uploads\/2024\/09\/electric-car-on-charging-station-dock-point-2023-11-27-05-30-32-utc-2048x1458.jpg 2048w, https:\/\/www.electrosur.es\/wp-content\/uploads\/2024\/09\/electric-car-on-charging-station-dock-point-2023-11-27-05-30-32-utc-18x12.jpg 18w, https:\/\/www.electrosur.es\/wp-content\/uploads\/2024\/09\/electric-car-on-charging-station-dock-point-2023-11-27-05-30-32-utc-600x427.jpg 600w\" sizes=\"(max-width: 2560px) 100vw, 2560px\" \/><\/figure><div class=\"elementor-image-box-content\"><h3 class=\"elementor-image-box-title\">Carga Solar Integrada<\/h3><\/div><\/div>\t\t<\/div>\n\t\t\t\t<\/div>\n\t\t\t\t<\/div>\n\t\t\t\t\t<\/div>\n\t\t\t\t<\/div>\n\t\t\t\t\t<\/div>\n\t\t<\/div>\n\t\t\t\t\t<\/div>\n\t\t<\/section>\n\t\t\t\t<section class=\"elementor-section elementor-inner-section elementor-element elementor-element-c1e35a8 elementor-hidden-desktop elementor-hidden-tablet elementor-hidden-mobile elementor-section-boxed elementor-section-height-default elementor-section-height-default\" data-id=\"c1e35a8\" data-element_type=\"section\" data-settings=\"{&quot;background_background&quot;:&quot;classic&quot;}\">\n\t\t\t\t\t\t<div class=\"elementor-container elementor-column-gap-default\">\n\t\t\t\t\t<div class=\"elementor-column elementor-col-100 elementor-inner-column elementor-element elementor-element-91d429c\" data-id=\"91d429c\" data-element_type=\"column\">\n\t\t\t<div class=\"elementor-widget-wrap elementor-element-populated\">\n\t\t\t\t\t\t<div class=\"elementor-element elementor-element-1f57cdc elementor-widget elementor-widget-industries\" data-id=\"1f57cdc\" data-element_type=\"widget\" data-widget_type=\"industries.default\">\n\t\t\t\t<div class=\"elementor-widget-container\">\n\t\t\t\r\n\r\n<div class=\"tp-industri-area pb-30 p-relative\">\r\n\r\n\t    <div class=\"bs-industri-1 d-none d-lg-block\">\r\n        <img decoding=\"async\" src=\"https:\/\/www.electrosur.es\/wp-content\/themes\/collax\/assets\/img\/chose\/hero-shape-5.1.png\" alt=\"section-img\">\r\n    <\/div>\r\n\t\r\n    <div class=\"container tp-industri-bg ele-section\">\r\n\r\n\t\t        <div class=\"row justify-content-center\">\r\n            <div class=\"col-xl-10\">\r\n                <div class=\"tp-project-section-box text-center\">\r\n                    <h2 class=\"tp-title-sm pb-60 ele-title\">Servicios<\/h2>\r\n                <\/div>\r\n            <\/div>\r\n        <\/div>\r\n\t\t\r\n        <div class=\"row justify-content-center tp-industri-space\">\r\n            <div class=\"col-12\">\r\n\r\n\t\t\t\t\r\n\t\t\t\t\t\t\t\t\t\t\t\t\t<div class=\"tpindustri wow tpfadeUp elementor-repeater-item-97b0778\" data-wow-duration=\"0.3s\" data-wow-delay=\"0.6s\">\r\n\t\t\t\t\t\t\t\t\t\t\t\t<div class=\"tpindustri__content\">\r\n\t\t\t\t\t\t\t\t\t\t\t\t\t\t<h3 class=\"tp-industri-title ele-link\">Instalaci\u00f3n de Cargadores Residenciales<\/h3>\r\n\t\t\t\t\t\t\t\t\t\t\t\t\t<\/div>\r\n\t\t\t\t\t<\/div>\r\n\t\t\t\t\t\t\t\t\r\n\t\t\t\t\t\t\t\t\t\t\t\t\t<div class=\"tpindustri wow tpfadeUp elementor-repeater-item-cb2e692\" data-wow-duration=\"0.3s\" data-wow-delay=\"0.6s\">\r\n\t\t\t\t\t\t\t\t\t\t\t\t<div class=\"tpindustri__content\">\r\n\t\t\t\t\t\t\t\t\t\t\t\t\t\t<h3 class=\"tp-industri-title ele-link\">Cargadores R\u00e1pidos para Empresas<\/h3>\r\n\t\t\t\t\t\t\t\t\t\t\t\t\t<\/div>\r\n\t\t\t\t\t<\/div>\r\n\t\t\t\t\t\t\t\t\r\n\t\t\t\t\t\t\t\t\t\t\t\t\t<div class=\"tpindustri wow tpfadeUp elementor-repeater-item-6e9d680\" data-wow-duration=\"0.3s\" data-wow-delay=\"0.6s\">\r\n\t\t\t\t\t\t\t\t\t\t\t\t<div class=\"tpindustri__content\">\r\n\t\t\t\t\t\t\t\t\t\t\t\t\t\t<h3 class=\"tp-industri-title ele-link\">Sistemas de Gesti\u00f3n de Energ\u00eda<\/h3>\r\n\t\t\t\t\t\t\t\t\t\t\t\t\t<\/div>\r\n\t\t\t\t\t<\/div>\r\n\t\t\t\t\t\t\t\t\r\n\t\t\t\t\t\t\t\t\t\t\t\t\t<div class=\"tpindustri wow tpfadeUp elementor-repeater-item-d470a43\" data-wow-duration=\"0.3s\" data-wow-delay=\"0.6s\">\r\n\t\t\t\t\t\t\t\t\t\t\t\t<div class=\"tpindustri__content\">\r\n\t\t\t\t\t\t\t\t\t\t\t\t\t\t<h3 class=\"tp-industri-title ele-link\">Soporte T\u00e9cnico y Asistencia 24\/7<\/h3>\r\n\t\t\t\t\t\t\t\t\t\t\t\t\t<\/div>\r\n\t\t\t\t\t<\/div>\r\n\t\t\t\t\t\t\t\t\r\n\t\t\t\t\t\t\t\t\t\t\t\t\t<div class=\"tpindustri wow tpfadeUp elementor-repeater-item-148cc55\" data-wow-duration=\"0.3s\" data-wow-delay=\"0.6s\">\r\n\t\t\t\t\t\t\t\t\t\t\t\t<div class=\"tpindustri__content\">\r\n\t\t\t\t\t\t\t\t\t\t\t\t\t\t<h3 class=\"tp-industri-title ele-link\">Carga Solar Integrada<\/h3>\r\n\t\t\t\t\t\t\t\t\t\t\t\t\t<\/div>\r\n\t\t\t\t\t<\/div>\r\n\t\t\t\t\t\t\t\t\r\n\t\t\t\t\t\t\t\t\t\t\t\t\t<div class=\"tpindustri wow tpfadeUp elementor-repeater-item-5dae6b3\" data-wow-duration=\"0.3s\" data-wow-delay=\"0.6s\">\r\n\t\t\t\t\t\t\t\t\t\t\t\t<div class=\"tpindustri__content\">\r\n\t\t\t\t\t\t\t\t\t\t\t\t\t\t<h3 class=\"tp-industri-title ele-link\">Estudios de Viabilidad y Planificaci\u00f3n<\/h3>\r\n\t\t\t\t\t\t\t\t\t\t\t\t\t<\/div>\r\n\t\t\t\t\t<\/div>\r\n\t\t\t\t\t\t\t\t\r\n\t\t\t\t\t\t\t\t\t\t\t\t\t<div class=\"tpindustri wow tpfadeUp elementor-repeater-item-874dc19\" data-wow-duration=\"0.3s\" data-wow-delay=\"0.6s\">\r\n\t\t\t\t\t\t\t\t\t\t\t\t<div class=\"tpindustri__content\">\r\n\t\t\t\t\t\t\t\t\t\t\t\t\t\t<h3 class=\"tp-industri-title ele-link\">Capacitaci\u00f3n y Formaci\u00f3n<\/h3>\r\n\t\t\t\t\t\t\t\t\t\t\t\t\t<\/div>\r\n\t\t\t\t\t<\/div>\r\n\t\t\t\t\t\t\t\t\r\n            <\/div>\r\n        <\/div>\r\n    <\/div>\r\n<\/div>\r\n\r\n\r\n\t\t<\/div>\n\t\t\t\t<\/div>\n\t\t\t\t\t<\/div>\n\t\t<\/div>\n\t\t\t\t\t<\/div>\n\t\t<\/section>\n\t\t\t\t\t<\/div>\n\t\t<\/div>\n\t\t\t\t\t<\/div>\n\t\t<\/section>\n\t\t\t\t<\/div>\n\t\t","protected":false},"excerpt":{"rendered":"<p>INSTALACI\u00d3N DE CARGADORES DE COCHE Estudios de Planificaci\u00f3n Cargadores R\u00e1pidos y Eficientes Carga Solar Integrada Servicios Instalaci\u00f3n de Cargadores Residenciales Cargadores R\u00e1pidos para Empresas Sistemas de Gesti\u00f3n de Energ\u00eda Soporte T\u00e9cnico y Asistencia 24\/7 Carga Solar Integrada Estudios de Viabilidad y Planificaci\u00f3n Capacitaci\u00f3n y Formaci\u00f3n<\/p>\n","protected":false},"author":1,"featured_media":5837,"parent":0,"menu_order":0,"comment_status":"closed","ping_status":"closed","template":"elementor_header_footer","meta":{"_acf_changed":false,"footnotes":""},"acf":[],"aioseo_notices":[],"_links":{"self":[{"href":"https:\/\/www.electrosur.es\/es_es\/wp-json\/wp\/v2\/pages\/5793"}],"collection":[{"href":"https:\/\/www.electrosur.es\/es_es\/wp-json\/wp\/v2\/pages"}],"about":[{"href":"https:\/\/www.electrosur.es\/es_es\/wp-json\/wp\/v2\/types\/page"}],"author":[{"embeddable":true,"href":"https:\/\/www.electrosur.es\/es_es\/wp-json\/wp\/v2\/users\/1"}],"replies":[{"embeddable":true,"href":"https:\/\/www.electrosur.es\/es_es\/wp-json\/wp\/v2\/comments?post=5793"}],"version-history":[{"count":5,"href":"https:\/\/www.electrosur.es\/es_es\/wp-json\/wp\/v2\/pages\/5793\/revisions"}],"predecessor-version":[{"id":6175,"href":"https:\/\/www.electrosur.es\/es_es\/wp-json\/wp\/v2\/pages\/5793\/revisions\/6175"}],"wp:featuredmedia":[{"embeddable":true,"href":"https:\/\/www.electrosur.es\/es_es\/wp-json\/wp\/v2\/media\/5837"}],"wp:attachment":[{"href":"https:\/\/www.electrosur.es\/es_es\/wp-json\/wp\/v2\/media?parent=5793"}],"curies":[{"name":"wp","href":"https:\/\/api.w.org\/{rel}","templated":true}]}}