{"id":6423,"date":"2026-03-31T10:06:27","date_gmt":"2026-03-31T08:06:27","guid":{"rendered":"https:\/\/www.electrosur.es\/?page_id=6423"},"modified":"2026-04-15T11:55:42","modified_gmt":"2026-04-15T09:55:42","slug":"contacto","status":"publish","type":"page","link":"https:\/\/www.electrosur.es\/es_es\/contacto\/","title":{"rendered":"Contacto"},"content":{"rendered":"\t\t<div data-elementor-type=\"wp-page\" data-elementor-id=\"6423\" class=\"elementor elementor-6423\" data-elementor-post-type=\"page\">\n\t\t\t\t<div class=\"elementor-element elementor-element-7a09230 e-flex e-con-boxed e-con e-parent\" data-id=\"7a09230\" data-element_type=\"container\" data-settings=\"{&quot;background_background&quot;:&quot;classic&quot;,&quot;position&quot;:&quot;fixed&quot;}\">\n\t\t\t\t\t<div class=\"e-con-inner\">\n\t\t\t\t\t<\/div>\n\t\t\t\t<\/div>\n\t\t<div class=\"elementor-element elementor-element-336b359 e-flex e-con-boxed e-con e-parent\" data-id=\"336b359\" data-element_type=\"container\">\n\t\t\t\t\t<div class=\"e-con-inner\">\n\t\t<div class=\"elementor-element elementor-element-7b5b097 e-con-full e-flex e-con e-child\" data-id=\"7b5b097\" data-element_type=\"container\" data-settings=\"{&quot;background_background&quot;:&quot;classic&quot;}\">\n\t\t<div class=\"elementor-element elementor-element-9164a95 e-con-full e-flex e-con e-child\" data-id=\"9164a95\" data-element_type=\"container\">\n\t\t\t\t<div class=\"elementor-element elementor-element-5624957 elementor-widget elementor-widget-heading\" data-id=\"5624957\" data-element_type=\"widget\" data-widget_type=\"heading.default\">\n\t\t\t\t<div class=\"elementor-widget-container\">\n\t\t\t<style>\/*! elementor - v3.21.0 - 18-04-2024 *\/\n.elementor-heading-title{padding:0;margin:0;line-height:1}.elementor-widget-heading .elementor-heading-title[class*=elementor-size-]>a{color:inherit;font-size:inherit;line-height:inherit}.elementor-widget-heading .elementor-heading-title.elementor-size-small{font-size:15px}.elementor-widget-heading .elementor-heading-title.elementor-size-medium{font-size:19px}.elementor-widget-heading .elementor-heading-title.elementor-size-large{font-size:29px}.elementor-widget-heading .elementor-heading-title.elementor-size-xl{font-size:39px}.elementor-widget-heading .elementor-heading-title.elementor-size-xxl{font-size:59px}<\/style><h2 class=\"elementor-heading-title elementor-size-default\">Cont\u00e1ctanos<\/h2>\t\t<\/div>\n\t\t\t\t<\/div>\n\t\t\t\t<div class=\"elementor-element elementor-element-8ff9276 elementor-widget__width-initial elementor-widget elementor-widget-wp-widget-custom_html\" data-id=\"8ff9276\" data-element_type=\"widget\" data-widget_type=\"wp-widget-custom_html.default\">\n\t\t\t\t<div class=\"elementor-widget-container\">\n\t\t\t<div class=\"textwidget custom-html-widget\"><div class=\"forminator-ui forminator-custom-form forminator-custom-form-4921 forminator-design--material  forminator_ajax\" data-forminator-render=\"0\" data-form=\"forminator-module-4921\" data-uid=\"69e012cbb2465\"><br\/><\/div><form\n\t\t\t\tid=\"forminator-module-4921\"\n\t\t\t\tclass=\"forminator-ui forminator-custom-form forminator-custom-form-4921 forminator-design--material  forminator_ajax\"\n\t\t\t\tmethod=\"post\"\n\t\t\t\tdata-forminator-render=\"0\"\n\t\t\t\tdata-form-id=\"4921\"\n\t\t\t\t data-color-option=\"default\" data-design=\"material\" data-grid=\"open\" style=\"display: none;\"\n\t\t\t\tdata-uid=\"69e012cbb2465\"\n\t\t\t><div role=\"alert\" aria-live=\"polite\" class=\"forminator-response-message forminator-error\" aria-hidden=\"true\"><\/div><div class=\"forminator-row\"><div id=\"name-1\" class=\"forminator-field-name forminator-col forminator-col-12 \"><div class=\"forminator-row forminator-no-margin\" data-multiple=\"true\"><div class=\"forminator-col forminator-col-md-6\"><div class=\"forminator-field\"><label for=\"forminator-field-first-name-1_69e012cbb2465\" id=\"forminator-field-first-name-1_69e012cbb2465-label\" class=\"forminator-label\">Nombre <span class=\"forminator-required\">*<\/span><\/label><input type=\"text\" name=\"name-1-first-name\" placeholder=\"Ejemplo: Juan\" id=\"forminator-field-first-name-1_69e012cbb2465\" class=\"forminator-input\" aria-required=\"true\" data-multi=\"1\" autocomplete=\"given-name\" value=\"\" \/><\/div><\/div><div class=\"forminator-col forminator-col-md-6\"><div class=\"forminator-field\"><label for=\"forminator-field-last-name-1_69e012cbb2465\" id=\"forminator-field-last-name-1_69e012cbb2465-label\" class=\"forminator-label\">Apellidos <span class=\"forminator-required\">*<\/span><\/label><input type=\"text\" name=\"name-1-last-name\" placeholder=\"Ejemplo: P\u00e9rez\" id=\"forminator-field-last-name-1_69e012cbb2465\" class=\"forminator-input\" aria-required=\"true\" data-multi=\"1\" autocomplete=\"family-name\" value=\"\" \/><\/div><\/div><\/div><\/div><\/div><div class=\"forminator-row\"><div id=\"phone-1\" class=\"forminator-field-phone forminator-col forminator-col-6 \"><div class=\"forminator-field\"><label for=\"forminator-field-phone-1_69e012cbb2465\" id=\"forminator-field-phone-1_69e012cbb2465-label\" class=\"forminator-label\">Tel\u00e9fono <span class=\"forminator-required\">*<\/span><\/label><input type=\"text\" name=\"phone-1\" value=\"\" placeholder=\"\" id=\"forminator-field-phone-1_69e012cbb2465\" class=\"forminator-input forminator-field--phone\" data-required=\"1\" aria-required=\"true\" autocomplete=\"off\" data-validation=\"1\" \/><\/div><\/div><div id=\"email-1\" class=\"forminator-field-email forminator-col forminator-col-6 \"><div class=\"forminator-field\"><label for=\"forminator-field-email-1_69e012cbb2465\" id=\"forminator-field-email-1_69e012cbb2465-label\" class=\"forminator-label\">Correo electr\u00f3nico <span class=\"forminator-required\">*<\/span><\/label><input type=\"email\" name=\"email-1\" value=\"\" placeholder=\"\" id=\"forminator-field-email-1_69e012cbb2465\" class=\"forminator-input forminator-email--field\" data-required=\"true\" aria-required=\"true\" autocomplete=\"email\" \/><\/div><\/div><\/div><div class=\"forminator-row\"><div id=\"checkbox-1\" class=\"forminator-field-checkbox forminator-col forminator-col-12 \"><div role=\"group\" class=\"forminator-field\" aria-labelledby=\"forminator-checkbox-group-forminator-field-checkbox-1-69e012cbb2465-label\"><span id=\"forminator-checkbox-group-forminator-field-checkbox-1-69e012cbb2465-label\" class=\"forminator-label\">Servicios<\/span><label id=\"forminator-field-checkbox-1-1-69e012cbb2465-label\" for=\"forminator-field-checkbox-1-1-69e012cbb2465\" class=\"forminator-checkbox forminator-checkbox-inline\" title=\"Puntos de carga de veh\u00edculos el\u00e9ctricos\"><input type=\"checkbox\" name=\"checkbox-1[]\" value=\"Puntos-de-carga-de-veh\u00edculos-el\u00e9ctricos\" id=\"forminator-field-checkbox-1-1-69e012cbb2465\" aria-labelledby=\"forminator-field-checkbox-1-1-69e012cbb2465-label\" data-calculation=\"0\"  \/><span class=\"forminator-checkbox-box\" aria-hidden=\"true\"><\/span><span class=\"forminator-checkbox-label\">Puntos de carga de veh\u00edculos el\u00e9ctricos<\/span><\/label><label id=\"forminator-field-checkbox-1-2-69e012cbb2465-label\" for=\"forminator-field-checkbox-1-2-69e012cbb2465\" class=\"forminator-checkbox forminator-checkbox-inline\" title=\"El\u00e9ctricos de alta y baja tensi\u00f3n\"><input type=\"checkbox\" name=\"checkbox-1[]\" value=\"el\u00e9ctricos-de-alta-y-baja-tensi\u00f3n\" id=\"forminator-field-checkbox-1-2-69e012cbb2465\" aria-labelledby=\"forminator-field-checkbox-1-2-69e012cbb2465-label\" data-calculation=\"0\"  \/><span class=\"forminator-checkbox-box\" aria-hidden=\"true\"><\/span><span class=\"forminator-checkbox-label\">El\u00e9ctricos de alta y baja tensi\u00f3n<\/span><\/label><label id=\"forminator-field-checkbox-1-3-69e012cbb2465-label\" for=\"forminator-field-checkbox-1-3-69e012cbb2465\" class=\"forminator-checkbox forminator-checkbox-inline\" title=\"Telecomunicaciones\"><input type=\"checkbox\" name=\"checkbox-1[]\" value=\"Instalaci\u00f3n-de-telecomunicaciones\" id=\"forminator-field-checkbox-1-3-69e012cbb2465\" aria-labelledby=\"forminator-field-checkbox-1-3-69e012cbb2465-label\" data-calculation=\"0\"  \/><span class=\"forminator-checkbox-box\" aria-hidden=\"true\"><\/span><span class=\"forminator-checkbox-label\">Telecomunicaciones<\/span><\/label><label id=\"forminator-field-checkbox-1-4-69e012cbb2465-label\" for=\"forminator-field-checkbox-1-4-69e012cbb2465\" class=\"forminator-checkbox forminator-checkbox-inline\" title=\"Aire acondicionado\"><input type=\"checkbox\" name=\"checkbox-1[]\" value=\"Aire-acondicionado\" id=\"forminator-field-checkbox-1-4-69e012cbb2465\" aria-labelledby=\"forminator-field-checkbox-1-4-69e012cbb2465-label\" data-calculation=\"0\"  \/><span class=\"forminator-checkbox-box\" aria-hidden=\"true\"><\/span><span class=\"forminator-checkbox-label\">Aire acondicionado<\/span><\/label><label id=\"forminator-field-checkbox-1-5-69e012cbb2465-label\" for=\"forminator-field-checkbox-1-5-69e012cbb2465\" class=\"forminator-checkbox forminator-checkbox-inline\" title=\"Asistencias navales\"><input type=\"checkbox\" name=\"checkbox-1[]\" value=\"Asistencias-navales\" id=\"forminator-field-checkbox-1-5-69e012cbb2465\" aria-labelledby=\"forminator-field-checkbox-1-5-69e012cbb2465-label\" data-calculation=\"0\"  \/><span class=\"forminator-checkbox-box\" aria-hidden=\"true\"><\/span><span class=\"forminator-checkbox-label\">Asistencias navales<\/span><\/label><label id=\"forminator-field-checkbox-1-6-69e012cbb2465-label\" for=\"forminator-field-checkbox-1-6-69e012cbb2465\" class=\"forminator-checkbox forminator-checkbox-inline\" title=\"Placas solares\"><input type=\"checkbox\" name=\"checkbox-1[]\" value=\"Instalaci\u00f3n-placas-solares\" id=\"forminator-field-checkbox-1-6-69e012cbb2465\" aria-labelledby=\"forminator-field-checkbox-1-6-69e012cbb2465-label\" data-calculation=\"0\"  \/><span class=\"forminator-checkbox-box\" aria-hidden=\"true\"><\/span><span class=\"forminator-checkbox-label\">Placas solares<\/span><\/label><label id=\"forminator-field-checkbox-1-7-69e012cbb2465-label\" for=\"forminator-field-checkbox-1-7-69e012cbb2465\" class=\"forminator-checkbox forminator-checkbox-inline\" title=\"Climatizaci\u00f3n\"><input type=\"checkbox\" name=\"checkbox-1[]\" value=\"Climatizaci\u00f3n\" id=\"forminator-field-checkbox-1-7-69e012cbb2465\" aria-labelledby=\"forminator-field-checkbox-1-7-69e012cbb2465-label\" data-calculation=\"0\"  \/><span class=\"forminator-checkbox-box\" aria-hidden=\"true\"><\/span><span class=\"forminator-checkbox-label\">Climatizaci\u00f3n<\/span><\/label><label id=\"forminator-field-checkbox-1-8-69e012cbb2465-label\" for=\"forminator-field-checkbox-1-8-69e012cbb2465\" class=\"forminator-checkbox forminator-checkbox-inline\" title=\"Fontaner\u00eda\"><input type=\"checkbox\" name=\"checkbox-1[]\" value=\"Fontaner\u00eda\" id=\"forminator-field-checkbox-1-8-69e012cbb2465\" aria-labelledby=\"forminator-field-checkbox-1-8-69e012cbb2465-label\" data-calculation=\"0\"  \/><span class=\"forminator-checkbox-box\" aria-hidden=\"true\"><\/span><span class=\"forminator-checkbox-label\">Fontaner\u00eda<\/span><\/label><\/div><\/div><\/div><div class=\"forminator-row\"><div id=\"textarea-1\" class=\"forminator-field-textarea forminator-col forminator-col-12 \"><div class=\"forminator-field\"><label for=\"forminator-field-textarea-1_69e012cbb2465\" id=\"forminator-field-textarea-1_69e012cbb2465-label\" class=\"forminator-label\">Notas adicionales<\/label><textarea name=\"textarea-1\" placeholder=\"\" id=\"forminator-field-textarea-1_69e012cbb2465\" class=\"forminator-textarea\" rows=\"6\" style=\"min-height:140px;\" maxlength=\"180\" ><\/textarea><span id=\"forminator-field-textarea-1_69e012cbb2465-description\" class=\"forminator-description\"><span data-limit=\"180\" data-type=\"characters\" data-editor=\"\">0 \/ 180<\/span><\/span><\/div><\/div><\/div><input type=\"hidden\" name=\"referer_url\" value=\"\" \/><div class=\"forminator-row forminator-row-last\"><div class=\"forminator-col\"><div class=\"forminator-field\"><button class=\"forminator-button forminator-button-submit\"><span>Solicitar cotizaci&oacute;n<\/span><span aria-hidden=\"true\"><\/span><\/button><\/div><\/div><\/div><input type=\"hidden\" id=\"forminator_nonce\" name=\"forminator_nonce\" value=\"40cd5d6c8d\" \/><input type=\"hidden\" name=\"_wp_http_referer\" value=\"\/es_es\/wp-json\/wp\/v2\/pages\/6423\" \/><input type=\"hidden\" name=\"form_id\" value=\"4921\"><input type=\"hidden\" name=\"page_id\" value=\"0\"><input type=\"hidden\" name=\"form_type\" value=\"default\"><input type=\"hidden\" name=\"current_url\" value=\"\"><input type=\"hidden\" name=\"render_id\" value=\"0\"><input type=\"hidden\" name=\"action\" value=\"forminator_submit_form_custom-forms\"><\/form><\/div>\t\t<\/div>\n\t\t\t\t<\/div>\n\t\t\t\t<\/div>\n\t\t<div class=\"elementor-element elementor-element-402c6db e-con-full e-flex e-con e-child\" data-id=\"402c6db\" data-element_type=\"container\">\n\t\t\t\t<div class=\"elementor-element elementor-element-c6d2c5d elementor-widget__width-initial elementor-widget elementor-widget-google_maps\" data-id=\"c6d2c5d\" data-element_type=\"widget\" data-widget_type=\"google_maps.default\">\n\t\t\t\t<div class=\"elementor-widget-container\">\n\t\t\t<style>\/*! elementor - v3.21.0 - 18-04-2024 *\/\n.elementor-widget-google_maps .elementor-widget-container{overflow:hidden}.elementor-widget-google_maps .elementor-custom-embed{line-height:0}.elementor-widget-google_maps iframe{height:300px}<\/style>\t\t<div class=\"elementor-custom-embed\">\n\t\t\t<iframe loading=\"lazy\"\n\t\t\t\t\tsrc=\"https:\/\/maps.google.com\/maps?q=electrosur%20POLIGONO%20INDUSTRIAL%20LA%20MENACHA%20AVENIDA%20DEL%20ESTRECHO%20NAVE%204%2C%2011204%20Algeciras%2C%20C%C3%A1diz&#038;t=m&#038;z=10&#038;output=embed&#038;iwloc=near\"\n\t\t\t\t\ttitle=\"electrosur POLIGONO INDUSTRIAL LA MENACHA AVENIDA DEL ESTRECHO NAVE 4, 11204 Algeciras, C\u00e1diz\"\n\t\t\t\t\taria-label=\"electrosur POLIGONO INDUSTRIAL LA MENACHA AVENIDA DEL ESTRECHO NAVE 4, 11204 Algeciras, C\u00e1diz\"\n\t\t\t><\/iframe>\n\t\t<\/div>\n\t\t\t\t<\/div>\n\t\t\t\t<\/div>\n\t\t<div class=\"elementor-element elementor-element-196a349 e-flex e-con-boxed e-con e-child\" data-id=\"196a349\" data-element_type=\"container\">\n\t\t\t\t\t<div class=\"e-con-inner\">\n\t\t\t\t<div class=\"elementor-element elementor-element-5022219 elementor-widget elementor-widget-heading\" data-id=\"5022219\" data-element_type=\"widget\" data-widget_type=\"heading.default\">\n\t\t\t\t<div class=\"elementor-widget-container\">\n\t\t\t<p class=\"elementor-heading-title elementor-size-default\">Correo electr\u00f3nico<\/p>\t\t<\/div>\n\t\t\t\t<\/div>\n\t\t\t\t<div class=\"elementor-element elementor-element-62e447c elementor-widget elementor-widget-heading\" data-id=\"62e447c\" data-element_type=\"widget\" data-widget_type=\"heading.default\">\n\t\t\t\t<div class=\"elementor-widget-container\">\n\t\t\t<p class=\"elementor-heading-title elementor-size-default\">direccion@electrosur.es<\/p>\t\t<\/div>\n\t\t\t\t<\/div>\n\t\t\t\t<div class=\"elementor-element elementor-element-f640f22 elementor-widget elementor-widget-heading\" data-id=\"f640f22\" data-element_type=\"widget\" data-widget_type=\"heading.default\">\n\t\t\t\t<div class=\"elementor-widget-container\">\n\t\t\t<p class=\"elementor-heading-title elementor-size-default\">montajes @electrosur.es<\/p>\t\t<\/div>\n\t\t\t\t<\/div>\n\t\t\t\t\t<\/div>\n\t\t\t\t<\/div>\n\t\t<div class=\"elementor-element elementor-element-bf0e55c e-flex e-con-boxed e-con e-child\" data-id=\"bf0e55c\" data-element_type=\"container\">\n\t\t\t\t\t<div class=\"e-con-inner\">\n\t\t\t\t<div class=\"elementor-element elementor-element-8d8c842 elementor-widget elementor-widget-heading\" data-id=\"8d8c842\" data-element_type=\"widget\" data-widget_type=\"heading.default\">\n\t\t\t\t<div class=\"elementor-widget-container\">\n\t\t\t<p class=\"elementor-heading-title elementor-size-default\">Tel\u00e9fonos<\/p>\t\t<\/div>\n\t\t\t\t<\/div>\n\t\t\t\t<div class=\"elementor-element elementor-element-11625b1 elementor-widget elementor-widget-heading\" data-id=\"11625b1\" data-element_type=\"widget\" data-widget_type=\"heading.default\">\n\t\t\t\t<div class=\"elementor-widget-container\">\n\t\t\t<p class=\"elementor-heading-title elementor-size-default\">+34 956 097 972<\/p>\t\t<\/div>\n\t\t\t\t<\/div>\n\t\t\t\t<div class=\"elementor-element elementor-element-4c600bb elementor-widget elementor-widget-heading\" data-id=\"4c600bb\" data-element_type=\"widget\" data-widget_type=\"heading.default\">\n\t\t\t\t<div class=\"elementor-widget-container\">\n\t\t\t<p class=\"elementor-heading-title elementor-size-default\">+34 609 511 234<\/p>\t\t<\/div>\n\t\t\t\t<\/div>\n\t\t\t\t\t<\/div>\n\t\t\t\t<\/div>\n\t\t\t\t<\/div>\n\t\t\t\t<\/div>\n\t\t\t\t\t<\/div>\n\t\t\t\t<\/div>\n\t\t\t\t<\/div>\n\t\t","protected":false},"excerpt":{"rendered":"<p>Cont\u00e1ctanos Correo electr\u00f3nico direccion@electrosur.es montajes @electrosur.es Tel\u00e9fonos +34 956 097 972 +34 609 511 234<\/p>\n","protected":false},"author":3,"featured_media":5498,"parent":0,"menu_order":0,"comment_status":"closed","ping_status":"closed","template":"elementor_header_footer","meta":{"_acf_changed":false,"footnotes":""},"acf":[],"aioseo_notices":[],"_links":{"self":[{"href":"https:\/\/www.electrosur.es\/es_es\/wp-json\/wp\/v2\/pages\/6423"}],"collection":[{"href":"https:\/\/www.electrosur.es\/es_es\/wp-json\/wp\/v2\/pages"}],"about":[{"href":"https:\/\/www.electrosur.es\/es_es\/wp-json\/wp\/v2\/types\/page"}],"author":[{"embeddable":true,"href":"https:\/\/www.electrosur.es\/es_es\/wp-json\/wp\/v2\/users\/3"}],"replies":[{"embeddable":true,"href":"https:\/\/www.electrosur.es\/es_es\/wp-json\/wp\/v2\/comments?post=6423"}],"version-history":[{"count":56,"href":"https:\/\/www.electrosur.es\/es_es\/wp-json\/wp\/v2\/pages\/6423\/revisions"}],"predecessor-version":[{"id":6520,"href":"https:\/\/www.electrosur.es\/es_es\/wp-json\/wp\/v2\/pages\/6423\/revisions\/6520"}],"wp:featuredmedia":[{"embeddable":true,"href":"https:\/\/www.electrosur.es\/es_es\/wp-json\/wp\/v2\/media\/5498"}],"wp:attachment":[{"href":"https:\/\/www.electrosur.es\/es_es\/wp-json\/wp\/v2\/media?parent=6423"}],"curies":[{"name":"wp","href":"https:\/\/api.w.org\/{rel}","templated":true}]}}